{"id":6562,"date":"2021-10-29T22:12:16","date_gmt":"2021-10-29T22:12:16","guid":{"rendered":"https:\/\/dialexia.com\/voip-softswitch\/"},"modified":"2022-01-09T21:55:29","modified_gmt":"2022-01-09T21:55:29","slug":"voip-softswitch","status":"publish","type":"page","link":"https:\/\/dialexia.com\/fr\/voip-softswitch\/","title":{"rendered":"VoIP Softswitch"},"content":{"rendered":"\t\t<div data-elementor-type=\"wp-page\" data-elementor-id=\"6562\" class=\"elementor elementor-6562 elementor-5510\" data-elementor-post-type=\"page\">\n\t\t\t\t\t\t<section class=\"elementor-section elementor-top-section elementor-element elementor-element-cef995c ot-traditional elementor-section-boxed elementor-section-height-default elementor-section-height-default\" data-id=\"cef995c\" data-element_type=\"section\" data-e-type=\"section\" data-settings=\"{&quot;background_background&quot;:&quot;classic&quot;}\">\n\t\t\t\t\t\t<div class=\"elementor-container elementor-column-gap-default\">\n\t\t\t\t\t<div class=\"elementor-column elementor-col-100 elementor-top-column elementor-element elementor-element-8e8acd1 ot-flex-column-vertical\" data-id=\"8e8acd1\" data-element_type=\"column\" data-e-type=\"column\">\n\t\t\t<div class=\"elementor-widget-wrap elementor-element-populated\">\n\t\t\t\t\t\t<div class=\"elementor-element elementor-element-ce19951 elementor-widget elementor-widget-iheading\" data-id=\"ce19951\" data-element_type=\"widget\" data-e-type=\"widget\" data-widget_type=\"iheading.default\">\n\t\t\t\t<div class=\"elementor-widget-container\">\n\t\t\t\t\t\t\t<div class=\"ot-heading\">\n\t        <h2 class=\"main-heading\">Integrated Class 4\/5 VoIP Softswitch & Billing Server\n<\/h2>\t    <\/div>\n\t    \t\t\t\t<\/div>\n\t\t\t\t<\/div>\n\t\t\t\t<div class=\"elementor-element elementor-element-807aa98 elementor-widget elementor-widget-text-editor\" data-id=\"807aa98\" data-element_type=\"widget\" data-e-type=\"widget\" data-widget_type=\"text-editor.default\">\n\t\t\t\t<div class=\"elementor-widget-container\">\n\t\t\t\t\t\t\t\t\t<p>Dial Gate est un serveur innovant de commutation et de facturation VoIP bas\u00e9 sur le Web pour les r\u00e9seaux IP et PSTN. Une fois install\u00e9 sur un serveur, il fonctionne comme un softswitch VoIP en connectant les appels d&rsquo;une ligne t\u00e9l\u00e9phonique \u00e0 une autre au sein du m\u00eame r\u00e9seau ou de r\u00e9seaux diff\u00e9rents. En m\u00eame temps, il offre des fonctionnalit\u00e9s de gestion avanc\u00e9es, notamment la surveillance en temps r\u00e9el, la facturation pr\u00e9pay\u00e9e et postpay\u00e9e, la planification automatique des factures et les abonnements au plan d&rsquo;appel.<\/p>\n\t\t\t\t\t\t\t\t<\/div>\n\t\t\t\t<\/div>\n\t\t\t\t<div class=\"elementor-element elementor-element-91e911b elementor-widget elementor-widget-text-editor\" data-id=\"91e911b\" data-element_type=\"widget\" data-e-type=\"widget\" data-widget_type=\"text-editor.default\">\n\t\t\t\t<div class=\"elementor-widget-container\">\n\t\t\t\t\t\t\t\t\t<p>Interop\u00e9rable avec les principales passerelles, t\u00e9l\u00e9phones et \u00e9quipements de l&rsquo;industrie, Dial Gate s&rsquo;int\u00e8gre facilement aux r\u00e9seaux TDM et IP. Sa conception compl\u00e8te et sa technologie innovante lui permettent de prendre en charge les environnements NAT \/ Firewall, de basculement et de haute disponibilit\u00e9. Il offre un facteur d&rsquo;\u00e9volutivit\u00e9 \u00e9lev\u00e9 et une gamme d&rsquo;options en expansion qui placent les prestataires de services dans une position favorable pour g\u00e9n\u00e9rer un retour sur investissement rapide, notamment en raison de ses faibles co\u00fbts de d\u00e9marrage. Les fonctionnalit\u00e9s de la plate-forme incluent: <\/p>\n\t\t\t\t\t\t\t\t<\/div>\n\t\t\t\t<\/div>\n\t\t\t\t<div class=\"elementor-element elementor-element-e8777df elementor-absolute elementor-widget__width-initial elementor-widget elementor-widget-image\" data-id=\"e8777df\" data-element_type=\"widget\" data-e-type=\"widget\" data-settings=\"{&quot;_position&quot;:&quot;absolute&quot;}\" data-widget_type=\"image.default\">\n\t\t\t\t<div class=\"elementor-widget-container\">\n\t\t\t\t\t\t\t\t\t\t\t\t\t\t\t<img decoding=\"async\" width=\"305\" height=\"102\" src=\"https:\/\/dialexia.com\/wp-content\/uploads\/2021\/10\/03-2.png\" class=\"attachment-large size-large wp-image-6393\" alt=\"\" srcset=\"https:\/\/dialexia.com\/wp-content\/uploads\/2021\/10\/03-2.png 305w, https:\/\/dialexia.com\/wp-content\/uploads\/2021\/10\/03-2-300x100.png 300w\" sizes=\"(max-width: 305px) 100vw, 305px\" \/>\t\t\t\t\t\t\t\t\t\t\t\t\t\t\t<\/div>\n\t\t\t\t<\/div>\n\t\t\t\t<section class=\"elementor-section elementor-inner-section elementor-element elementor-element-4ec1d66 elementor-section-full_width ot-traditional elementor-section-height-default elementor-section-height-default\" data-id=\"4ec1d66\" data-element_type=\"section\" data-e-type=\"section\">\n\t\t\t\t\t\t<div class=\"elementor-container elementor-column-gap-wide\">\n\t\t\t\t\t<div class=\"elementor-column elementor-col-100 elementor-inner-column elementor-element elementor-element-e62cfc8 ot-flex-column-vertical\" data-id=\"e62cfc8\" data-element_type=\"column\" data-e-type=\"column\">\n\t\t\t<div class=\"elementor-widget-wrap elementor-element-populated\">\n\t\t\t\t\t\t<div class=\"elementor-element elementor-element-66a00b9 elementor-position-inline-start elementor-view-default elementor-mobile-position-block-start elementor-widget elementor-widget-icon-box\" data-id=\"66a00b9\" data-element_type=\"widget\" data-e-type=\"widget\" data-widget_type=\"icon-box.default\">\n\t\t\t\t<div class=\"elementor-widget-container\">\n\t\t\t\t\t\t\t<div class=\"elementor-icon-box-wrapper\">\n\n\t\t\t\t\t\t<div class=\"elementor-icon-box-icon\">\n\t\t\t\t<span  class=\"elementor-icon\">\n\t\t\t\t<i aria-hidden=\"true\" class=\"fas fa-phone-volume\"><\/i>\t\t\t\t<\/span>\n\t\t\t<\/div>\n\t\t\t\n\t\t\t\t\t\t<div class=\"elementor-icon-box-content\">\n\n\t\t\t\t\t\t\t\t\t<h3 class=\"elementor-icon-box-title\">\n\t\t\t\t\t\t<span  >\n\t\t\t\t\t\t\tGestion et routage des appels VoIP \t\t\t\t\t\t<\/span>\n\t\t\t\t\t<\/h3>\n\t\t\t\t\n\t\t\t\t\t\t\t\t\t<p class=\"elementor-icon-box-description\">\n\t\t\t\t\t\tLes fournisseurs de services peuvent exploiter le softswitch Dial-Gate pour fournir une large gamme de services VoIP comp\u00e9titifs comme le r\u00e9sidentiel, le mobile et de grossiste.\t\t\t\t\t<\/p>\n\t\t\t\t\n\t\t\t<\/div>\n\t\t\t\n\t\t<\/div>\n\t\t\t\t\t\t<\/div>\n\t\t\t\t<\/div>\n\t\t\t\t\t<\/div>\n\t\t<\/div>\n\t\t\t\t\t<\/div>\n\t\t<\/section>\n\t\t\t\t<section class=\"elementor-section elementor-inner-section elementor-element elementor-element-679617c elementor-section-full_width ot-traditional elementor-section-height-default elementor-section-height-default\" data-id=\"679617c\" data-element_type=\"section\" data-e-type=\"section\">\n\t\t\t\t\t\t<div class=\"elementor-container elementor-column-gap-wide\">\n\t\t\t\t\t<div class=\"elementor-column elementor-col-100 elementor-inner-column elementor-element elementor-element-c5597f8 ot-flex-column-vertical\" data-id=\"c5597f8\" data-element_type=\"column\" data-e-type=\"column\">\n\t\t\t<div class=\"elementor-widget-wrap elementor-element-populated\">\n\t\t\t\t\t\t<div class=\"elementor-element elementor-element-3c01113 elementor-position-inline-start elementor-view-default elementor-mobile-position-block-start elementor-widget elementor-widget-icon-box\" data-id=\"3c01113\" data-element_type=\"widget\" data-e-type=\"widget\" data-widget_type=\"icon-box.default\">\n\t\t\t\t<div class=\"elementor-widget-container\">\n\t\t\t\t\t\t\t<div class=\"elementor-icon-box-wrapper\">\n\n\t\t\t\t\t\t<div class=\"elementor-icon-box-icon\">\n\t\t\t\t<span  class=\"elementor-icon\">\n\t\t\t\t<i aria-hidden=\"true\" class=\"fas fa-dollar-sign\"><\/i>\t\t\t\t<\/span>\n\t\t\t<\/div>\n\t\t\t\n\t\t\t\t\t\t<div class=\"elementor-icon-box-content\">\n\n\t\t\t\t\t\t\t\t\t<h3 class=\"elementor-icon-box-title\">\n\t\t\t\t\t\t<span  >\n\t\t\t\t\t\t\tFacturation autonome \t\t\t\t\t\t<\/span>\n\t\t\t\t\t<\/h3>\n\t\t\t\t\n\t\t\t\t\t\t\t\t\t<p class=\"elementor-icon-box-description\">\n\t\t\t\t\t\tDial-Gate est livr\u00e9 avec une plate-forme de facturation int\u00e9gr\u00e9e qui permet aux fournisseurs de services de cr\u00e9er une gamme de bundles de services pour les clients. Le composant de facturation comprend la facturation automatis\u00e9e et plusieurs options de paiement, y compris pr\u00e9pay\u00e9es et postpay\u00e9es.\t\t\t\t\t<\/p>\n\t\t\t\t\n\t\t\t<\/div>\n\t\t\t\n\t\t<\/div>\n\t\t\t\t\t\t<\/div>\n\t\t\t\t<\/div>\n\t\t\t\t\t<\/div>\n\t\t<\/div>\n\t\t\t\t\t<\/div>\n\t\t<\/section>\n\t\t\t\t<section class=\"elementor-section elementor-inner-section elementor-element elementor-element-924cfed elementor-section-full_width ot-traditional elementor-section-height-default elementor-section-height-default\" data-id=\"924cfed\" data-element_type=\"section\" data-e-type=\"section\">\n\t\t\t\t\t\t<div class=\"elementor-container elementor-column-gap-wide\">\n\t\t\t\t\t<div class=\"elementor-column elementor-col-100 elementor-inner-column elementor-element elementor-element-7e6599a ot-flex-column-vertical\" data-id=\"7e6599a\" data-element_type=\"column\" data-e-type=\"column\">\n\t\t\t<div class=\"elementor-widget-wrap elementor-element-populated\">\n\t\t\t\t\t\t<div class=\"elementor-element elementor-element-a174309 elementor-position-inline-start elementor-view-default elementor-mobile-position-block-start elementor-widget elementor-widget-icon-box\" data-id=\"a174309\" data-element_type=\"widget\" data-e-type=\"widget\" data-widget_type=\"icon-box.default\">\n\t\t\t\t<div class=\"elementor-widget-container\">\n\t\t\t\t\t\t\t<div class=\"elementor-icon-box-wrapper\">\n\n\t\t\t\t\t\t<div class=\"elementor-icon-box-icon\">\n\t\t\t\t<span  class=\"elementor-icon\">\n\t\t\t\t<i aria-hidden=\"true\" class=\"fas fa-laptop\"><\/i>\t\t\t\t<\/span>\n\t\t\t<\/div>\n\t\t\t\n\t\t\t\t\t\t<div class=\"elementor-icon-box-content\">\n\n\t\t\t\t\t\t\t\t\t<h3 class=\"elementor-icon-box-title\">\n\t\t\t\t\t\t<span  >\n\t\t\t\t\t\t\tRevendeur et gestion d'agent \t\t\t\t\t\t<\/span>\n\t\t\t\t\t<\/h3>\n\t\t\t\t\n\t\t\t\t\t\t\t\t\t<p class=\"elementor-icon-box-description\">\n\t\t\t\t\t\tDial-Gate VoIP Softswitch est con\u00e7u pour am\u00e9liorer la capacit\u00e9 des fournisseurs de services \u00e0 g\u00e9rer leurs r\u00e9seaux de revendeurs et d'agents. Les partenaires d\u00e9sign\u00e9s peuvent acc\u00e9der \u00e0 leurs comptes via l'interface Web conviviale de Dial-Gate.\t\t\t\t\t<\/p>\n\t\t\t\t\n\t\t\t<\/div>\n\t\t\t\n\t\t<\/div>\n\t\t\t\t\t\t<\/div>\n\t\t\t\t<\/div>\n\t\t\t\t\t<\/div>\n\t\t<\/div>\n\t\t\t\t\t<\/div>\n\t\t<\/section>\n\t\t\t\t<section class=\"elementor-section elementor-inner-section elementor-element elementor-element-862426b elementor-section-full_width ot-traditional elementor-section-height-default elementor-section-height-default\" data-id=\"862426b\" data-element_type=\"section\" data-e-type=\"section\">\n\t\t\t\t\t\t<div class=\"elementor-container elementor-column-gap-wide\">\n\t\t\t\t\t<div class=\"elementor-column elementor-col-100 elementor-inner-column elementor-element elementor-element-506628e ot-flex-column-vertical\" data-id=\"506628e\" data-element_type=\"column\" data-e-type=\"column\">\n\t\t\t<div class=\"elementor-widget-wrap elementor-element-populated\">\n\t\t\t\t\t\t<div class=\"elementor-element elementor-element-7a22b75 elementor-position-inline-start elementor-view-default elementor-mobile-position-block-start elementor-widget elementor-widget-icon-box\" data-id=\"7a22b75\" data-element_type=\"widget\" data-e-type=\"widget\" data-widget_type=\"icon-box.default\">\n\t\t\t\t<div class=\"elementor-widget-container\">\n\t\t\t\t\t\t\t<div class=\"elementor-icon-box-wrapper\">\n\n\t\t\t\t\t\t<div class=\"elementor-icon-box-icon\">\n\t\t\t\t<a href=\"#\" class=\"elementor-icon\" tabindex=\"-1\" aria-label=\"Supervision avanc\u00e9e \">\n\t\t\t\t<i aria-hidden=\"true\" class=\"far fa-clipboard\"><\/i>\t\t\t\t<\/a>\n\t\t\t<\/div>\n\t\t\t\n\t\t\t\t\t\t<div class=\"elementor-icon-box-content\">\n\n\t\t\t\t\t\t\t\t\t<h3 class=\"elementor-icon-box-title\">\n\t\t\t\t\t\t<a href=\"#\" >\n\t\t\t\t\t\t\tSupervision avanc\u00e9e \t\t\t\t\t\t<\/a>\n\t\t\t\t\t<\/h3>\n\t\t\t\t\n\t\t\t\t\t\t\t\t\t<p class=\"elementor-icon-box-description\">\n\t\t\t\t\t\tDial-Gate VoIP softswitch offre aux fournisseurs de services de riches fonctionnalit\u00e9s de surveillance et de reporting con\u00e7ues pour r\u00e9duire leur fardeau de gestion et am\u00e9liorer la supervision. La plate-forme comprend des enregistrements de donn\u00e9es d'appel et la journalisation de compte exportables.\t\t\t\t\t<\/p>\n\t\t\t\t\n\t\t\t<\/div>\n\t\t\t\n\t\t<\/div>\n\t\t\t\t\t\t<\/div>\n\t\t\t\t<\/div>\n\t\t\t\t\t<\/div>\n\t\t<\/div>\n\t\t\t\t\t<\/div>\n\t\t<\/section>\n\t\t\t\t\t<\/div>\n\t\t<\/div>\n\t\t\t\t\t<\/div>\n\t\t<\/section>\n\t\t\t\t<section class=\"elementor-section elementor-top-section elementor-element elementor-element-fe262f7 ot-traditional elementor-section-boxed elementor-section-height-default elementor-section-height-default\" data-id=\"fe262f7\" data-element_type=\"section\" data-e-type=\"section\" data-settings=\"{&quot;background_background&quot;:&quot;classic&quot;}\">\n\t\t\t\t\t\t<div class=\"elementor-container elementor-column-gap-default\">\n\t\t\t\t\t<div class=\"elementor-column elementor-col-100 elementor-top-column elementor-element elementor-element-76cfa18 ot-flex-column-vertical\" data-id=\"76cfa18\" data-element_type=\"column\" data-e-type=\"column\">\n\t\t\t<div class=\"elementor-widget-wrap elementor-element-populated\">\n\t\t\t\t\t\t<div class=\"elementor-element elementor-element-00c5891 elementor-widget elementor-widget-text-editor\" data-id=\"00c5891\" data-element_type=\"widget\" data-e-type=\"widget\" data-widget_type=\"text-editor.default\">\n\t\t\t\t<div class=\"elementor-widget-container\">\n\t\t\t\t\t\t\t\t\t<p>Pour plus d&rsquo;informations sur le serveur de commutation et de facturation VoIP Dial-Gate, consultez le menu de la barre lat\u00e9rale ou consultez notre section FAQ Softswitch. Pour discuter plus en d\u00e9tail de la solution Dial-Gate ou pour r\u00e9server une d\u00e9monstration de produit gratuite, contactez aujourd&rsquo;hui un sp\u00e9cialiste des produits Dialexia. <\/p>\n\t\t\t\t\t\t\t\t<\/div>\n\t\t\t\t<\/div>\n\t\t\t\t\t<\/div>\n\t\t<\/div>\n\t\t\t\t\t<\/div>\n\t\t<\/section>\n\t\t\t\t<\/div>\n\t\t","protected":false},"excerpt":{"rendered":"<p>Integrated Class 4\/5 VoIP Softswitch &amp; Billing Server Dial Gate is an innovative web-based VoIP softswitch and billing server for the IP and PSTN networks. Once installed on a server, it functions as a VoIP softswitch by connecting calls from one phone line to another within the same or different networks. At the same time, [&hellip;]<\/p>\n","protected":false},"author":2,"featured_media":0,"parent":0,"menu_order":0,"comment_status":"closed","ping_status":"closed","template":"","meta":{"footnotes":""},"class_list":["post-6562","page","type-page","status-publish","hentry"],"yoast_head":"<!-- This site is optimized with the Yoast SEO plugin v22.5 - https:\/\/yoast.com\/wordpress\/plugins\/seo\/ -->\n<title>VoIP Softswitch - Dialexia<\/title>\n<meta name=\"robots\" content=\"index, follow, max-snippet:-1, max-image-preview:large, max-video-preview:-1\" \/>\n<link rel=\"canonical\" href=\"https:\/\/dialexia.com\/fr\/voip-softswitch\/\" \/>\n<meta property=\"og:locale\" content=\"fr_FR\" \/>\n<meta property=\"og:type\" content=\"article\" \/>\n<meta property=\"og:title\" content=\"VoIP Softswitch - Dialexia\" \/>\n<meta property=\"og:description\" content=\"Integrated Class 4\/5 VoIP Softswitch &amp; Billing Server Dial Gate is an innovative web-based VoIP softswitch and billing server for the IP and PSTN networks. Once installed on a server, it functions as a VoIP softswitch by connecting calls from one phone line to another within the same or different networks. At the same time, [&hellip;]\" \/>\n<meta property=\"og:url\" content=\"https:\/\/dialexia.com\/fr\/voip-softswitch\/\" \/>\n<meta property=\"og:site_name\" content=\"Dialexia\" \/>\n<meta property=\"article:publisher\" content=\"https:\/\/www.facebook.com\/Dialexia.Communications\/\" \/>\n<meta property=\"article:modified_time\" content=\"2022-01-09T21:55:29+00:00\" \/>\n<meta property=\"og:image\" content=\"https:\/\/dialexia.com\/wp-content\/uploads\/2021\/10\/03-2.png\" \/>\n<meta name=\"twitter:card\" content=\"summary_large_image\" \/>\n<meta name=\"twitter:site\" content=\"@dialexia\" \/>\n<meta name=\"twitter:label1\" content=\"Dur\u00e9e de lecture estim\u00e9e\" \/>\n\t<meta name=\"twitter:data1\" content=\"2 minutes\" \/>\n<script type=\"application\/ld+json\" class=\"yoast-schema-graph\">{\"@context\":\"https:\/\/schema.org\",\"@graph\":[{\"@type\":\"WebPage\",\"@id\":\"https:\/\/dialexia.com\/fr\/voip-softswitch\/\",\"url\":\"https:\/\/dialexia.com\/fr\/voip-softswitch\/\",\"name\":\"VoIP Softswitch - Dialexia\",\"isPartOf\":{\"@id\":\"https:\/\/dialexia.com\/#website\"},\"primaryImageOfPage\":{\"@id\":\"https:\/\/dialexia.com\/fr\/voip-softswitch\/#primaryimage\"},\"image\":{\"@id\":\"https:\/\/dialexia.com\/fr\/voip-softswitch\/#primaryimage\"},\"thumbnailUrl\":\"https:\/\/dialexia.com\/wp-content\/uploads\/2021\/10\/03-2.png\",\"datePublished\":\"2021-10-29T22:12:16+00:00\",\"dateModified\":\"2022-01-09T21:55:29+00:00\",\"breadcrumb\":{\"@id\":\"https:\/\/dialexia.com\/fr\/voip-softswitch\/#breadcrumb\"},\"inLanguage\":\"fr-FR\",\"potentialAction\":[{\"@type\":\"ReadAction\",\"target\":[\"https:\/\/dialexia.com\/fr\/voip-softswitch\/\"]}]},{\"@type\":\"ImageObject\",\"inLanguage\":\"fr-FR\",\"@id\":\"https:\/\/dialexia.com\/fr\/voip-softswitch\/#primaryimage\",\"url\":\"https:\/\/dialexia.com\/wp-content\/uploads\/2021\/10\/03-2.png\",\"contentUrl\":\"https:\/\/dialexia.com\/wp-content\/uploads\/2021\/10\/03-2.png\"},{\"@type\":\"BreadcrumbList\",\"@id\":\"https:\/\/dialexia.com\/fr\/voip-softswitch\/#breadcrumb\",\"itemListElement\":[{\"@type\":\"ListItem\",\"position\":1,\"name\":\"Home\",\"item\":\"https:\/\/dialexia.com\/fr\/\"},{\"@type\":\"ListItem\",\"position\":2,\"name\":\"VoIP Softswitch\"}]},{\"@type\":\"WebSite\",\"@id\":\"https:\/\/dialexia.com\/#website\",\"url\":\"https:\/\/dialexia.com\/\",\"name\":\"Dialexia - Breaking Communications Barrier\",\"description\":\"PBX solutions that break communications barriers\",\"publisher\":{\"@id\":\"https:\/\/dialexia.com\/#organization\"},\"potentialAction\":[{\"@type\":\"SearchAction\",\"target\":{\"@type\":\"EntryPoint\",\"urlTemplate\":\"https:\/\/dialexia.com\/?s={search_term_string}\"},\"query-input\":\"required name=search_term_string\"}],\"inLanguage\":\"fr-FR\"},{\"@type\":\"Organization\",\"@id\":\"https:\/\/dialexia.com\/#organization\",\"name\":\"Dialexia - Breaking Communications Barrier\",\"url\":\"https:\/\/dialexia.com\/\",\"logo\":{\"@type\":\"ImageObject\",\"inLanguage\":\"fr-FR\",\"@id\":\"https:\/\/dialexia.com\/#\/schema\/logo\/image\/\",\"url\":\"https:\/\/dialexia.com\/wp-content\/uploads\/2020\/09\/Dialexia_Logo.png\",\"contentUrl\":\"https:\/\/dialexia.com\/wp-content\/uploads\/2020\/09\/Dialexia_Logo.png\",\"width\":1408,\"height\":331,\"caption\":\"Dialexia - Breaking Communications Barrier\"},\"image\":{\"@id\":\"https:\/\/dialexia.com\/#\/schema\/logo\/image\/\"},\"sameAs\":[\"https:\/\/www.facebook.com\/Dialexia.Communications\/\",\"https:\/\/x.com\/dialexia\",\"https:\/\/www.linkedin.com\/company\/dialexia-communications\/\"]}]}<\/script>\n<!-- \/ Yoast SEO plugin. -->","yoast_head_json":{"title":"VoIP Softswitch - Dialexia","robots":{"index":"index","follow":"follow","max-snippet":"max-snippet:-1","max-image-preview":"max-image-preview:large","max-video-preview":"max-video-preview:-1"},"canonical":"https:\/\/dialexia.com\/fr\/voip-softswitch\/","og_locale":"fr_FR","og_type":"article","og_title":"VoIP Softswitch - Dialexia","og_description":"Integrated Class 4\/5 VoIP Softswitch &amp; Billing Server Dial Gate is an innovative web-based VoIP softswitch and billing server for the IP and PSTN networks. Once installed on a server, it functions as a VoIP softswitch by connecting calls from one phone line to another within the same or different networks. At the same time, [&hellip;]","og_url":"https:\/\/dialexia.com\/fr\/voip-softswitch\/","og_site_name":"Dialexia","article_publisher":"https:\/\/www.facebook.com\/Dialexia.Communications\/","article_modified_time":"2022-01-09T21:55:29+00:00","og_image":[{"url":"https:\/\/dialexia.com\/wp-content\/uploads\/2021\/10\/03-2.png"}],"twitter_card":"summary_large_image","twitter_site":"@dialexia","twitter_misc":{"Dur\u00e9e de lecture estim\u00e9e":"2 minutes"},"schema":{"@context":"https:\/\/schema.org","@graph":[{"@type":"WebPage","@id":"https:\/\/dialexia.com\/fr\/voip-softswitch\/","url":"https:\/\/dialexia.com\/fr\/voip-softswitch\/","name":"VoIP Softswitch - Dialexia","isPartOf":{"@id":"https:\/\/dialexia.com\/#website"},"primaryImageOfPage":{"@id":"https:\/\/dialexia.com\/fr\/voip-softswitch\/#primaryimage"},"image":{"@id":"https:\/\/dialexia.com\/fr\/voip-softswitch\/#primaryimage"},"thumbnailUrl":"https:\/\/dialexia.com\/wp-content\/uploads\/2021\/10\/03-2.png","datePublished":"2021-10-29T22:12:16+00:00","dateModified":"2022-01-09T21:55:29+00:00","breadcrumb":{"@id":"https:\/\/dialexia.com\/fr\/voip-softswitch\/#breadcrumb"},"inLanguage":"fr-FR","potentialAction":[{"@type":"ReadAction","target":["https:\/\/dialexia.com\/fr\/voip-softswitch\/"]}]},{"@type":"ImageObject","inLanguage":"fr-FR","@id":"https:\/\/dialexia.com\/fr\/voip-softswitch\/#primaryimage","url":"https:\/\/dialexia.com\/wp-content\/uploads\/2021\/10\/03-2.png","contentUrl":"https:\/\/dialexia.com\/wp-content\/uploads\/2021\/10\/03-2.png"},{"@type":"BreadcrumbList","@id":"https:\/\/dialexia.com\/fr\/voip-softswitch\/#breadcrumb","itemListElement":[{"@type":"ListItem","position":1,"name":"Home","item":"https:\/\/dialexia.com\/fr\/"},{"@type":"ListItem","position":2,"name":"VoIP Softswitch"}]},{"@type":"WebSite","@id":"https:\/\/dialexia.com\/#website","url":"https:\/\/dialexia.com\/","name":"Dialexia - Breaking Communications Barrier","description":"PBX solutions that break communications barriers","publisher":{"@id":"https:\/\/dialexia.com\/#organization"},"potentialAction":[{"@type":"SearchAction","target":{"@type":"EntryPoint","urlTemplate":"https:\/\/dialexia.com\/?s={search_term_string}"},"query-input":"required name=search_term_string"}],"inLanguage":"fr-FR"},{"@type":"Organization","@id":"https:\/\/dialexia.com\/#organization","name":"Dialexia - Breaking Communications Barrier","url":"https:\/\/dialexia.com\/","logo":{"@type":"ImageObject","inLanguage":"fr-FR","@id":"https:\/\/dialexia.com\/#\/schema\/logo\/image\/","url":"https:\/\/dialexia.com\/wp-content\/uploads\/2020\/09\/Dialexia_Logo.png","contentUrl":"https:\/\/dialexia.com\/wp-content\/uploads\/2020\/09\/Dialexia_Logo.png","width":1408,"height":331,"caption":"Dialexia - Breaking Communications Barrier"},"image":{"@id":"https:\/\/dialexia.com\/#\/schema\/logo\/image\/"},"sameAs":["https:\/\/www.facebook.com\/Dialexia.Communications\/","https:\/\/x.com\/dialexia","https:\/\/www.linkedin.com\/company\/dialexia-communications\/"]}]}},"_links":{"self":[{"href":"https:\/\/dialexia.com\/fr\/wp-json\/wp\/v2\/pages\/6562","targetHints":{"allow":["GET"]}}],"collection":[{"href":"https:\/\/dialexia.com\/fr\/wp-json\/wp\/v2\/pages"}],"about":[{"href":"https:\/\/dialexia.com\/fr\/wp-json\/wp\/v2\/types\/page"}],"author":[{"embeddable":true,"href":"https:\/\/dialexia.com\/fr\/wp-json\/wp\/v2\/users\/2"}],"replies":[{"embeddable":true,"href":"https:\/\/dialexia.com\/fr\/wp-json\/wp\/v2\/comments?post=6562"}],"version-history":[{"count":5,"href":"https:\/\/dialexia.com\/fr\/wp-json\/wp\/v2\/pages\/6562\/revisions"}],"predecessor-version":[{"id":6689,"href":"https:\/\/dialexia.com\/fr\/wp-json\/wp\/v2\/pages\/6562\/revisions\/6689"}],"wp:attachment":[{"href":"https:\/\/dialexia.com\/fr\/wp-json\/wp\/v2\/media?parent=6562"}],"curies":[{"name":"wp","href":"https:\/\/api.w.org\/{rel}","templated":true}]}}