{"id":6563,"date":"2021-10-29T22:01:35","date_gmt":"2021-10-29T22:01:35","guid":{"rendered":"https:\/\/dialexia.com\/voip-appliance\/"},"modified":"2022-01-02T03:26:52","modified_gmt":"2022-01-02T03:26:52","slug":"voip-appliance","status":"publish","type":"page","link":"https:\/\/dialexia.com\/fr\/voip-appliance\/","title":{"rendered":"Appareil VoIP"},"content":{"rendered":"\t\t<div data-elementor-type=\"wp-page\" data-elementor-id=\"6563\" class=\"elementor elementor-6563 elementor-5505\" data-elementor-post-type=\"page\">\n\t\t\t\t\t\t<section class=\"elementor-section elementor-top-section elementor-element elementor-element-af8e7cc ot-traditional elementor-section-boxed elementor-section-height-default elementor-section-height-default\" data-id=\"af8e7cc\" data-element_type=\"section\" data-e-type=\"section\" data-settings=\"{&quot;background_background&quot;:&quot;classic&quot;}\">\n\t\t\t\t\t\t<div class=\"elementor-container elementor-column-gap-default\">\n\t\t\t\t\t<div class=\"elementor-column elementor-col-100 elementor-top-column elementor-element elementor-element-4ff537c ot-flex-column-vertical\" data-id=\"4ff537c\" data-element_type=\"column\" data-e-type=\"column\">\n\t\t\t<div class=\"elementor-widget-wrap elementor-element-populated\">\n\t\t\t\t\t\t<div class=\"elementor-element elementor-element-4adb235 elementor-widget elementor-widget-iheading\" data-id=\"4adb235\" data-element_type=\"widget\" data-e-type=\"widget\" data-widget_type=\"iheading.default\">\n\t\t\t\t<div class=\"elementor-widget-container\">\n\t\t\t\t\t\t\t<div class=\"ot-heading\">\n\t        <h2 class=\"main-heading\">All-in-one VoIP appliance for SMEs\n<\/h2>\t    <\/div>\n\t    \t\t\t\t<\/div>\n\t\t\t\t<\/div>\n\t\t\t\t<div class=\"elementor-element elementor-element-12775a2 elementor-widget elementor-widget-text-editor\" data-id=\"12775a2\" data-element_type=\"widget\" data-e-type=\"widget\" data-widget_type=\"text-editor.default\">\n\t\t\t\t<div class=\"elementor-widget-container\">\n\t\t\t\t\t\t\t\t\t<p>L&rsquo;appliance VoIP s\u00e9rie X de Dialexia est une solution IP-PBX autonome con\u00e7ue pour une int\u00e9gration facile dans les syst\u00e8mes de t\u00e9l\u00e9phonie d&rsquo;entreprise de petite et moyenne taille. D\u00e9velopp\u00e9e en collaboration avec les fournisseurs de passerelle Patton Electronics et Media5 Corporation, cette solution tout-en-un offre une commodit\u00e9 plug-and-play \u00e0 pratiquement tous les r\u00e9seaux d&rsquo;entreprise &#8211; offrant des communications de pointe en peu de temps et \u00e0 un prix remarquable.<\/p>\n\t\t\t\t\t\t\t\t<\/div>\n\t\t\t\t<\/div>\n\t\t\t\t<div class=\"elementor-element elementor-element-66a3a07 elementor-widget elementor-widget-text-editor\" data-id=\"66a3a07\" data-element_type=\"widget\" data-e-type=\"widget\" data-widget_type=\"text-editor.default\">\n\t\t\t\t<div class=\"elementor-widget-container\">\n\t\t\t\t\t\t\t\t\t<p>L&rsquo;appliance VoIP de la s\u00e9rie X de Dialexia \u00e9limine le temps et les co\u00fbts g\u00e9n\u00e9ralement associ\u00e9s au d\u00e9ploiement d&rsquo;un syst\u00e8me t\u00e9l\u00e9phonique VoIP de classe entreprise, permettant aux entreprises de profiter des avantages de la t\u00e9l\u00e9phonie IP sans avoir \u00e0 supprimer leurs lignes PSTN de confiance ou leur \u00e9quipement t\u00e9l\u00e9phonique analogique. Les appareils VoIP de la s\u00e9rie X sont pr\u00e9install\u00e9s avec un syst\u00e8me d&rsquo;exploitation Windows et un IP-PBX Dial-Office, un logiciel VoIP prim\u00e9 qui comprend une large gamme de fonctionnalit\u00e9s professionnelles PBX d&rsquo;entreprise pour les appels et la gestion afin d&rsquo;augmenter la productivit\u00e9 de l&rsquo;entreprise, de r\u00e9duire les d\u00e9penses d&rsquo;exploitation et am\u00e9liorer l&rsquo;exp\u00e9rience du service client.<\/p>\n\t\t\t\t\t\t\t\t<\/div>\n\t\t\t\t<\/div>\n\t\t\t\t<div class=\"elementor-element elementor-element-feac051 elementor-absolute elementor-widget__width-initial elementor-widget elementor-widget-image\" data-id=\"feac051\" data-element_type=\"widget\" data-e-type=\"widget\" data-settings=\"{&quot;_position&quot;:&quot;absolute&quot;}\" data-widget_type=\"image.default\">\n\t\t\t\t<div class=\"elementor-widget-container\">\n\t\t\t\t\t\t\t\t\t\t\t\t\t\t\t<img decoding=\"async\" width=\"305\" height=\"102\" src=\"https:\/\/dialexia.com\/wp-content\/uploads\/2021\/10\/03-2.png\" class=\"attachment-large size-large wp-image-6393\" alt=\"\" srcset=\"https:\/\/dialexia.com\/wp-content\/uploads\/2021\/10\/03-2.png 305w, https:\/\/dialexia.com\/wp-content\/uploads\/2021\/10\/03-2-300x100.png 300w\" sizes=\"(max-width: 305px) 100vw, 305px\" \/>\t\t\t\t\t\t\t\t\t\t\t\t\t\t\t<\/div>\n\t\t\t\t<\/div>\n\t\t\t\t<section class=\"elementor-section elementor-inner-section elementor-element elementor-element-47460db elementor-section-full_width ot-traditional elementor-section-height-default elementor-section-height-default\" data-id=\"47460db\" data-element_type=\"section\" data-e-type=\"section\">\n\t\t\t\t\t\t<div class=\"elementor-container elementor-column-gap-wide\">\n\t\t\t\t\t<div class=\"elementor-column elementor-col-100 elementor-inner-column elementor-element elementor-element-7ba8678 ot-flex-column-vertical\" data-id=\"7ba8678\" data-element_type=\"column\" data-e-type=\"column\">\n\t\t\t<div class=\"elementor-widget-wrap elementor-element-populated\">\n\t\t\t\t\t\t<div class=\"elementor-element elementor-element-87a9fb7 elementor-position-inline-start elementor-view-default elementor-mobile-position-block-start elementor-widget elementor-widget-icon-box\" data-id=\"87a9fb7\" data-element_type=\"widget\" data-e-type=\"widget\" data-widget_type=\"icon-box.default\">\n\t\t\t\t<div class=\"elementor-widget-container\">\n\t\t\t\t\t\t\t<div class=\"elementor-icon-box-wrapper\">\n\n\t\t\t\t\t\t<div class=\"elementor-icon-box-icon\">\n\t\t\t\t<span  class=\"elementor-icon\">\n\t\t\t\t<i aria-hidden=\"true\" class=\"fas fa-phone-volume\"><\/i>\t\t\t\t<\/span>\n\t\t\t<\/div>\n\t\t\t\n\t\t\t\t\t\t<div class=\"elementor-icon-box-content\">\n\n\t\t\t\t\t\t\t\t\t<h3 class=\"elementor-icon-box-title\">\n\t\t\t\t\t\t<span  >\n\t\t\t\t\t\t\tCommunications VoIP \t\t\t\t\t\t<\/span>\n\t\t\t\t\t<\/h3>\n\t\t\t\t\n\t\t\t\t\t\t\t\t\t<p class=\"elementor-icon-box-description\">\n\t\t\t\t\t\tLe secteur des t\u00e9l\u00e9communications migre rapidement des anciennes lignes RTPC vers la VoIP \u00c9tant 100% conformes SIP, les appareils de la s\u00e9rie X sont con\u00e7us pour fournir des communications VoIP sans faille, tout en prenant en charge l'utilisation de lignes traditionnelles\t\t\t\t\t<\/p>\n\t\t\t\t\n\t\t\t<\/div>\n\t\t\t\n\t\t<\/div>\n\t\t\t\t\t\t<\/div>\n\t\t\t\t<\/div>\n\t\t\t\t\t<\/div>\n\t\t<\/div>\n\t\t\t\t\t<\/div>\n\t\t<\/section>\n\t\t\t\t<section class=\"elementor-section elementor-inner-section elementor-element elementor-element-3746559 elementor-section-full_width ot-traditional elementor-section-height-default elementor-section-height-default\" data-id=\"3746559\" data-element_type=\"section\" data-e-type=\"section\">\n\t\t\t\t\t\t<div class=\"elementor-container elementor-column-gap-wide\">\n\t\t\t\t\t<div class=\"elementor-column elementor-col-100 elementor-inner-column elementor-element elementor-element-d1aca2c ot-flex-column-vertical\" data-id=\"d1aca2c\" data-element_type=\"column\" data-e-type=\"column\">\n\t\t\t<div class=\"elementor-widget-wrap elementor-element-populated\">\n\t\t\t\t\t\t<div class=\"elementor-element elementor-element-ead7b61 elementor-position-inline-start elementor-view-default elementor-mobile-position-block-start elementor-widget elementor-widget-icon-box\" data-id=\"ead7b61\" data-element_type=\"widget\" data-e-type=\"widget\" data-widget_type=\"icon-box.default\">\n\t\t\t\t<div class=\"elementor-widget-container\">\n\t\t\t\t\t\t\t<div class=\"elementor-icon-box-wrapper\">\n\n\t\t\t\t\t\t<div class=\"elementor-icon-box-icon\">\n\t\t\t\t<span  class=\"elementor-icon\">\n\t\t\t\t<i aria-hidden=\"true\" class=\"fab fa-telegram-plane\"><\/i>\t\t\t\t<\/span>\n\t\t\t<\/div>\n\t\t\t\n\t\t\t\t\t\t<div class=\"elementor-icon-box-content\">\n\n\t\t\t\t\t\t\t\t\t<h3 class=\"elementor-icon-box-title\">\n\t\t\t\t\t\t<span  >\n\t\t\t\t\t\t\tCommunications unifi\u00e9es \t\t\t\t\t\t<\/span>\n\t\t\t\t\t<\/h3>\n\t\t\t\t\n\t\t\t\t\t\t\t\t\t<p class=\"elementor-icon-box-description\">\n\t\t\t\t\t\tLes appareils de la s\u00e9rie X sont des solutions de communication unifi\u00e9es compl\u00e8tes qui permettent aux entreprises de profiter de toutes les derni\u00e8res fonctionnalit\u00e9s UC, y compris la pr\u00e9sence, la conf\u00e9rence de messagerie et la mobilit\u00e9 \u00e0 un prix forfaitaire et abordable. \t\t\t\t\t<\/p>\n\t\t\t\t\n\t\t\t<\/div>\n\t\t\t\n\t\t<\/div>\n\t\t\t\t\t\t<\/div>\n\t\t\t\t<\/div>\n\t\t\t\t\t<\/div>\n\t\t<\/div>\n\t\t\t\t\t<\/div>\n\t\t<\/section>\n\t\t\t\t<section class=\"elementor-section elementor-inner-section elementor-element elementor-element-6750ceb elementor-section-full_width ot-traditional elementor-section-height-default elementor-section-height-default\" data-id=\"6750ceb\" data-element_type=\"section\" data-e-type=\"section\">\n\t\t\t\t\t\t<div class=\"elementor-container elementor-column-gap-wide\">\n\t\t\t\t\t<div class=\"elementor-column elementor-col-100 elementor-inner-column elementor-element elementor-element-e38dccd ot-flex-column-vertical\" data-id=\"e38dccd\" data-element_type=\"column\" data-e-type=\"column\">\n\t\t\t<div class=\"elementor-widget-wrap elementor-element-populated\">\n\t\t\t\t\t\t<div class=\"elementor-element elementor-element-b1c8006 elementor-position-inline-start elementor-view-default elementor-mobile-position-block-start elementor-widget elementor-widget-icon-box\" data-id=\"b1c8006\" data-element_type=\"widget\" data-e-type=\"widget\" data-widget_type=\"icon-box.default\">\n\t\t\t\t<div class=\"elementor-widget-container\">\n\t\t\t\t\t\t\t<div class=\"elementor-icon-box-wrapper\">\n\n\t\t\t\t\t\t<div class=\"elementor-icon-box-icon\">\n\t\t\t\t<span  class=\"elementor-icon\">\n\t\t\t\t<i aria-hidden=\"true\" class=\"fas fa-laptop\"><\/i>\t\t\t\t<\/span>\n\t\t\t<\/div>\n\t\t\t\n\t\t\t\t\t\t<div class=\"elementor-icon-box-content\">\n\n\t\t\t\t\t\t\t\t\t<h3 class=\"elementor-icon-box-title\">\n\t\t\t\t\t\t<span  >\n\t\t\t\t\t\t\tLogiciel int\u00e9gr\u00e9 \t\t\t\t\t\t<\/span>\n\t\t\t\t\t<\/h3>\n\t\t\t\t\n\t\t\t\t\t\t\t\t\t<p class=\"elementor-icon-box-description\">\n\t\t\t\t\t\tNos appareils de la s\u00e9rie X comprennent le logiciel prim\u00e9 IP-PBX Dial-Office et une s\u00e9rie d'applications commerciales interactives con\u00e7ues pour augmenter la productivit\u00e9, r\u00e9duire les co\u00fbts de communication et am\u00e9liorer le service client.\t\t\t\t\t<\/p>\n\t\t\t\t\n\t\t\t<\/div>\n\t\t\t\n\t\t<\/div>\n\t\t\t\t\t\t<\/div>\n\t\t\t\t<\/div>\n\t\t\t\t\t<\/div>\n\t\t<\/div>\n\t\t\t\t\t<\/div>\n\t\t<\/section>\n\t\t\t\t<section class=\"elementor-section elementor-inner-section elementor-element elementor-element-e063f96 elementor-section-full_width ot-traditional elementor-section-height-default elementor-section-height-default\" data-id=\"e063f96\" data-element_type=\"section\" data-e-type=\"section\">\n\t\t\t\t\t\t<div class=\"elementor-container elementor-column-gap-wide\">\n\t\t\t\t\t<div class=\"elementor-column elementor-col-100 elementor-inner-column elementor-element elementor-element-069e8aa ot-flex-column-vertical\" data-id=\"069e8aa\" data-element_type=\"column\" data-e-type=\"column\">\n\t\t\t<div class=\"elementor-widget-wrap elementor-element-populated\">\n\t\t\t\t\t\t<div class=\"elementor-element elementor-element-7e323b3 elementor-position-inline-start elementor-view-default elementor-mobile-position-block-start elementor-widget elementor-widget-icon-box\" data-id=\"7e323b3\" data-element_type=\"widget\" data-e-type=\"widget\" data-widget_type=\"icon-box.default\">\n\t\t\t\t<div class=\"elementor-widget-container\">\n\t\t\t\t\t\t\t<div class=\"elementor-icon-box-wrapper\">\n\n\t\t\t\t\t\t<div class=\"elementor-icon-box-icon\">\n\t\t\t\t<a href=\"#\" class=\"elementor-icon\" tabindex=\"-1\" aria-label=\"Statistiques et rapports \">\n\t\t\t\t<i aria-hidden=\"true\" class=\"far fa-clipboard\"><\/i>\t\t\t\t<\/a>\n\t\t\t<\/div>\n\t\t\t\n\t\t\t\t\t\t<div class=\"elementor-icon-box-content\">\n\n\t\t\t\t\t\t\t\t\t<h3 class=\"elementor-icon-box-title\">\n\t\t\t\t\t\t<a href=\"#\" >\n\t\t\t\t\t\t\tStatistiques et rapports \t\t\t\t\t\t<\/a>\n\t\t\t\t\t<\/h3>\n\t\t\t\t\n\t\t\t\t\t\t\t\t\t<p class=\"elementor-icon-box-description\">\n\t\t\t\t\t\tLes appareils de la s\u00e9rie X rassemblent des informations commerciales pour les propri\u00e9taires afin d'aider le processus de gestion. Les enregistrements de donn\u00e9es d'appel et les journaux de compte peuvent \u00eatre export\u00e9s aux formats .csv et .txt.\t\t\t\t\t<\/p>\n\t\t\t\t\n\t\t\t<\/div>\n\t\t\t\n\t\t<\/div>\n\t\t\t\t\t\t<\/div>\n\t\t\t\t<\/div>\n\t\t\t\t\t<\/div>\n\t\t<\/div>\n\t\t\t\t\t<\/div>\n\t\t<\/section>\n\t\t\t\t\t<\/div>\n\t\t<\/div>\n\t\t\t\t\t<\/div>\n\t\t<\/section>\n\t\t\t\t<section class=\"elementor-section elementor-top-section elementor-element elementor-element-3f827cd ot-traditional elementor-section-boxed elementor-section-height-default elementor-section-height-default\" data-id=\"3f827cd\" data-element_type=\"section\" data-e-type=\"section\" data-settings=\"{&quot;background_background&quot;:&quot;classic&quot;}\">\n\t\t\t\t\t\t<div class=\"elementor-container elementor-column-gap-default\">\n\t\t\t\t\t<div class=\"elementor-column elementor-col-100 elementor-top-column elementor-element elementor-element-da1c5fc ot-flex-column-vertical\" data-id=\"da1c5fc\" data-element_type=\"column\" data-e-type=\"column\">\n\t\t\t<div class=\"elementor-widget-wrap elementor-element-populated\">\n\t\t\t\t\t\t<div class=\"elementor-element elementor-element-7aa72d3 elementor-widget elementor-widget-text-editor\" data-id=\"7aa72d3\" data-element_type=\"widget\" data-e-type=\"widget\" data-widget_type=\"text-editor.default\">\n\t\t\t\t<div class=\"elementor-widget-container\">\n\t\t\t\t\t\t\t\t\t<p>Pour plus d&rsquo;informations sur les appareils de la s\u00e9rie X de Dialexia, d\u00e9velopp\u00e9s en collaboration avec Media5 Corporation et Patton Electronics, consultez le menu de la barre lat\u00e9rale.<\/p>\n\t\t\t\t\t\t\t\t<\/div>\n\t\t\t\t<\/div>\n\t\t\t\t\t<\/div>\n\t\t<\/div>\n\t\t\t\t\t<\/div>\n\t\t<\/section>\n\t\t\t\t<\/div>\n\t\t","protected":false},"excerpt":{"rendered":"<p>All-in-one VoIP appliance for SMEs L&rsquo;appliance VoIP s\u00e9rie X de Dialexia est une solution IP-PBX autonome con\u00e7ue pour une int\u00e9gration facile dans les syst\u00e8mes de t\u00e9l\u00e9phonie d&rsquo;entreprise de petite et moyenne taille. D\u00e9velopp\u00e9e en collaboration avec les fournisseurs de passerelle Patton Electronics et Media5 Corporation, cette solution tout-en-un offre une commodit\u00e9 plug-and-play \u00e0 pratiquement tous [&hellip;]<\/p>\n","protected":false},"author":2,"featured_media":0,"parent":0,"menu_order":0,"comment_status":"closed","ping_status":"closed","template":"","meta":{"footnotes":""},"class_list":["post-6563","page","type-page","status-publish","hentry"],"yoast_head":"<!-- This site is optimized with the Yoast SEO plugin v22.5 - https:\/\/yoast.com\/wordpress\/plugins\/seo\/ -->\n<title>Appareil VoIP - Dialexia<\/title>\n<meta name=\"robots\" content=\"index, follow, max-snippet:-1, max-image-preview:large, max-video-preview:-1\" \/>\n<link rel=\"canonical\" href=\"https:\/\/dialexia.com\/fr\/voip-appliance\/\" \/>\n<meta property=\"og:locale\" content=\"fr_FR\" \/>\n<meta property=\"og:type\" content=\"article\" \/>\n<meta property=\"og:title\" content=\"Appareil VoIP - Dialexia\" \/>\n<meta property=\"og:description\" content=\"All-in-one VoIP appliance for SMEs L&rsquo;appliance VoIP s\u00e9rie X de Dialexia est une solution IP-PBX autonome con\u00e7ue pour une int\u00e9gration facile dans les syst\u00e8mes de t\u00e9l\u00e9phonie d&rsquo;entreprise de petite et moyenne taille. D\u00e9velopp\u00e9e en collaboration avec les fournisseurs de passerelle Patton Electronics et Media5 Corporation, cette solution tout-en-un offre une commodit\u00e9 plug-and-play \u00e0 pratiquement tous [&hellip;]\" \/>\n<meta property=\"og:url\" content=\"https:\/\/dialexia.com\/fr\/voip-appliance\/\" \/>\n<meta property=\"og:site_name\" content=\"Dialexia\" \/>\n<meta property=\"article:publisher\" content=\"https:\/\/www.facebook.com\/Dialexia.Communications\/\" \/>\n<meta property=\"article:modified_time\" content=\"2022-01-02T03:26:52+00:00\" \/>\n<meta property=\"og:image\" content=\"https:\/\/dialexia.com\/wp-content\/uploads\/2021\/10\/03-2.png\" \/>\n<meta name=\"twitter:card\" content=\"summary_large_image\" \/>\n<meta name=\"twitter:site\" content=\"@dialexia\" \/>\n<meta name=\"twitter:label1\" content=\"Dur\u00e9e de lecture estim\u00e9e\" \/>\n\t<meta name=\"twitter:data1\" content=\"2 minutes\" \/>\n<script type=\"application\/ld+json\" class=\"yoast-schema-graph\">{\"@context\":\"https:\/\/schema.org\",\"@graph\":[{\"@type\":\"WebPage\",\"@id\":\"https:\/\/dialexia.com\/fr\/voip-appliance\/\",\"url\":\"https:\/\/dialexia.com\/fr\/voip-appliance\/\",\"name\":\"Appareil VoIP - Dialexia\",\"isPartOf\":{\"@id\":\"https:\/\/dialexia.com\/#website\"},\"primaryImageOfPage\":{\"@id\":\"https:\/\/dialexia.com\/fr\/voip-appliance\/#primaryimage\"},\"image\":{\"@id\":\"https:\/\/dialexia.com\/fr\/voip-appliance\/#primaryimage\"},\"thumbnailUrl\":\"https:\/\/dialexia.com\/wp-content\/uploads\/2021\/10\/03-2.png\",\"datePublished\":\"2021-10-29T22:01:35+00:00\",\"dateModified\":\"2022-01-02T03:26:52+00:00\",\"breadcrumb\":{\"@id\":\"https:\/\/dialexia.com\/fr\/voip-appliance\/#breadcrumb\"},\"inLanguage\":\"fr-FR\",\"potentialAction\":[{\"@type\":\"ReadAction\",\"target\":[\"https:\/\/dialexia.com\/fr\/voip-appliance\/\"]}]},{\"@type\":\"ImageObject\",\"inLanguage\":\"fr-FR\",\"@id\":\"https:\/\/dialexia.com\/fr\/voip-appliance\/#primaryimage\",\"url\":\"https:\/\/dialexia.com\/wp-content\/uploads\/2021\/10\/03-2.png\",\"contentUrl\":\"https:\/\/dialexia.com\/wp-content\/uploads\/2021\/10\/03-2.png\"},{\"@type\":\"BreadcrumbList\",\"@id\":\"https:\/\/dialexia.com\/fr\/voip-appliance\/#breadcrumb\",\"itemListElement\":[{\"@type\":\"ListItem\",\"position\":1,\"name\":\"Home\",\"item\":\"https:\/\/dialexia.com\/fr\/\"},{\"@type\":\"ListItem\",\"position\":2,\"name\":\"Appareil VoIP\"}]},{\"@type\":\"WebSite\",\"@id\":\"https:\/\/dialexia.com\/#website\",\"url\":\"https:\/\/dialexia.com\/\",\"name\":\"Dialexia - Breaking Communications Barrier\",\"description\":\"PBX solutions that break communications barriers\",\"publisher\":{\"@id\":\"https:\/\/dialexia.com\/#organization\"},\"potentialAction\":[{\"@type\":\"SearchAction\",\"target\":{\"@type\":\"EntryPoint\",\"urlTemplate\":\"https:\/\/dialexia.com\/?s={search_term_string}\"},\"query-input\":\"required name=search_term_string\"}],\"inLanguage\":\"fr-FR\"},{\"@type\":\"Organization\",\"@id\":\"https:\/\/dialexia.com\/#organization\",\"name\":\"Dialexia - Breaking Communications Barrier\",\"url\":\"https:\/\/dialexia.com\/\",\"logo\":{\"@type\":\"ImageObject\",\"inLanguage\":\"fr-FR\",\"@id\":\"https:\/\/dialexia.com\/#\/schema\/logo\/image\/\",\"url\":\"https:\/\/dialexia.com\/wp-content\/uploads\/2020\/09\/Dialexia_Logo.png\",\"contentUrl\":\"https:\/\/dialexia.com\/wp-content\/uploads\/2020\/09\/Dialexia_Logo.png\",\"width\":1408,\"height\":331,\"caption\":\"Dialexia - Breaking Communications Barrier\"},\"image\":{\"@id\":\"https:\/\/dialexia.com\/#\/schema\/logo\/image\/\"},\"sameAs\":[\"https:\/\/www.facebook.com\/Dialexia.Communications\/\",\"https:\/\/x.com\/dialexia\",\"https:\/\/www.linkedin.com\/company\/dialexia-communications\/\"]}]}<\/script>\n<!-- \/ Yoast SEO plugin. -->","yoast_head_json":{"title":"Appareil VoIP - Dialexia","robots":{"index":"index","follow":"follow","max-snippet":"max-snippet:-1","max-image-preview":"max-image-preview:large","max-video-preview":"max-video-preview:-1"},"canonical":"https:\/\/dialexia.com\/fr\/voip-appliance\/","og_locale":"fr_FR","og_type":"article","og_title":"Appareil VoIP - Dialexia","og_description":"All-in-one VoIP appliance for SMEs L&rsquo;appliance VoIP s\u00e9rie X de Dialexia est une solution IP-PBX autonome con\u00e7ue pour une int\u00e9gration facile dans les syst\u00e8mes de t\u00e9l\u00e9phonie d&rsquo;entreprise de petite et moyenne taille. D\u00e9velopp\u00e9e en collaboration avec les fournisseurs de passerelle Patton Electronics et Media5 Corporation, cette solution tout-en-un offre une commodit\u00e9 plug-and-play \u00e0 pratiquement tous [&hellip;]","og_url":"https:\/\/dialexia.com\/fr\/voip-appliance\/","og_site_name":"Dialexia","article_publisher":"https:\/\/www.facebook.com\/Dialexia.Communications\/","article_modified_time":"2022-01-02T03:26:52+00:00","og_image":[{"url":"https:\/\/dialexia.com\/wp-content\/uploads\/2021\/10\/03-2.png"}],"twitter_card":"summary_large_image","twitter_site":"@dialexia","twitter_misc":{"Dur\u00e9e de lecture estim\u00e9e":"2 minutes"},"schema":{"@context":"https:\/\/schema.org","@graph":[{"@type":"WebPage","@id":"https:\/\/dialexia.com\/fr\/voip-appliance\/","url":"https:\/\/dialexia.com\/fr\/voip-appliance\/","name":"Appareil VoIP - Dialexia","isPartOf":{"@id":"https:\/\/dialexia.com\/#website"},"primaryImageOfPage":{"@id":"https:\/\/dialexia.com\/fr\/voip-appliance\/#primaryimage"},"image":{"@id":"https:\/\/dialexia.com\/fr\/voip-appliance\/#primaryimage"},"thumbnailUrl":"https:\/\/dialexia.com\/wp-content\/uploads\/2021\/10\/03-2.png","datePublished":"2021-10-29T22:01:35+00:00","dateModified":"2022-01-02T03:26:52+00:00","breadcrumb":{"@id":"https:\/\/dialexia.com\/fr\/voip-appliance\/#breadcrumb"},"inLanguage":"fr-FR","potentialAction":[{"@type":"ReadAction","target":["https:\/\/dialexia.com\/fr\/voip-appliance\/"]}]},{"@type":"ImageObject","inLanguage":"fr-FR","@id":"https:\/\/dialexia.com\/fr\/voip-appliance\/#primaryimage","url":"https:\/\/dialexia.com\/wp-content\/uploads\/2021\/10\/03-2.png","contentUrl":"https:\/\/dialexia.com\/wp-content\/uploads\/2021\/10\/03-2.png"},{"@type":"BreadcrumbList","@id":"https:\/\/dialexia.com\/fr\/voip-appliance\/#breadcrumb","itemListElement":[{"@type":"ListItem","position":1,"name":"Home","item":"https:\/\/dialexia.com\/fr\/"},{"@type":"ListItem","position":2,"name":"Appareil VoIP"}]},{"@type":"WebSite","@id":"https:\/\/dialexia.com\/#website","url":"https:\/\/dialexia.com\/","name":"Dialexia - Breaking Communications Barrier","description":"PBX solutions that break communications barriers","publisher":{"@id":"https:\/\/dialexia.com\/#organization"},"potentialAction":[{"@type":"SearchAction","target":{"@type":"EntryPoint","urlTemplate":"https:\/\/dialexia.com\/?s={search_term_string}"},"query-input":"required name=search_term_string"}],"inLanguage":"fr-FR"},{"@type":"Organization","@id":"https:\/\/dialexia.com\/#organization","name":"Dialexia - Breaking Communications Barrier","url":"https:\/\/dialexia.com\/","logo":{"@type":"ImageObject","inLanguage":"fr-FR","@id":"https:\/\/dialexia.com\/#\/schema\/logo\/image\/","url":"https:\/\/dialexia.com\/wp-content\/uploads\/2020\/09\/Dialexia_Logo.png","contentUrl":"https:\/\/dialexia.com\/wp-content\/uploads\/2020\/09\/Dialexia_Logo.png","width":1408,"height":331,"caption":"Dialexia - Breaking Communications Barrier"},"image":{"@id":"https:\/\/dialexia.com\/#\/schema\/logo\/image\/"},"sameAs":["https:\/\/www.facebook.com\/Dialexia.Communications\/","https:\/\/x.com\/dialexia","https:\/\/www.linkedin.com\/company\/dialexia-communications\/"]}]}},"_links":{"self":[{"href":"https:\/\/dialexia.com\/fr\/wp-json\/wp\/v2\/pages\/6563","targetHints":{"allow":["GET"]}}],"collection":[{"href":"https:\/\/dialexia.com\/fr\/wp-json\/wp\/v2\/pages"}],"about":[{"href":"https:\/\/dialexia.com\/fr\/wp-json\/wp\/v2\/types\/page"}],"author":[{"embeddable":true,"href":"https:\/\/dialexia.com\/fr\/wp-json\/wp\/v2\/users\/2"}],"replies":[{"embeddable":true,"href":"https:\/\/dialexia.com\/fr\/wp-json\/wp\/v2\/comments?post=6563"}],"version-history":[{"count":3,"href":"https:\/\/dialexia.com\/fr\/wp-json\/wp\/v2\/pages\/6563\/revisions"}],"predecessor-version":[{"id":6650,"href":"https:\/\/dialexia.com\/fr\/wp-json\/wp\/v2\/pages\/6563\/revisions\/6650"}],"wp:attachment":[{"href":"https:\/\/dialexia.com\/fr\/wp-json\/wp\/v2\/media?parent=6563"}],"curies":[{"name":"wp","href":"https:\/\/api.w.org\/{rel}","templated":true}]}}