{"id":6565,"date":"2021-10-29T21:51:32","date_gmt":"2021-10-29T21:51:32","guid":{"rendered":"https:\/\/dialexia.com\/ip-pbx-software\/"},"modified":"2022-01-09T21:54:44","modified_gmt":"2022-01-09T21:54:44","slug":"ip-pbx-software","status":"publish","type":"page","link":"https:\/\/dialexia.com\/fr\/ip-pbx-software\/","title":{"rendered":"Logiciel IP PBX"},"content":{"rendered":"\t\t<div data-elementor-type=\"wp-page\" data-elementor-id=\"6565\" class=\"elementor elementor-6565 elementor-5497\" data-elementor-post-type=\"page\">\n\t\t\t\t\t\t<section class=\"elementor-section elementor-top-section elementor-element elementor-element-549ec80 ot-traditional elementor-section-boxed elementor-section-height-default elementor-section-height-default\" data-id=\"549ec80\" data-element_type=\"section\" data-e-type=\"section\" data-settings=\"{&quot;background_background&quot;:&quot;classic&quot;}\">\n\t\t\t\t\t\t<div class=\"elementor-container elementor-column-gap-default\">\n\t\t\t\t\t<div class=\"elementor-column elementor-col-100 elementor-top-column elementor-element elementor-element-9be39da ot-flex-column-vertical\" data-id=\"9be39da\" data-element_type=\"column\" data-e-type=\"column\">\n\t\t\t<div class=\"elementor-widget-wrap elementor-element-populated\">\n\t\t\t\t\t\t<div class=\"elementor-element elementor-element-2d41d1c elementor-widget elementor-widget-iheading\" data-id=\"2d41d1c\" data-element_type=\"widget\" data-e-type=\"widget\" data-widget_type=\"iheading.default\">\n\t\t\t\t<div class=\"elementor-widget-container\">\n\t\t\t\t\t\t\t<div class=\"ot-heading\">\n\t        <h2 class=\"main-heading\">Intuitive SIP-based IP PBX Software for SMBs\n<\/h2>\t    <\/div>\n\t    \t\t\t\t<\/div>\n\t\t\t\t<\/div>\n\t\t\t\t<div class=\"elementor-element elementor-element-5dff53d elementor-widget elementor-widget-text-editor\" data-id=\"5dff53d\" data-element_type=\"widget\" data-e-type=\"widget\" data-widget_type=\"text-editor.default\">\n\t\t\t\t<div class=\"elementor-widget-container\">\n\t\t\t\t\t\t\t\t\t<p>Dial-Office est un logiciel IP PBX flexible et riche en fonctionnalit\u00e9s con\u00e7u pour les PME et les start-ups qui souhaitent tirer pleinement parti des avantages commerciaux de la technologie VoIP. Bas\u00e9e sur la plate-forme standard SIP, cette solution logicielle IP PBX est livr\u00e9e avec un certain nombre de fonctions de t\u00e9l\u00e9phone avanc\u00e9es qui n&rsquo;\u00e9taient auparavant disponibles qu&rsquo;avec des syst\u00e8mes t\u00e9l\u00e9phoniques d&rsquo;entreprise co\u00fbteux \u00e0 commutation de circuits.<\/p>\n\t\t\t\t\t\t\t\t<\/div>\n\t\t\t\t<\/div>\n\t\t\t\t<div class=\"elementor-element elementor-element-b47ae18 elementor-widget elementor-widget-text-editor\" data-id=\"b47ae18\" data-element_type=\"widget\" data-e-type=\"widget\" data-widget_type=\"text-editor.default\">\n\t\t\t\t<div class=\"elementor-widget-container\">\n\t\t\t\t\t\t\t\t\t<p>Le logiciel IP PBX de Dial-Office fournit des communications unifi\u00e9es fiables et \u00e0 faible co\u00fbt aux petites et moyennes entreprises \u00e0 l&rsquo;aide d&rsquo;un r\u00e9seau local \u00e9tabli. Cette solution VoIP prim\u00e9e offre aux utilisateurs finaux une qualit\u00e9 vocale cristalline et une s\u00e9rie de fonctionnalit\u00e9s de gestion d&rsquo;entreprise con\u00e7ues pour augmenter la productivit\u00e9, r\u00e9duire les co\u00fbts de communication et am\u00e9liorer le service client. Les fonctionnalit\u00e9s de la plate-forme sont les suivantes: <\/p>\n\t\t\t\t\t\t\t\t<\/div>\n\t\t\t\t<\/div>\n\t\t\t\t<div class=\"elementor-element elementor-element-29ef698 elementor-absolute elementor-widget__width-initial elementor-widget elementor-widget-image\" data-id=\"29ef698\" data-element_type=\"widget\" data-e-type=\"widget\" data-settings=\"{&quot;_position&quot;:&quot;absolute&quot;}\" data-widget_type=\"image.default\">\n\t\t\t\t<div class=\"elementor-widget-container\">\n\t\t\t\t\t\t\t\t\t\t\t\t\t\t\t<img decoding=\"async\" width=\"305\" height=\"102\" src=\"https:\/\/dialexia.com\/wp-content\/uploads\/2021\/10\/03-2.png\" class=\"attachment-large size-large wp-image-6393\" alt=\"\" srcset=\"https:\/\/dialexia.com\/wp-content\/uploads\/2021\/10\/03-2.png 305w, https:\/\/dialexia.com\/wp-content\/uploads\/2021\/10\/03-2-300x100.png 300w\" sizes=\"(max-width: 305px) 100vw, 305px\" \/>\t\t\t\t\t\t\t\t\t\t\t\t\t\t\t<\/div>\n\t\t\t\t<\/div>\n\t\t\t\t<section class=\"elementor-section elementor-inner-section elementor-element elementor-element-28692d6 elementor-section-full_width ot-traditional elementor-section-height-default elementor-section-height-default\" data-id=\"28692d6\" data-element_type=\"section\" data-e-type=\"section\">\n\t\t\t\t\t\t<div class=\"elementor-container elementor-column-gap-wide\">\n\t\t\t\t\t<div class=\"elementor-column elementor-col-100 elementor-inner-column elementor-element elementor-element-cdbaed9 ot-flex-column-vertical\" data-id=\"cdbaed9\" data-element_type=\"column\" data-e-type=\"column\">\n\t\t\t<div class=\"elementor-widget-wrap elementor-element-populated\">\n\t\t\t\t\t\t<div class=\"elementor-element elementor-element-020267c elementor-position-inline-start elementor-view-default elementor-mobile-position-block-start elementor-widget elementor-widget-icon-box\" data-id=\"020267c\" data-element_type=\"widget\" data-e-type=\"widget\" data-widget_type=\"icon-box.default\">\n\t\t\t\t<div class=\"elementor-widget-container\">\n\t\t\t\t\t\t\t<div class=\"elementor-icon-box-wrapper\">\n\n\t\t\t\t\t\t<div class=\"elementor-icon-box-icon\">\n\t\t\t\t<span  class=\"elementor-icon\">\n\t\t\t\t<i aria-hidden=\"true\" class=\"fas fa-phone-volume\"><\/i>\t\t\t\t<\/span>\n\t\t\t<\/div>\n\t\t\t\n\t\t\t\t\t\t<div class=\"elementor-icon-box-content\">\n\n\t\t\t\t\t\t\t\t\t<h3 class=\"elementor-icon-box-title\">\n\t\t\t\t\t\t<span  >\n\t\t\t\t\t\t\tCommunications VoIP \t\t\t\t\t\t<\/span>\n\t\t\t\t\t<\/h3>\n\t\t\t\t\n\t\t\t\t\t\t\t\t\t<p class=\"elementor-icon-box-description\">\n\t\t\t\t\t\tLe secteur des t\u00e9l\u00e9communications migre rapidement des anciennes lignes PSTN vers la voix sur IP \u00c9tant 100% conforme SIP, Dial-Office est con\u00e7u pour fournir des communications VoIP fluides, tout en prenant en charge l'utilisation de lignes traditionnelles.\t\t\t\t\t<\/p>\n\t\t\t\t\n\t\t\t<\/div>\n\t\t\t\n\t\t<\/div>\n\t\t\t\t\t\t<\/div>\n\t\t\t\t<\/div>\n\t\t\t\t\t<\/div>\n\t\t<\/div>\n\t\t\t\t\t<\/div>\n\t\t<\/section>\n\t\t\t\t<section class=\"elementor-section elementor-inner-section elementor-element elementor-element-3d3cbfe elementor-section-full_width ot-traditional elementor-section-height-default elementor-section-height-default\" data-id=\"3d3cbfe\" data-element_type=\"section\" data-e-type=\"section\">\n\t\t\t\t\t\t<div class=\"elementor-container elementor-column-gap-wide\">\n\t\t\t\t\t<div class=\"elementor-column elementor-col-100 elementor-inner-column elementor-element elementor-element-888a796 ot-flex-column-vertical\" data-id=\"888a796\" data-element_type=\"column\" data-e-type=\"column\">\n\t\t\t<div class=\"elementor-widget-wrap elementor-element-populated\">\n\t\t\t\t\t\t<div class=\"elementor-element elementor-element-268c232 elementor-position-inline-start elementor-view-default elementor-mobile-position-block-start elementor-widget elementor-widget-icon-box\" data-id=\"268c232\" data-element_type=\"widget\" data-e-type=\"widget\" data-widget_type=\"icon-box.default\">\n\t\t\t\t<div class=\"elementor-widget-container\">\n\t\t\t\t\t\t\t<div class=\"elementor-icon-box-wrapper\">\n\n\t\t\t\t\t\t<div class=\"elementor-icon-box-icon\">\n\t\t\t\t<span  class=\"elementor-icon\">\n\t\t\t\t<i aria-hidden=\"true\" class=\"fas fa-mobile-alt\"><\/i>\t\t\t\t<\/span>\n\t\t\t<\/div>\n\t\t\t\n\t\t\t\t\t\t<div class=\"elementor-icon-box-content\">\n\n\t\t\t\t\t\t\t\t\t<h3 class=\"elementor-icon-box-title\">\n\t\t\t\t\t\t<span  >\n\t\t\t\t\t\t\tMobilit\u00e9 et messagerie \t\t\t\t\t\t<\/span>\n\t\t\t\t\t<\/h3>\n\t\t\t\t\n\t\t\t\t\t\t\t\t\t<p class=\"elementor-icon-box-description\">\n\t\t\t\t\t\tLa plate-forme Dial-Office prend enti\u00e8rement en charge les travailleurs distants avec des fonctionnalit\u00e9s de mobilit\u00e9 telles que Find Me\/Follow Me, des extensions IP distantes et une convergence fixe\/mobile. Il fournit \u00e9galement des capacit\u00e9s avanc\u00e9es de messagerie vocale, y compris la possibilit\u00e9 de transmettre des messages vocaux aux e-mails des utilisateurs en tant que pi\u00e8ces jointes.\t\t\t\t\t<\/p>\n\t\t\t\t\n\t\t\t<\/div>\n\t\t\t\n\t\t<\/div>\n\t\t\t\t\t\t<\/div>\n\t\t\t\t<\/div>\n\t\t\t\t\t<\/div>\n\t\t<\/div>\n\t\t\t\t\t<\/div>\n\t\t<\/section>\n\t\t\t\t<section class=\"elementor-section elementor-inner-section elementor-element elementor-element-8ac3984 elementor-section-full_width ot-traditional elementor-section-height-default elementor-section-height-default\" data-id=\"8ac3984\" data-element_type=\"section\" data-e-type=\"section\">\n\t\t\t\t\t\t<div class=\"elementor-container elementor-column-gap-wide\">\n\t\t\t\t\t<div class=\"elementor-column elementor-col-100 elementor-inner-column elementor-element elementor-element-e52eee9 ot-flex-column-vertical\" data-id=\"e52eee9\" data-element_type=\"column\" data-e-type=\"column\">\n\t\t\t<div class=\"elementor-widget-wrap elementor-element-populated\">\n\t\t\t\t\t\t<div class=\"elementor-element elementor-element-e1f78f1 elementor-position-inline-start elementor-view-default elementor-mobile-position-block-start elementor-widget elementor-widget-icon-box\" data-id=\"e1f78f1\" data-element_type=\"widget\" data-e-type=\"widget\" data-widget_type=\"icon-box.default\">\n\t\t\t\t<div class=\"elementor-widget-container\">\n\t\t\t\t\t\t\t<div class=\"elementor-icon-box-wrapper\">\n\n\t\t\t\t\t\t<div class=\"elementor-icon-box-icon\">\n\t\t\t\t<span  class=\"elementor-icon\">\n\t\t\t\t<i aria-hidden=\"true\" class=\"fas fa-laptop\"><\/i>\t\t\t\t<\/span>\n\t\t\t<\/div>\n\t\t\t\n\t\t\t\t\t\t<div class=\"elementor-icon-box-content\">\n\n\t\t\t\t\t\t\t\t\t<h3 class=\"elementor-icon-box-title\">\n\t\t\t\t\t\t<span  >\n\t\t\t\t\t\t\tAppel de conf\u00e9rence \t\t\t\t\t\t<\/span>\n\t\t\t\t\t<\/h3>\n\t\t\t\t\n\t\t\t\t\t\t\t\t\t<p class=\"elementor-icon-box-description\">\n\t\t\t\t\t\tLes solides capacit\u00e9s de t\u00e9l\u00e9conf\u00e9rence sont un \u00e9l\u00e9ment de plus en plus critique de l'environnement commercial actuel. Notre solution IP PBX comprend une prise en charge native des appels \u00e0 trois ainsi que des conf\u00e9rences multipartites.\t\t\t\t\t<\/p>\n\t\t\t\t\n\t\t\t<\/div>\n\t\t\t\n\t\t<\/div>\n\t\t\t\t\t\t<\/div>\n\t\t\t\t<\/div>\n\t\t\t\t\t<\/div>\n\t\t<\/div>\n\t\t\t\t\t<\/div>\n\t\t<\/section>\n\t\t\t\t<section class=\"elementor-section elementor-inner-section elementor-element elementor-element-a703a94 elementor-section-full_width ot-traditional elementor-section-height-default elementor-section-height-default\" data-id=\"a703a94\" data-element_type=\"section\" data-e-type=\"section\">\n\t\t\t\t\t\t<div class=\"elementor-container elementor-column-gap-wide\">\n\t\t\t\t\t<div class=\"elementor-column elementor-col-100 elementor-inner-column elementor-element elementor-element-146e76a ot-flex-column-vertical\" data-id=\"146e76a\" data-element_type=\"column\" data-e-type=\"column\">\n\t\t\t<div class=\"elementor-widget-wrap elementor-element-populated\">\n\t\t\t\t\t\t<div class=\"elementor-element elementor-element-42d6a5e elementor-position-inline-start elementor-view-default elementor-mobile-position-block-start elementor-widget elementor-widget-icon-box\" data-id=\"42d6a5e\" data-element_type=\"widget\" data-e-type=\"widget\" data-widget_type=\"icon-box.default\">\n\t\t\t\t<div class=\"elementor-widget-container\">\n\t\t\t\t\t\t\t<div class=\"elementor-icon-box-wrapper\">\n\n\t\t\t\t\t\t<div class=\"elementor-icon-box-icon\">\n\t\t\t\t<a href=\"#\" class=\"elementor-icon\" tabindex=\"-1\" aria-label=\"Statistiques et rapports \">\n\t\t\t\t<i aria-hidden=\"true\" class=\"far fa-clipboard\"><\/i>\t\t\t\t<\/a>\n\t\t\t<\/div>\n\t\t\t\n\t\t\t\t\t\t<div class=\"elementor-icon-box-content\">\n\n\t\t\t\t\t\t\t\t\t<h3 class=\"elementor-icon-box-title\">\n\t\t\t\t\t\t<a href=\"#\" >\n\t\t\t\t\t\t\tStatistiques et rapports \t\t\t\t\t\t<\/a>\n\t\t\t\t\t<\/h3>\n\t\t\t\t\n\t\t\t\t\t\t\t\t\t<p class=\"elementor-icon-box-description\">\n\t\t\t\t\t\tDial-Office recueille des informations commerciales pour les propri\u00e9taires afin d'aider le processus de gestion. La plate-forme comprend des enregistrements de donn\u00e9es d'appel exportables et des journaux de compte.\t\t\t\t\t<\/p>\n\t\t\t\t\n\t\t\t<\/div>\n\t\t\t\n\t\t<\/div>\n\t\t\t\t\t\t<\/div>\n\t\t\t\t<\/div>\n\t\t\t\t\t<\/div>\n\t\t<\/div>\n\t\t\t\t\t<\/div>\n\t\t<\/section>\n\t\t\t\t\t<\/div>\n\t\t<\/div>\n\t\t\t\t\t<\/div>\n\t\t<\/section>\n\t\t\t\t<section class=\"elementor-section elementor-top-section elementor-element elementor-element-4b4f32b ot-traditional elementor-section-boxed elementor-section-height-default elementor-section-height-default\" data-id=\"4b4f32b\" data-element_type=\"section\" data-e-type=\"section\" data-settings=\"{&quot;background_background&quot;:&quot;classic&quot;}\">\n\t\t\t\t\t\t<div class=\"elementor-container elementor-column-gap-default\">\n\t\t\t\t\t<div class=\"elementor-column elementor-col-100 elementor-top-column elementor-element elementor-element-106aec6 ot-flex-column-vertical\" data-id=\"106aec6\" data-element_type=\"column\" data-e-type=\"column\">\n\t\t\t<div class=\"elementor-widget-wrap elementor-element-populated\">\n\t\t\t\t\t\t<div class=\"elementor-element elementor-element-8e3329a elementor-widget elementor-widget-text-editor\" data-id=\"8e3329a\" data-element_type=\"widget\" data-e-type=\"widget\" data-widget_type=\"text-editor.default\">\n\t\t\t\t<div class=\"elementor-widget-container\">\n\t\t\t\t\t\t\t\t\t<p>Pour plus d&rsquo;informations sur la solution IP-PBX Dial-Office, consultez le menu de la barre lat\u00e9rale. Pour discuter plus en d\u00e9tail de notre solution IP-PBX ou pour r\u00e9server une d\u00e9monstration de produit gratuite, contactez aujourd&rsquo;hui un sp\u00e9cialiste des produits Dialexia.<\/p>\n\t\t\t\t\t\t\t\t<\/div>\n\t\t\t\t<\/div>\n\t\t\t\t\t<\/div>\n\t\t<\/div>\n\t\t\t\t\t<\/div>\n\t\t<\/section>\n\t\t\t\t<\/div>\n\t\t","protected":false},"excerpt":{"rendered":"<p>Intuitive SIP-based IP PBX Software for SMBs Dial-Office est un logiciel IP PBX flexible et riche en fonctionnalit\u00e9s con\u00e7u pour les PME et les start-ups qui souhaitent tirer pleinement parti des avantages commerciaux de la technologie VoIP. Bas\u00e9e sur la plate-forme standard SIP, cette solution logicielle IP PBX est livr\u00e9e avec un certain nombre de [&hellip;]<\/p>\n","protected":false},"author":2,"featured_media":0,"parent":0,"menu_order":0,"comment_status":"closed","ping_status":"closed","template":"","meta":{"footnotes":""},"class_list":["post-6565","page","type-page","status-publish","hentry"],"yoast_head":"<!-- This site is optimized with the Yoast SEO plugin v22.5 - https:\/\/yoast.com\/wordpress\/plugins\/seo\/ -->\n<title>Logiciel IP PBX - Dialexia<\/title>\n<meta name=\"robots\" content=\"index, follow, max-snippet:-1, max-image-preview:large, max-video-preview:-1\" \/>\n<link rel=\"canonical\" href=\"https:\/\/dialexia.com\/fr\/ip-pbx-software\/\" \/>\n<meta property=\"og:locale\" content=\"fr_FR\" \/>\n<meta property=\"og:type\" content=\"article\" \/>\n<meta property=\"og:title\" content=\"Logiciel IP PBX - Dialexia\" \/>\n<meta property=\"og:description\" content=\"Intuitive SIP-based IP PBX Software for SMBs Dial-Office est un logiciel IP PBX flexible et riche en fonctionnalit\u00e9s con\u00e7u pour les PME et les start-ups qui souhaitent tirer pleinement parti des avantages commerciaux de la technologie VoIP. Bas\u00e9e sur la plate-forme standard SIP, cette solution logicielle IP PBX est livr\u00e9e avec un certain nombre de [&hellip;]\" \/>\n<meta property=\"og:url\" content=\"https:\/\/dialexia.com\/fr\/ip-pbx-software\/\" \/>\n<meta property=\"og:site_name\" content=\"Dialexia\" \/>\n<meta property=\"article:publisher\" content=\"https:\/\/www.facebook.com\/Dialexia.Communications\/\" \/>\n<meta property=\"article:modified_time\" content=\"2022-01-09T21:54:44+00:00\" \/>\n<meta property=\"og:image\" content=\"https:\/\/dialexia.com\/wp-content\/uploads\/2021\/10\/03-2.png\" \/>\n<meta name=\"twitter:card\" content=\"summary_large_image\" \/>\n<meta name=\"twitter:site\" content=\"@dialexia\" \/>\n<meta name=\"twitter:label1\" content=\"Dur\u00e9e de lecture estim\u00e9e\" \/>\n\t<meta name=\"twitter:data1\" content=\"2 minutes\" \/>\n<script type=\"application\/ld+json\" class=\"yoast-schema-graph\">{\"@context\":\"https:\/\/schema.org\",\"@graph\":[{\"@type\":\"WebPage\",\"@id\":\"https:\/\/dialexia.com\/fr\/ip-pbx-software\/\",\"url\":\"https:\/\/dialexia.com\/fr\/ip-pbx-software\/\",\"name\":\"Logiciel IP PBX - Dialexia\",\"isPartOf\":{\"@id\":\"https:\/\/dialexia.com\/#website\"},\"primaryImageOfPage\":{\"@id\":\"https:\/\/dialexia.com\/fr\/ip-pbx-software\/#primaryimage\"},\"image\":{\"@id\":\"https:\/\/dialexia.com\/fr\/ip-pbx-software\/#primaryimage\"},\"thumbnailUrl\":\"https:\/\/dialexia.com\/wp-content\/uploads\/2021\/10\/03-2.png\",\"datePublished\":\"2021-10-29T21:51:32+00:00\",\"dateModified\":\"2022-01-09T21:54:44+00:00\",\"breadcrumb\":{\"@id\":\"https:\/\/dialexia.com\/fr\/ip-pbx-software\/#breadcrumb\"},\"inLanguage\":\"fr-FR\",\"potentialAction\":[{\"@type\":\"ReadAction\",\"target\":[\"https:\/\/dialexia.com\/fr\/ip-pbx-software\/\"]}]},{\"@type\":\"ImageObject\",\"inLanguage\":\"fr-FR\",\"@id\":\"https:\/\/dialexia.com\/fr\/ip-pbx-software\/#primaryimage\",\"url\":\"https:\/\/dialexia.com\/wp-content\/uploads\/2021\/10\/03-2.png\",\"contentUrl\":\"https:\/\/dialexia.com\/wp-content\/uploads\/2021\/10\/03-2.png\"},{\"@type\":\"BreadcrumbList\",\"@id\":\"https:\/\/dialexia.com\/fr\/ip-pbx-software\/#breadcrumb\",\"itemListElement\":[{\"@type\":\"ListItem\",\"position\":1,\"name\":\"Home\",\"item\":\"https:\/\/dialexia.com\/fr\/\"},{\"@type\":\"ListItem\",\"position\":2,\"name\":\"Logiciel IP PBX\"}]},{\"@type\":\"WebSite\",\"@id\":\"https:\/\/dialexia.com\/#website\",\"url\":\"https:\/\/dialexia.com\/\",\"name\":\"Dialexia - Breaking Communications Barrier\",\"description\":\"PBX solutions that break communications barriers\",\"publisher\":{\"@id\":\"https:\/\/dialexia.com\/#organization\"},\"potentialAction\":[{\"@type\":\"SearchAction\",\"target\":{\"@type\":\"EntryPoint\",\"urlTemplate\":\"https:\/\/dialexia.com\/?s={search_term_string}\"},\"query-input\":\"required name=search_term_string\"}],\"inLanguage\":\"fr-FR\"},{\"@type\":\"Organization\",\"@id\":\"https:\/\/dialexia.com\/#organization\",\"name\":\"Dialexia - Breaking Communications Barrier\",\"url\":\"https:\/\/dialexia.com\/\",\"logo\":{\"@type\":\"ImageObject\",\"inLanguage\":\"fr-FR\",\"@id\":\"https:\/\/dialexia.com\/#\/schema\/logo\/image\/\",\"url\":\"https:\/\/dialexia.com\/wp-content\/uploads\/2020\/09\/Dialexia_Logo.png\",\"contentUrl\":\"https:\/\/dialexia.com\/wp-content\/uploads\/2020\/09\/Dialexia_Logo.png\",\"width\":1408,\"height\":331,\"caption\":\"Dialexia - Breaking Communications Barrier\"},\"image\":{\"@id\":\"https:\/\/dialexia.com\/#\/schema\/logo\/image\/\"},\"sameAs\":[\"https:\/\/www.facebook.com\/Dialexia.Communications\/\",\"https:\/\/x.com\/dialexia\",\"https:\/\/www.linkedin.com\/company\/dialexia-communications\/\"]}]}<\/script>\n<!-- \/ Yoast SEO plugin. -->","yoast_head_json":{"title":"Logiciel IP PBX - Dialexia","robots":{"index":"index","follow":"follow","max-snippet":"max-snippet:-1","max-image-preview":"max-image-preview:large","max-video-preview":"max-video-preview:-1"},"canonical":"https:\/\/dialexia.com\/fr\/ip-pbx-software\/","og_locale":"fr_FR","og_type":"article","og_title":"Logiciel IP PBX - Dialexia","og_description":"Intuitive SIP-based IP PBX Software for SMBs Dial-Office est un logiciel IP PBX flexible et riche en fonctionnalit\u00e9s con\u00e7u pour les PME et les start-ups qui souhaitent tirer pleinement parti des avantages commerciaux de la technologie VoIP. Bas\u00e9e sur la plate-forme standard SIP, cette solution logicielle IP PBX est livr\u00e9e avec un certain nombre de [&hellip;]","og_url":"https:\/\/dialexia.com\/fr\/ip-pbx-software\/","og_site_name":"Dialexia","article_publisher":"https:\/\/www.facebook.com\/Dialexia.Communications\/","article_modified_time":"2022-01-09T21:54:44+00:00","og_image":[{"url":"https:\/\/dialexia.com\/wp-content\/uploads\/2021\/10\/03-2.png"}],"twitter_card":"summary_large_image","twitter_site":"@dialexia","twitter_misc":{"Dur\u00e9e de lecture estim\u00e9e":"2 minutes"},"schema":{"@context":"https:\/\/schema.org","@graph":[{"@type":"WebPage","@id":"https:\/\/dialexia.com\/fr\/ip-pbx-software\/","url":"https:\/\/dialexia.com\/fr\/ip-pbx-software\/","name":"Logiciel IP PBX - Dialexia","isPartOf":{"@id":"https:\/\/dialexia.com\/#website"},"primaryImageOfPage":{"@id":"https:\/\/dialexia.com\/fr\/ip-pbx-software\/#primaryimage"},"image":{"@id":"https:\/\/dialexia.com\/fr\/ip-pbx-software\/#primaryimage"},"thumbnailUrl":"https:\/\/dialexia.com\/wp-content\/uploads\/2021\/10\/03-2.png","datePublished":"2021-10-29T21:51:32+00:00","dateModified":"2022-01-09T21:54:44+00:00","breadcrumb":{"@id":"https:\/\/dialexia.com\/fr\/ip-pbx-software\/#breadcrumb"},"inLanguage":"fr-FR","potentialAction":[{"@type":"ReadAction","target":["https:\/\/dialexia.com\/fr\/ip-pbx-software\/"]}]},{"@type":"ImageObject","inLanguage":"fr-FR","@id":"https:\/\/dialexia.com\/fr\/ip-pbx-software\/#primaryimage","url":"https:\/\/dialexia.com\/wp-content\/uploads\/2021\/10\/03-2.png","contentUrl":"https:\/\/dialexia.com\/wp-content\/uploads\/2021\/10\/03-2.png"},{"@type":"BreadcrumbList","@id":"https:\/\/dialexia.com\/fr\/ip-pbx-software\/#breadcrumb","itemListElement":[{"@type":"ListItem","position":1,"name":"Home","item":"https:\/\/dialexia.com\/fr\/"},{"@type":"ListItem","position":2,"name":"Logiciel IP PBX"}]},{"@type":"WebSite","@id":"https:\/\/dialexia.com\/#website","url":"https:\/\/dialexia.com\/","name":"Dialexia - Breaking Communications Barrier","description":"PBX solutions that break communications barriers","publisher":{"@id":"https:\/\/dialexia.com\/#organization"},"potentialAction":[{"@type":"SearchAction","target":{"@type":"EntryPoint","urlTemplate":"https:\/\/dialexia.com\/?s={search_term_string}"},"query-input":"required name=search_term_string"}],"inLanguage":"fr-FR"},{"@type":"Organization","@id":"https:\/\/dialexia.com\/#organization","name":"Dialexia - Breaking Communications Barrier","url":"https:\/\/dialexia.com\/","logo":{"@type":"ImageObject","inLanguage":"fr-FR","@id":"https:\/\/dialexia.com\/#\/schema\/logo\/image\/","url":"https:\/\/dialexia.com\/wp-content\/uploads\/2020\/09\/Dialexia_Logo.png","contentUrl":"https:\/\/dialexia.com\/wp-content\/uploads\/2020\/09\/Dialexia_Logo.png","width":1408,"height":331,"caption":"Dialexia - Breaking Communications Barrier"},"image":{"@id":"https:\/\/dialexia.com\/#\/schema\/logo\/image\/"},"sameAs":["https:\/\/www.facebook.com\/Dialexia.Communications\/","https:\/\/x.com\/dialexia","https:\/\/www.linkedin.com\/company\/dialexia-communications\/"]}]}},"_links":{"self":[{"href":"https:\/\/dialexia.com\/fr\/wp-json\/wp\/v2\/pages\/6565","targetHints":{"allow":["GET"]}}],"collection":[{"href":"https:\/\/dialexia.com\/fr\/wp-json\/wp\/v2\/pages"}],"about":[{"href":"https:\/\/dialexia.com\/fr\/wp-json\/wp\/v2\/types\/page"}],"author":[{"embeddable":true,"href":"https:\/\/dialexia.com\/fr\/wp-json\/wp\/v2\/users\/2"}],"replies":[{"embeddable":true,"href":"https:\/\/dialexia.com\/fr\/wp-json\/wp\/v2\/comments?post=6565"}],"version-history":[{"count":4,"href":"https:\/\/dialexia.com\/fr\/wp-json\/wp\/v2\/pages\/6565\/revisions"}],"predecessor-version":[{"id":6688,"href":"https:\/\/dialexia.com\/fr\/wp-json\/wp\/v2\/pages\/6565\/revisions\/6688"}],"wp:attachment":[{"href":"https:\/\/dialexia.com\/fr\/wp-json\/wp\/v2\/media?parent=6565"}],"curies":[{"name":"wp","href":"https:\/\/api.w.org\/{rel}","templated":true}]}}