{"id":6567,"date":"2021-10-29T21:35:26","date_gmt":"2021-10-29T21:35:26","guid":{"rendered":"https:\/\/dialexia.com\/specifications\/"},"modified":"2022-01-02T03:52:07","modified_gmt":"2022-01-02T03:52:07","slug":"specifications","status":"publish","type":"page","link":"https:\/\/dialexia.com\/fr\/school-pbx-solution\/specifications\/","title":{"rendered":"Sp\u00e9cifications"},"content":{"rendered":"\t\t<div data-elementor-type=\"wp-page\" data-elementor-id=\"6567\" class=\"elementor elementor-6567 elementor-5492\" data-elementor-post-type=\"page\">\n\t\t\t\t\t\t<section class=\"elementor-section elementor-top-section elementor-element elementor-element-8b2b54e elementor-section-full_width ot-traditional elementor-section-height-default elementor-section-height-default\" data-id=\"8b2b54e\" data-element_type=\"section\" data-e-type=\"section\">\n\t\t\t\t\t\t<div class=\"elementor-container elementor-column-gap-default\">\n\t\t\t\t\t<div class=\"elementor-column elementor-col-100 elementor-top-column elementor-element elementor-element-d9f0597 ot-column-items-center ot-flex-column-vertical\" data-id=\"d9f0597\" data-element_type=\"column\" data-e-type=\"column\">\n\t\t\t<div class=\"elementor-widget-wrap elementor-element-populated\">\n\t\t\t\t\t\t<div class=\"elementor-element elementor-element-a04f7fe elementor-widget elementor-widget-iheading\" data-id=\"a04f7fe\" data-element_type=\"widget\" data-e-type=\"widget\" data-widget_type=\"iheading.default\">\n\t\t\t\t<div class=\"elementor-widget-container\">\n\t\t\t\t\t\t\t<div class=\"ot-heading\">\n\t        <h2 class=\"main-heading\">School PBX Platform Features & Specs\n<\/h2>\t    <\/div>\n\t    \t\t\t\t<\/div>\n\t\t\t\t<\/div>\n\t\t\t\t\t<\/div>\n\t\t<\/div>\n\t\t\t\t\t<\/div>\n\t\t<\/section>\n\t\t\t\t<section class=\"elementor-section elementor-top-section elementor-element elementor-element-cb09f29 elementor-section-full_width ot-traditional elementor-section-height-default elementor-section-height-default\" data-id=\"cb09f29\" data-element_type=\"section\" data-e-type=\"section\">\n\t\t\t\t\t\t<div class=\"elementor-container elementor-column-gap-default\">\n\t\t\t\t\t<div class=\"elementor-column elementor-col-100 elementor-top-column elementor-element elementor-element-43bb9b5 ot-flex-column-vertical\" data-id=\"43bb9b5\" data-element_type=\"column\" data-e-type=\"column\">\n\t\t\t<div class=\"elementor-widget-wrap elementor-element-populated\">\n\t\t\t\t\t\t<div class=\"elementor-element elementor-element-ac3f6c4 elementor-widget elementor-widget-bdt-table\" data-id=\"ac3f6c4\" data-element_type=\"widget\" data-e-type=\"widget\" data-widget_type=\"bdt-table.default\">\n\t\t\t\t<div class=\"elementor-widget-container\">\n\t\t\t\t\t          <div class=\"bdt-table bdt-table-default-responsive bdt-stripe\" id=\"bdt-table-ac3f6c4\">\n              \n              \n              \n          <table class=\"bdt-static-table\">\n\n                        <thead>\n            <tr>\n                \n                  <th class=\"bdt-static-column-cell elementor-repeater-item-a81b58a\">\n                    <div class=\"bdt-static-column-cell-wrap\">\n\n                      <div\n                          class=\"bdt-static-column-cell-text\">Feature<\/div>\n                        \n                                                \n                        \n                    <\/div>\n                  <\/th>\n                \n                \n                  <th class=\"bdt-static-column-cell elementor-repeater-item-42a9e1f\">\n                    <div class=\"bdt-static-column-cell-wrap\">\n\n                      <div\n                          class=\"bdt-static-column-cell-text\">Specifications<\/div>\n                        \n                                                \n                        \n                    <\/div>\n                  <\/th>\n                \n                            <\/tr>\n            <\/thead>\n            \n            <tbody>\n                          <tr>\n                                              <td class=\"bdt-static-body-row-cell elementor-repeater-item-9aefde5\">\n\n                              <div class=\"bdt-static-body-row-cell-wrap\">\n                                <div\n                                    class=\"bdt-static-body-row-cell-text\">General System Features\t<\/div>\n                                  \n                                                                    \n                                                                <\/div>\n\n                            <\/td>\n                                                      <td class=\"bdt-static-body-row-cell elementor-repeater-item-8b230e3\">\n\n                              <div class=\"bdt-static-body-row-cell-wrap\">\n                                <div\n                                    class=\"bdt-static-body-row-cell-text\">Caller ID -Call forwarding on busy\/ no answer signal \u2022 ACD module \u2013 Call routing (DID) \u2022   Conference calling \u2022 Auto-attendant (IVR) \u2022   Voicemail and messaging \u2022 Music on hold \u2022   Group paging \u2022 Failover priority routing \u2022   Call relay (RTP) \u2022 Call parking \u2022   Call recording \u2022 Dial by name \u2022   Message waiting indicator   \u2022 BLF status updates \u2022 Find me\/follow me \u2022   Click-to-call support \/ Extension to Extension calls (WebRTC)<\/div>\n                                  \n                                                                    \n                                                                <\/div>\n\n                            <\/td>\n                                        <\/tr>\n                          <tr>\n                                              <td class=\"bdt-static-body-row-cell elementor-repeater-item-168a2d1\">\n\n                              <div class=\"bdt-static-body-row-cell-wrap\">\n                                <div\n                                    class=\"bdt-static-body-row-cell-text\">Management & Scalability<\/div>\n                                  \n                                                                    \n                                                                <\/div>\n\n                            <\/td>\n                                                      <td class=\"bdt-static-body-row-cell elementor-repeater-item-61f24e7\">\n\n                              <div class=\"bdt-static-body-row-cell-wrap\">\n                                <div\n                                    class=\"bdt-static-body-row-cell-text\">Windows & Linux OS \u2022 Web-based management console \u2022   Configuration tool \u2022 Web-based system status \u2022   Integrated web server \u2022 Backup & restore \u2022   Firewall\/NAT friendly configuration   \u2022 real-time monitoring & reports \u2022 Troubleshooting \u2022   Event, alarm & trap logging   \u2022 Redundant call control (Windows NLB compliant) \u2022 Voice activity detection support (VAD) \u2022   User directory \u2022 PBX end-user accounts \u2022   Failover & High availability support<\/div>\n                                  \n                                                                    \n                                                                <\/div>\n\n                            <\/td>\n                                        <\/tr>\n                          <tr>\n                                              <td class=\"bdt-static-body-row-cell elementor-repeater-item-a2eb658\">\n\n                              <div class=\"bdt-static-body-row-cell-wrap\">\n                                <div\n                                    class=\"bdt-static-body-row-cell-text\">Unified Communications\t<\/div>\n                                  \n                                                                    \n                                                                <\/div>\n\n                            <\/td>\n                                                      <td class=\"bdt-static-body-row-cell elementor-repeater-item-150da79\">\n\n                              <div class=\"bdt-static-body-row-cell-wrap\">\n                                <div\n                                    class=\"bdt-static-body-row-cell-text\">Dialexia user portal \u2022 Voicemail-to-email \u2022   Advanced forwarding system \u2022 Branch office integration \u2022   Standards-based presence information   \u2022 Integrated Fax server \u2022 SMS and email-based broadcasting<\/div>\n                                  \n                                                                    \n                                                                <\/div>\n\n                            <\/td>\n                                        <\/tr>\n                          <tr>\n                                              <td class=\"bdt-static-body-row-cell elementor-repeater-item-0e508ad\">\n\n                              <div class=\"bdt-static-body-row-cell-wrap\">\n                                <div\n                                    class=\"bdt-static-body-row-cell-text\">Phone Management\t<\/div>\n                                  \n                                                                    \n                                                                <\/div>\n\n                            <\/td>\n                                                      <td class=\"bdt-static-body-row-cell elementor-repeater-item-b368eef\">\n\n                              <div class=\"bdt-static-body-row-cell-wrap\">\n                                <div\n                                    class=\"bdt-static-body-row-cell-text\">Automatic device provisioning \u2022 IP phone remote management \u2022   Plug & play support Network-wide provisioning, firmware management & updating<\/div>\n                                  \n                                                                    \n                                                                <\/div>\n\n                            <\/td>\n                                        <\/tr>\n                          <tr>\n                                              <td class=\"bdt-static-body-row-cell elementor-repeater-item-54f748d\">\n\n                              <div class=\"bdt-static-body-row-cell-wrap\">\n                                <div\n                                    class=\"bdt-static-body-row-cell-text\">Call Management\t<\/div>\n                                  \n                                                                    \n                                                                <\/div>\n\n                            <\/td>\n                                                      <td class=\"bdt-static-body-row-cell elementor-repeater-item-8a83ea9\">\n\n                              <div class=\"bdt-static-body-row-cell-wrap\">\n                                <div\n                                    class=\"bdt-static-body-row-cell-text\">Web-based management interface \u2022 Call transfer \u2022 Show incoming calls \u2022 Show caller ID \u2013 Show user call history \u2022 Divert calls to voicemail \u2022 Show status of other extensions \u2022 Presence monitoring \u2022 Call logging \u2022 Call reporting \u2022 Blind\/ supervised call transfer<\/div>\n                                  \n                                                                    \n                                                                <\/div>\n\n                            <\/td>\n                                        <\/tr>\n                          <tr>\n                                              <td class=\"bdt-static-body-row-cell elementor-repeater-item-61b3914\">\n\n                              <div class=\"bdt-static-body-row-cell-wrap\">\n                                <div\n                                    class=\"bdt-static-body-row-cell-text\">Parent-Teacher Collaboration\t<\/div>\n                                  \n                                                                    \n                                                                <\/div>\n\n                            <\/td>\n                                                      <td class=\"bdt-static-body-row-cell elementor-repeater-item-373ab5c\">\n\n                              <div class=\"bdt-static-body-row-cell-wrap\">\n                                <div\n                                    class=\"bdt-static-body-row-cell-text\">Parent web interface \u2022 Teacher & administrator web interface \u2022 Conference calling \u2022 real-time availability manager \u2022 Student performance monitoring log \u2022 Online scheduling tool<\/div>\n                                  \n                                                                    \n                                                                <\/div>\n\n                            <\/td>\n                                        <\/tr>\n                          <tr>\n                                              <td class=\"bdt-static-body-row-cell elementor-repeater-item-d8f70aa\">\n\n                              <div class=\"bdt-static-body-row-cell-wrap\">\n                                <div\n                                    class=\"bdt-static-body-row-cell-text\">Devices and Providers\t<\/div>\n                                  \n                                                                    \n                                                                <\/div>\n\n                            <\/td>\n                                                      <td class=\"bdt-static-body-row-cell elementor-repeater-item-862d087\">\n\n                              <div class=\"bdt-static-body-row-cell-wrap\">\n                                <div\n                                    class=\"bdt-static-body-row-cell-text\">Supports Most Phones \u2022 Supports VOIP\u2008Gateways & cards \u2022 SIP Trunking<\/div>\n                                  \n                                                                    \n                                                                <\/div>\n\n                            <\/td>\n                                        <\/tr>\n                          <tr>\n                                              <td class=\"bdt-static-body-row-cell elementor-repeater-item-219d743\">\n\n                              <div class=\"bdt-static-body-row-cell-wrap\">\n                                <div\n                                    class=\"bdt-static-body-row-cell-text\">Codecs<\/div>\n                                  \n                                                                    \n                                                                <\/div>\n\n                            <\/td>\n                                                      <td class=\"bdt-static-body-row-cell elementor-repeater-item-f51c462\">\n\n                              <div class=\"bdt-static-body-row-cell-wrap\">\n                                <div\n                                    class=\"bdt-static-body-row-cell-text\">G711 (A-law and \u03bc-law), GSM, Speex, llbc \u2022 G722 \u2022 G729<\/div>\n                                  \n                                                                    \n                                                                <\/div>\n\n                            <\/td>\n                                        <\/tr>\n                        <\/tbody>\n\n          <\/table>\n            \n            \n          <\/div>\n            \t\t\t\t<\/div>\n\t\t\t\t<\/div>\n\t\t\t\t\t<\/div>\n\t\t<\/div>\n\t\t\t\t\t<\/div>\n\t\t<\/section>\n\t\t\t\t<section class=\"elementor-section elementor-top-section elementor-element elementor-element-3c8930c ot-traditional elementor-section-boxed elementor-section-height-default elementor-section-height-default\" data-id=\"3c8930c\" data-element_type=\"section\" data-e-type=\"section\">\n\t\t\t\t\t\t<div class=\"elementor-container elementor-column-gap-default\">\n\t\t\t\t\t<div class=\"elementor-column elementor-col-100 elementor-top-column elementor-element elementor-element-0db5978 ot-flex-column-vertical\" data-id=\"0db5978\" data-element_type=\"column\" data-e-type=\"column\">\n\t\t\t<div class=\"elementor-widget-wrap elementor-element-populated\">\n\t\t\t\t\t\t<div class=\"elementor-element elementor-element-b430890 elementor-widget elementor-widget-spacer\" data-id=\"b430890\" data-element_type=\"widget\" data-e-type=\"widget\" data-widget_type=\"spacer.default\">\n\t\t\t\t<div class=\"elementor-widget-container\">\n\t\t\t\t\t\t\t<div class=\"elementor-spacer\">\n\t\t\t<div class=\"elementor-spacer-inner\"><\/div>\n\t\t<\/div>\n\t\t\t\t\t\t<\/div>\n\t\t\t\t<\/div>\n\t\t\t\t\t<\/div>\n\t\t<\/div>\n\t\t\t\t\t<\/div>\n\t\t<\/section>\n\t\t\t\t<section class=\"elementor-section elementor-top-section elementor-element elementor-element-d301f2e ot-traditional elementor-section-boxed elementor-section-height-default elementor-section-height-default\" data-id=\"d301f2e\" data-element_type=\"section\" data-e-type=\"section\" data-settings=\"{&quot;background_background&quot;:&quot;classic&quot;}\">\n\t\t\t\t\t\t<div class=\"elementor-container elementor-column-gap-default\">\n\t\t\t\t\t<div class=\"elementor-column elementor-col-100 elementor-top-column elementor-element elementor-element-837b3c8 ot-flex-column-vertical\" data-id=\"837b3c8\" data-element_type=\"column\" data-e-type=\"column\">\n\t\t\t<div class=\"elementor-widget-wrap elementor-element-populated\">\n\t\t\t\t\t\t<div class=\"elementor-element elementor-element-d57bdb0 elementor-widget elementor-widget-text-editor\" data-id=\"d57bdb0\" data-element_type=\"widget\" data-e-type=\"widget\" data-widget_type=\"text-editor.default\">\n\t\t\t\t<div class=\"elementor-widget-container\">\n\t\t\t\t\t\t\t\t\t<p>Pour plus d&rsquo;informations sur les fonctions <a href=\"https:\/\/madinc.net\/school-pbx-solution\/calling-features\/\">d&rsquo;appel<\/a> et de <a href=\"https:\/\/madinc.net\/school-pbx-solution\/management-features\/\">gestion<\/a> de la plateforme School PBX, consultez la barre lat\u00e9rale. Pour des questions suppl\u00e9mentaires ou pour r\u00e9server une d\u00e9mo de produit gratuite, veuillez nous contacter.<\/p>\n\t\t\t\t\t\t\t\t<\/div>\n\t\t\t\t<\/div>\n\t\t\t\t\t<\/div>\n\t\t<\/div>\n\t\t\t\t\t<\/div>\n\t\t<\/section>\n\t\t\t\t<\/div>\n\t\t","protected":false},"excerpt":{"rendered":"<p>School PBX Platform Features &#038; Specs Feature Specifications General System Features Caller ID -Call forwarding on busy\/ no answer signal \u2022 ACD module \u2013 Call routing (DID) \u2022 Conference calling \u2022 Auto-attendant (IVR) \u2022 Voicemail and messaging \u2022 Music on hold \u2022 Group paging \u2022 Failover priority routing \u2022 Call relay (RTP) \u2022 Call parking [&hellip;]<\/p>\n","protected":false},"author":2,"featured_media":0,"parent":6577,"menu_order":0,"comment_status":"closed","ping_status":"closed","template":"","meta":{"footnotes":""},"class_list":["post-6567","page","type-page","status-publish","hentry"],"yoast_head":"<!-- This site is optimized with the Yoast SEO plugin v22.5 - https:\/\/yoast.com\/wordpress\/plugins\/seo\/ -->\n<title>Sp\u00e9cifications - Dialexia<\/title>\n<meta name=\"robots\" content=\"index, follow, max-snippet:-1, max-image-preview:large, max-video-preview:-1\" \/>\n<link rel=\"canonical\" href=\"https:\/\/dialexia.com\/fr\/school-pbx-solution\/specifications\/\" \/>\n<meta property=\"og:locale\" content=\"fr_FR\" \/>\n<meta property=\"og:type\" content=\"article\" \/>\n<meta property=\"og:title\" content=\"Sp\u00e9cifications - Dialexia\" \/>\n<meta property=\"og:description\" content=\"School PBX Platform Features &#038; Specs Feature Specifications General System Features Caller ID -Call forwarding on busy\/ no answer signal \u2022 ACD module \u2013 Call routing (DID) \u2022 Conference calling \u2022 Auto-attendant (IVR) \u2022 Voicemail and messaging \u2022 Music on hold \u2022 Group paging \u2022 Failover priority routing \u2022 Call relay (RTP) \u2022 Call parking [&hellip;]\" \/>\n<meta property=\"og:url\" content=\"https:\/\/dialexia.com\/fr\/school-pbx-solution\/specifications\/\" \/>\n<meta property=\"og:site_name\" content=\"Dialexia\" \/>\n<meta property=\"article:publisher\" content=\"https:\/\/www.facebook.com\/Dialexia.Communications\/\" \/>\n<meta property=\"article:modified_time\" content=\"2022-01-02T03:52:07+00:00\" \/>\n<meta name=\"twitter:card\" content=\"summary_large_image\" \/>\n<meta name=\"twitter:site\" content=\"@dialexia\" \/>\n<meta name=\"twitter:label1\" content=\"Dur\u00e9e de lecture estim\u00e9e\" \/>\n\t<meta name=\"twitter:data1\" content=\"1 minute\" \/>\n<script type=\"application\/ld+json\" class=\"yoast-schema-graph\">{\"@context\":\"https:\/\/schema.org\",\"@graph\":[{\"@type\":\"WebPage\",\"@id\":\"https:\/\/dialexia.com\/fr\/school-pbx-solution\/specifications\/\",\"url\":\"https:\/\/dialexia.com\/fr\/school-pbx-solution\/specifications\/\",\"name\":\"Sp\u00e9cifications - Dialexia\",\"isPartOf\":{\"@id\":\"https:\/\/dialexia.com\/#website\"},\"datePublished\":\"2021-10-29T21:35:26+00:00\",\"dateModified\":\"2022-01-02T03:52:07+00:00\",\"breadcrumb\":{\"@id\":\"https:\/\/dialexia.com\/fr\/school-pbx-solution\/specifications\/#breadcrumb\"},\"inLanguage\":\"fr-FR\",\"potentialAction\":[{\"@type\":\"ReadAction\",\"target\":[\"https:\/\/dialexia.com\/fr\/school-pbx-solution\/specifications\/\"]}]},{\"@type\":\"BreadcrumbList\",\"@id\":\"https:\/\/dialexia.com\/fr\/school-pbx-solution\/specifications\/#breadcrumb\",\"itemListElement\":[{\"@type\":\"ListItem\",\"position\":1,\"name\":\"Home\",\"item\":\"https:\/\/dialexia.com\/fr\/\"},{\"@type\":\"ListItem\",\"position\":2,\"name\":\"Solution PBX scolaire\",\"item\":\"https:\/\/dialexia.com\/fr\/school-pbx-solution\/\"},{\"@type\":\"ListItem\",\"position\":3,\"name\":\"Sp\u00e9cifications\"}]},{\"@type\":\"WebSite\",\"@id\":\"https:\/\/dialexia.com\/#website\",\"url\":\"https:\/\/dialexia.com\/\",\"name\":\"Dialexia - Breaking Communications Barrier\",\"description\":\"PBX solutions that break communications barriers\",\"publisher\":{\"@id\":\"https:\/\/dialexia.com\/#organization\"},\"potentialAction\":[{\"@type\":\"SearchAction\",\"target\":{\"@type\":\"EntryPoint\",\"urlTemplate\":\"https:\/\/dialexia.com\/?s={search_term_string}\"},\"query-input\":\"required name=search_term_string\"}],\"inLanguage\":\"fr-FR\"},{\"@type\":\"Organization\",\"@id\":\"https:\/\/dialexia.com\/#organization\",\"name\":\"Dialexia - Breaking Communications Barrier\",\"url\":\"https:\/\/dialexia.com\/\",\"logo\":{\"@type\":\"ImageObject\",\"inLanguage\":\"fr-FR\",\"@id\":\"https:\/\/dialexia.com\/#\/schema\/logo\/image\/\",\"url\":\"https:\/\/dialexia.com\/wp-content\/uploads\/2020\/09\/Dialexia_Logo.png\",\"contentUrl\":\"https:\/\/dialexia.com\/wp-content\/uploads\/2020\/09\/Dialexia_Logo.png\",\"width\":1408,\"height\":331,\"caption\":\"Dialexia - Breaking Communications Barrier\"},\"image\":{\"@id\":\"https:\/\/dialexia.com\/#\/schema\/logo\/image\/\"},\"sameAs\":[\"https:\/\/www.facebook.com\/Dialexia.Communications\/\",\"https:\/\/x.com\/dialexia\",\"https:\/\/www.linkedin.com\/company\/dialexia-communications\/\"]}]}<\/script>\n<!-- \/ Yoast SEO plugin. -->","yoast_head_json":{"title":"Sp\u00e9cifications - Dialexia","robots":{"index":"index","follow":"follow","max-snippet":"max-snippet:-1","max-image-preview":"max-image-preview:large","max-video-preview":"max-video-preview:-1"},"canonical":"https:\/\/dialexia.com\/fr\/school-pbx-solution\/specifications\/","og_locale":"fr_FR","og_type":"article","og_title":"Sp\u00e9cifications - Dialexia","og_description":"School PBX Platform Features &#038; Specs Feature Specifications General System Features Caller ID -Call forwarding on busy\/ no answer signal \u2022 ACD module \u2013 Call routing (DID) \u2022 Conference calling \u2022 Auto-attendant (IVR) \u2022 Voicemail and messaging \u2022 Music on hold \u2022 Group paging \u2022 Failover priority routing \u2022 Call relay (RTP) \u2022 Call parking [&hellip;]","og_url":"https:\/\/dialexia.com\/fr\/school-pbx-solution\/specifications\/","og_site_name":"Dialexia","article_publisher":"https:\/\/www.facebook.com\/Dialexia.Communications\/","article_modified_time":"2022-01-02T03:52:07+00:00","twitter_card":"summary_large_image","twitter_site":"@dialexia","twitter_misc":{"Dur\u00e9e de lecture estim\u00e9e":"1 minute"},"schema":{"@context":"https:\/\/schema.org","@graph":[{"@type":"WebPage","@id":"https:\/\/dialexia.com\/fr\/school-pbx-solution\/specifications\/","url":"https:\/\/dialexia.com\/fr\/school-pbx-solution\/specifications\/","name":"Sp\u00e9cifications - Dialexia","isPartOf":{"@id":"https:\/\/dialexia.com\/#website"},"datePublished":"2021-10-29T21:35:26+00:00","dateModified":"2022-01-02T03:52:07+00:00","breadcrumb":{"@id":"https:\/\/dialexia.com\/fr\/school-pbx-solution\/specifications\/#breadcrumb"},"inLanguage":"fr-FR","potentialAction":[{"@type":"ReadAction","target":["https:\/\/dialexia.com\/fr\/school-pbx-solution\/specifications\/"]}]},{"@type":"BreadcrumbList","@id":"https:\/\/dialexia.com\/fr\/school-pbx-solution\/specifications\/#breadcrumb","itemListElement":[{"@type":"ListItem","position":1,"name":"Home","item":"https:\/\/dialexia.com\/fr\/"},{"@type":"ListItem","position":2,"name":"Solution PBX scolaire","item":"https:\/\/dialexia.com\/fr\/school-pbx-solution\/"},{"@type":"ListItem","position":3,"name":"Sp\u00e9cifications"}]},{"@type":"WebSite","@id":"https:\/\/dialexia.com\/#website","url":"https:\/\/dialexia.com\/","name":"Dialexia - Breaking Communications Barrier","description":"PBX solutions that break communications barriers","publisher":{"@id":"https:\/\/dialexia.com\/#organization"},"potentialAction":[{"@type":"SearchAction","target":{"@type":"EntryPoint","urlTemplate":"https:\/\/dialexia.com\/?s={search_term_string}"},"query-input":"required name=search_term_string"}],"inLanguage":"fr-FR"},{"@type":"Organization","@id":"https:\/\/dialexia.com\/#organization","name":"Dialexia - Breaking Communications Barrier","url":"https:\/\/dialexia.com\/","logo":{"@type":"ImageObject","inLanguage":"fr-FR","@id":"https:\/\/dialexia.com\/#\/schema\/logo\/image\/","url":"https:\/\/dialexia.com\/wp-content\/uploads\/2020\/09\/Dialexia_Logo.png","contentUrl":"https:\/\/dialexia.com\/wp-content\/uploads\/2020\/09\/Dialexia_Logo.png","width":1408,"height":331,"caption":"Dialexia - Breaking Communications Barrier"},"image":{"@id":"https:\/\/dialexia.com\/#\/schema\/logo\/image\/"},"sameAs":["https:\/\/www.facebook.com\/Dialexia.Communications\/","https:\/\/x.com\/dialexia","https:\/\/www.linkedin.com\/company\/dialexia-communications\/"]}]}},"_links":{"self":[{"href":"https:\/\/dialexia.com\/fr\/wp-json\/wp\/v2\/pages\/6567","targetHints":{"allow":["GET"]}}],"collection":[{"href":"https:\/\/dialexia.com\/fr\/wp-json\/wp\/v2\/pages"}],"about":[{"href":"https:\/\/dialexia.com\/fr\/wp-json\/wp\/v2\/types\/page"}],"author":[{"embeddable":true,"href":"https:\/\/dialexia.com\/fr\/wp-json\/wp\/v2\/users\/2"}],"replies":[{"embeddable":true,"href":"https:\/\/dialexia.com\/fr\/wp-json\/wp\/v2\/comments?post=6567"}],"version-history":[{"count":4,"href":"https:\/\/dialexia.com\/fr\/wp-json\/wp\/v2\/pages\/6567\/revisions"}],"predecessor-version":[{"id":6660,"href":"https:\/\/dialexia.com\/fr\/wp-json\/wp\/v2\/pages\/6567\/revisions\/6660"}],"up":[{"embeddable":true,"href":"https:\/\/dialexia.com\/fr\/wp-json\/wp\/v2\/pages\/6577"}],"wp:attachment":[{"href":"https:\/\/dialexia.com\/fr\/wp-json\/wp\/v2\/media?parent=6567"}],"curies":[{"name":"wp","href":"https:\/\/api.w.org\/{rel}","templated":true}]}}