{"id":6572,"date":"2021-10-29T21:18:30","date_gmt":"2021-10-29T21:18:30","guid":{"rendered":"https:\/\/dialexia.com\/collaboration-app\/"},"modified":"2022-01-01T23:15:24","modified_gmt":"2022-01-01T23:15:24","slug":"collaboration-app","status":"publish","type":"page","link":"https:\/\/dialexia.com\/fr\/school-pbx-solution\/collaboration-app\/","title":{"rendered":"Application de collaboration"},"content":{"rendered":"\t\t<div data-elementor-type=\"wp-page\" data-elementor-id=\"6572\" class=\"elementor elementor-6572 elementor-5485\" data-elementor-post-type=\"page\">\n\t\t\t\t\t\t<section class=\"elementor-section elementor-top-section elementor-element elementor-element-f19f4d1 ot-traditional elementor-section-boxed elementor-section-height-default elementor-section-height-default\" data-id=\"f19f4d1\" data-element_type=\"section\" data-e-type=\"section\">\n\t\t\t\t\t\t<div class=\"elementor-container elementor-column-gap-default\">\n\t\t\t\t\t<div class=\"elementor-column elementor-col-100 elementor-top-column elementor-element elementor-element-43bb837 ot-flex-column-vertical\" data-id=\"43bb837\" data-element_type=\"column\" data-e-type=\"column\">\n\t\t\t<div class=\"elementor-widget-wrap elementor-element-populated\">\n\t\t\t\t\t\t<div class=\"elementor-element elementor-element-e92984b elementor-widget elementor-widget-iheading\" data-id=\"e92984b\" data-element_type=\"widget\" data-e-type=\"widget\" data-widget_type=\"iheading.default\">\n\t\t\t\t<div class=\"elementor-widget-container\">\n\t\t\t\t\t\t\t<div class=\"ot-heading\">\n\t        <h2 class=\"main-heading\">A Convenient & Intuitive School Collaboration Tool\n<\/h2>\t    <\/div>\n\t    \t\t\t\t<\/div>\n\t\t\t\t<\/div>\n\t\t\t\t<div class=\"elementor-element elementor-element-07acdb5 elementor-widget elementor-widget-text-editor\" data-id=\"07acdb5\" data-element_type=\"widget\" data-e-type=\"widget\" data-widget_type=\"text-editor.default\">\n\t\t\t\t<div class=\"elementor-widget-container\">\n\t\t\t\t\t\t\t\t\t<p>La conf\u00e9rence t\u00e9l\u00e9phonique parents-enseignants (PTCC) est une application de collaboration en ligne con\u00e7ue pour am\u00e9liorer et faciliter les communications entre les parents et les professeurs. Cette interface Web \u00e9limine les tracas des e-mails de va-et-vient gr\u00e2ce \u00e0 un certain nombre de fonctions de planification et de correspondance intuitives.<\/p>\n\t\t\t\t\t\t\t\t<\/div>\n\t\t\t\t<\/div>\n\t\t\t\t<div class=\"elementor-element elementor-element-f3cb823 elementor-widget elementor-widget-image\" data-id=\"f3cb823\" data-element_type=\"widget\" data-e-type=\"widget\" data-widget_type=\"image.default\">\n\t\t\t\t<div class=\"elementor-widget-container\">\n\t\t\t\t\t\t\t\t\t\t\t\t\t\t\t<img fetchpriority=\"high\" decoding=\"async\" width=\"858\" height=\"281\" src=\"https:\/\/dialexia.com\/wp-content\/uploads\/2021\/10\/PTCC-screenshot.png\" class=\"attachment-large size-large wp-image-6497\" alt=\"\" srcset=\"https:\/\/dialexia.com\/wp-content\/uploads\/2021\/10\/PTCC-screenshot.png 858w, https:\/\/dialexia.com\/wp-content\/uploads\/2021\/10\/PTCC-screenshot-300x98.png 300w, https:\/\/dialexia.com\/wp-content\/uploads\/2021\/10\/PTCC-screenshot-768x252.png 768w, https:\/\/dialexia.com\/wp-content\/uploads\/2021\/10\/PTCC-screenshot-720x236.png 720w\" sizes=\"(max-width: 858px) 100vw, 858px\" \/>\t\t\t\t\t\t\t\t\t\t\t\t\t\t\t<\/div>\n\t\t\t\t<\/div>\n\t\t\t\t<div class=\"elementor-element elementor-element-1eb72d0 elementor-widget elementor-widget-text-editor\" data-id=\"1eb72d0\" data-element_type=\"widget\" data-e-type=\"widget\" data-widget_type=\"text-editor.default\">\n\t\t\t\t<div class=\"elementor-widget-container\">\n\t\t\t\t\t\t\t\t\t<p>La conf\u00e9rence t\u00e9l\u00e9phonique parents-enseignants (PTCC) est une application de collaboration en ligne con\u00e7ue pour am\u00e9liorer et faciliter les communications entre les parents et les professeurs. Cette interface Web \u00e9limine les tracas des e-mails de va-et-vient gr\u00e2ce \u00e0 un certain nombre de fonctions de planification et de correspondance intuitives.<\/p>\n\t\t\t\t\t\t\t\t<\/div>\n\t\t\t\t<\/div>\n\t\t\t\t\t<\/div>\n\t\t<\/div>\n\t\t\t\t\t<\/div>\n\t\t<\/section>\n\t\t\t\t<section class=\"elementor-section elementor-top-section elementor-element elementor-element-51a4e96 ot-traditional elementor-section-boxed elementor-section-height-default elementor-section-height-default\" data-id=\"51a4e96\" data-element_type=\"section\" data-e-type=\"section\">\n\t\t\t\t\t\t<div class=\"elementor-container elementor-column-gap-default\">\n\t\t\t\t\t<div class=\"elementor-column elementor-col-100 elementor-top-column elementor-element elementor-element-f81ba58 ot-flex-column-vertical\" data-id=\"f81ba58\" data-element_type=\"column\" data-e-type=\"column\">\n\t\t\t<div class=\"elementor-widget-wrap elementor-element-populated\">\n\t\t\t\t\t\t<div class=\"elementor-element elementor-element-71ebb3b elementor-widget elementor-widget-spacer\" data-id=\"71ebb3b\" data-element_type=\"widget\" data-e-type=\"widget\" data-widget_type=\"spacer.default\">\n\t\t\t\t<div class=\"elementor-widget-container\">\n\t\t\t\t\t\t\t<div class=\"elementor-spacer\">\n\t\t\t<div class=\"elementor-spacer-inner\"><\/div>\n\t\t<\/div>\n\t\t\t\t\t\t<\/div>\n\t\t\t\t<\/div>\n\t\t\t\t\t<\/div>\n\t\t<\/div>\n\t\t\t\t\t<\/div>\n\t\t<\/section>\n\t\t\t\t<section class=\"elementor-section elementor-top-section elementor-element elementor-element-397e8f2 ot-traditional elementor-section-boxed elementor-section-height-default elementor-section-height-default\" data-id=\"397e8f2\" data-element_type=\"section\" data-e-type=\"section\" data-settings=\"{&quot;background_background&quot;:&quot;classic&quot;}\">\n\t\t\t\t\t\t<div class=\"elementor-container elementor-column-gap-default\">\n\t\t\t\t\t<div class=\"elementor-column elementor-col-100 elementor-top-column elementor-element elementor-element-2388cd8 ot-flex-column-vertical\" data-id=\"2388cd8\" data-element_type=\"column\" data-e-type=\"column\">\n\t\t\t<div class=\"elementor-widget-wrap elementor-element-populated\">\n\t\t\t\t\t\t<div class=\"elementor-element elementor-element-ecb6f9e elementor-widget elementor-widget-text-editor\" data-id=\"ecb6f9e\" data-element_type=\"widget\" data-e-type=\"widget\" data-widget_type=\"text-editor.default\">\n\t\t\t\t<div class=\"elementor-widget-container\">\n\t\t\t\t\t\t\t\t\t<p>Pour plus d&rsquo;informations sur les fonctions <a href=\"https:\/\/madinc.net\/school-pbx-solution\/calling-features\/\">d&rsquo;appel<\/a> et de <a href=\"https:\/\/madinc.net\/school-pbx-solution\/management-features\/\">gestion<\/a> de la plateforme <a href=\"https:\/\/madinc.net\/school-pbx-solution\/\">School PBX<\/a>, consultez le menu de la barre lat\u00e9rale. Pour discuter de notre solution plus en d\u00e9tail ou pour r\u00e9server une d\u00e9monstration de produit gratuite, contactez aujourd&rsquo;hui un sp\u00e9cialiste des produits Dialexia.<\/p>\n\t\t\t\t\t\t\t\t<\/div>\n\t\t\t\t<\/div>\n\t\t\t\t\t<\/div>\n\t\t<\/div>\n\t\t\t\t\t<\/div>\n\t\t<\/section>\n\t\t\t\t<\/div>\n\t\t","protected":false},"excerpt":{"rendered":"<p>A Convenient &#038; Intuitive School Collaboration Tool La conf\u00e9rence t\u00e9l\u00e9phonique parents-enseignants (PTCC) est une application de collaboration en ligne con\u00e7ue pour am\u00e9liorer et faciliter les communications entre les parents et les professeurs. Cette interface Web \u00e9limine les tracas des e-mails de va-et-vient gr\u00e2ce \u00e0 un certain nombre de fonctions de planification et de correspondance intuitives. [&hellip;]<\/p>\n","protected":false},"author":2,"featured_media":0,"parent":6577,"menu_order":0,"comment_status":"closed","ping_status":"closed","template":"","meta":{"footnotes":""},"class_list":["post-6572","page","type-page","status-publish","hentry"],"yoast_head":"<!-- This site is optimized with the Yoast SEO plugin v22.5 - https:\/\/yoast.com\/wordpress\/plugins\/seo\/ -->\n<title>Application de collaboration - Dialexia<\/title>\n<meta name=\"robots\" content=\"index, follow, max-snippet:-1, max-image-preview:large, max-video-preview:-1\" \/>\n<link rel=\"canonical\" href=\"https:\/\/dialexia.com\/fr\/school-pbx-solution\/collaboration-app\/\" \/>\n<meta property=\"og:locale\" content=\"fr_FR\" \/>\n<meta property=\"og:type\" content=\"article\" \/>\n<meta property=\"og:title\" content=\"Application de collaboration - Dialexia\" \/>\n<meta property=\"og:description\" content=\"A Convenient &#038; Intuitive School Collaboration Tool La conf\u00e9rence t\u00e9l\u00e9phonique parents-enseignants (PTCC) est une application de collaboration en ligne con\u00e7ue pour am\u00e9liorer et faciliter les communications entre les parents et les professeurs. Cette interface Web \u00e9limine les tracas des e-mails de va-et-vient gr\u00e2ce \u00e0 un certain nombre de fonctions de planification et de correspondance intuitives. [&hellip;]\" \/>\n<meta property=\"og:url\" content=\"https:\/\/dialexia.com\/fr\/school-pbx-solution\/collaboration-app\/\" \/>\n<meta property=\"og:site_name\" content=\"Dialexia\" \/>\n<meta property=\"article:publisher\" content=\"https:\/\/www.facebook.com\/Dialexia.Communications\/\" \/>\n<meta property=\"article:modified_time\" content=\"2022-01-01T23:15:24+00:00\" \/>\n<meta property=\"og:image\" content=\"https:\/\/dialexia.com\/wp-content\/uploads\/2021\/10\/PTCC-screenshot.png\" \/>\n<meta name=\"twitter:card\" content=\"summary_large_image\" \/>\n<meta name=\"twitter:site\" content=\"@dialexia\" \/>\n<meta name=\"twitter:label1\" content=\"Dur\u00e9e de lecture estim\u00e9e\" \/>\n\t<meta name=\"twitter:data1\" content=\"1 minute\" \/>\n<script type=\"application\/ld+json\" class=\"yoast-schema-graph\">{\"@context\":\"https:\/\/schema.org\",\"@graph\":[{\"@type\":\"WebPage\",\"@id\":\"https:\/\/dialexia.com\/fr\/school-pbx-solution\/collaboration-app\/\",\"url\":\"https:\/\/dialexia.com\/fr\/school-pbx-solution\/collaboration-app\/\",\"name\":\"Application de collaboration - Dialexia\",\"isPartOf\":{\"@id\":\"https:\/\/dialexia.com\/#website\"},\"primaryImageOfPage\":{\"@id\":\"https:\/\/dialexia.com\/fr\/school-pbx-solution\/collaboration-app\/#primaryimage\"},\"image\":{\"@id\":\"https:\/\/dialexia.com\/fr\/school-pbx-solution\/collaboration-app\/#primaryimage\"},\"thumbnailUrl\":\"https:\/\/dialexia.com\/wp-content\/uploads\/2021\/10\/PTCC-screenshot.png\",\"datePublished\":\"2021-10-29T21:18:30+00:00\",\"dateModified\":\"2022-01-01T23:15:24+00:00\",\"breadcrumb\":{\"@id\":\"https:\/\/dialexia.com\/fr\/school-pbx-solution\/collaboration-app\/#breadcrumb\"},\"inLanguage\":\"fr-FR\",\"potentialAction\":[{\"@type\":\"ReadAction\",\"target\":[\"https:\/\/dialexia.com\/fr\/school-pbx-solution\/collaboration-app\/\"]}]},{\"@type\":\"ImageObject\",\"inLanguage\":\"fr-FR\",\"@id\":\"https:\/\/dialexia.com\/fr\/school-pbx-solution\/collaboration-app\/#primaryimage\",\"url\":\"https:\/\/dialexia.com\/wp-content\/uploads\/2021\/10\/PTCC-screenshot.png\",\"contentUrl\":\"https:\/\/dialexia.com\/wp-content\/uploads\/2021\/10\/PTCC-screenshot.png\"},{\"@type\":\"BreadcrumbList\",\"@id\":\"https:\/\/dialexia.com\/fr\/school-pbx-solution\/collaboration-app\/#breadcrumb\",\"itemListElement\":[{\"@type\":\"ListItem\",\"position\":1,\"name\":\"Home\",\"item\":\"https:\/\/dialexia.com\/fr\/\"},{\"@type\":\"ListItem\",\"position\":2,\"name\":\"Solution PBX scolaire\",\"item\":\"https:\/\/dialexia.com\/fr\/school-pbx-solution\/\"},{\"@type\":\"ListItem\",\"position\":3,\"name\":\"Application de collaboration\"}]},{\"@type\":\"WebSite\",\"@id\":\"https:\/\/dialexia.com\/#website\",\"url\":\"https:\/\/dialexia.com\/\",\"name\":\"Dialexia - Breaking Communications Barrier\",\"description\":\"PBX solutions that break communications barriers\",\"publisher\":{\"@id\":\"https:\/\/dialexia.com\/#organization\"},\"potentialAction\":[{\"@type\":\"SearchAction\",\"target\":{\"@type\":\"EntryPoint\",\"urlTemplate\":\"https:\/\/dialexia.com\/?s={search_term_string}\"},\"query-input\":\"required name=search_term_string\"}],\"inLanguage\":\"fr-FR\"},{\"@type\":\"Organization\",\"@id\":\"https:\/\/dialexia.com\/#organization\",\"name\":\"Dialexia - Breaking Communications Barrier\",\"url\":\"https:\/\/dialexia.com\/\",\"logo\":{\"@type\":\"ImageObject\",\"inLanguage\":\"fr-FR\",\"@id\":\"https:\/\/dialexia.com\/#\/schema\/logo\/image\/\",\"url\":\"https:\/\/dialexia.com\/wp-content\/uploads\/2020\/09\/Dialexia_Logo.png\",\"contentUrl\":\"https:\/\/dialexia.com\/wp-content\/uploads\/2020\/09\/Dialexia_Logo.png\",\"width\":1408,\"height\":331,\"caption\":\"Dialexia - Breaking Communications Barrier\"},\"image\":{\"@id\":\"https:\/\/dialexia.com\/#\/schema\/logo\/image\/\"},\"sameAs\":[\"https:\/\/www.facebook.com\/Dialexia.Communications\/\",\"https:\/\/x.com\/dialexia\",\"https:\/\/www.linkedin.com\/company\/dialexia-communications\/\"]}]}<\/script>\n<!-- \/ Yoast SEO plugin. -->","yoast_head_json":{"title":"Application de collaboration - Dialexia","robots":{"index":"index","follow":"follow","max-snippet":"max-snippet:-1","max-image-preview":"max-image-preview:large","max-video-preview":"max-video-preview:-1"},"canonical":"https:\/\/dialexia.com\/fr\/school-pbx-solution\/collaboration-app\/","og_locale":"fr_FR","og_type":"article","og_title":"Application de collaboration - Dialexia","og_description":"A Convenient &#038; Intuitive School Collaboration Tool La conf\u00e9rence t\u00e9l\u00e9phonique parents-enseignants (PTCC) est une application de collaboration en ligne con\u00e7ue pour am\u00e9liorer et faciliter les communications entre les parents et les professeurs. Cette interface Web \u00e9limine les tracas des e-mails de va-et-vient gr\u00e2ce \u00e0 un certain nombre de fonctions de planification et de correspondance intuitives. [&hellip;]","og_url":"https:\/\/dialexia.com\/fr\/school-pbx-solution\/collaboration-app\/","og_site_name":"Dialexia","article_publisher":"https:\/\/www.facebook.com\/Dialexia.Communications\/","article_modified_time":"2022-01-01T23:15:24+00:00","og_image":[{"url":"https:\/\/dialexia.com\/wp-content\/uploads\/2021\/10\/PTCC-screenshot.png"}],"twitter_card":"summary_large_image","twitter_site":"@dialexia","twitter_misc":{"Dur\u00e9e de lecture estim\u00e9e":"1 minute"},"schema":{"@context":"https:\/\/schema.org","@graph":[{"@type":"WebPage","@id":"https:\/\/dialexia.com\/fr\/school-pbx-solution\/collaboration-app\/","url":"https:\/\/dialexia.com\/fr\/school-pbx-solution\/collaboration-app\/","name":"Application de collaboration - Dialexia","isPartOf":{"@id":"https:\/\/dialexia.com\/#website"},"primaryImageOfPage":{"@id":"https:\/\/dialexia.com\/fr\/school-pbx-solution\/collaboration-app\/#primaryimage"},"image":{"@id":"https:\/\/dialexia.com\/fr\/school-pbx-solution\/collaboration-app\/#primaryimage"},"thumbnailUrl":"https:\/\/dialexia.com\/wp-content\/uploads\/2021\/10\/PTCC-screenshot.png","datePublished":"2021-10-29T21:18:30+00:00","dateModified":"2022-01-01T23:15:24+00:00","breadcrumb":{"@id":"https:\/\/dialexia.com\/fr\/school-pbx-solution\/collaboration-app\/#breadcrumb"},"inLanguage":"fr-FR","potentialAction":[{"@type":"ReadAction","target":["https:\/\/dialexia.com\/fr\/school-pbx-solution\/collaboration-app\/"]}]},{"@type":"ImageObject","inLanguage":"fr-FR","@id":"https:\/\/dialexia.com\/fr\/school-pbx-solution\/collaboration-app\/#primaryimage","url":"https:\/\/dialexia.com\/wp-content\/uploads\/2021\/10\/PTCC-screenshot.png","contentUrl":"https:\/\/dialexia.com\/wp-content\/uploads\/2021\/10\/PTCC-screenshot.png"},{"@type":"BreadcrumbList","@id":"https:\/\/dialexia.com\/fr\/school-pbx-solution\/collaboration-app\/#breadcrumb","itemListElement":[{"@type":"ListItem","position":1,"name":"Home","item":"https:\/\/dialexia.com\/fr\/"},{"@type":"ListItem","position":2,"name":"Solution PBX scolaire","item":"https:\/\/dialexia.com\/fr\/school-pbx-solution\/"},{"@type":"ListItem","position":3,"name":"Application de collaboration"}]},{"@type":"WebSite","@id":"https:\/\/dialexia.com\/#website","url":"https:\/\/dialexia.com\/","name":"Dialexia - Breaking Communications Barrier","description":"PBX solutions that break communications barriers","publisher":{"@id":"https:\/\/dialexia.com\/#organization"},"potentialAction":[{"@type":"SearchAction","target":{"@type":"EntryPoint","urlTemplate":"https:\/\/dialexia.com\/?s={search_term_string}"},"query-input":"required name=search_term_string"}],"inLanguage":"fr-FR"},{"@type":"Organization","@id":"https:\/\/dialexia.com\/#organization","name":"Dialexia - Breaking Communications Barrier","url":"https:\/\/dialexia.com\/","logo":{"@type":"ImageObject","inLanguage":"fr-FR","@id":"https:\/\/dialexia.com\/#\/schema\/logo\/image\/","url":"https:\/\/dialexia.com\/wp-content\/uploads\/2020\/09\/Dialexia_Logo.png","contentUrl":"https:\/\/dialexia.com\/wp-content\/uploads\/2020\/09\/Dialexia_Logo.png","width":1408,"height":331,"caption":"Dialexia - Breaking Communications Barrier"},"image":{"@id":"https:\/\/dialexia.com\/#\/schema\/logo\/image\/"},"sameAs":["https:\/\/www.facebook.com\/Dialexia.Communications\/","https:\/\/x.com\/dialexia","https:\/\/www.linkedin.com\/company\/dialexia-communications\/"]}]}},"_links":{"self":[{"href":"https:\/\/dialexia.com\/fr\/wp-json\/wp\/v2\/pages\/6572","targetHints":{"allow":["GET"]}}],"collection":[{"href":"https:\/\/dialexia.com\/fr\/wp-json\/wp\/v2\/pages"}],"about":[{"href":"https:\/\/dialexia.com\/fr\/wp-json\/wp\/v2\/types\/page"}],"author":[{"embeddable":true,"href":"https:\/\/dialexia.com\/fr\/wp-json\/wp\/v2\/users\/2"}],"replies":[{"embeddable":true,"href":"https:\/\/dialexia.com\/fr\/wp-json\/wp\/v2\/comments?post=6572"}],"version-history":[{"count":3,"href":"https:\/\/dialexia.com\/fr\/wp-json\/wp\/v2\/pages\/6572\/revisions"}],"predecessor-version":[{"id":6631,"href":"https:\/\/dialexia.com\/fr\/wp-json\/wp\/v2\/pages\/6572\/revisions\/6631"}],"up":[{"embeddable":true,"href":"https:\/\/dialexia.com\/fr\/wp-json\/wp\/v2\/pages\/6577"}],"wp:attachment":[{"href":"https:\/\/dialexia.com\/fr\/wp-json\/wp\/v2\/media?parent=6572"}],"curies":[{"name":"wp","href":"https:\/\/api.w.org\/{rel}","templated":true}]}}