{"id":6575,"date":"2021-10-29T20:29:00","date_gmt":"2021-10-29T20:29:00","guid":{"rendered":"https:\/\/dialexia.com\/calling-features\/"},"modified":"2022-01-02T03:17:30","modified_gmt":"2022-01-02T03:17:30","slug":"calling-features","status":"publish","type":"page","link":"https:\/\/dialexia.com\/fr\/school-pbx-solution\/calling-features\/","title":{"rendered":"Fonctionnalit\u00e9s d&rsquo;appel"},"content":{"rendered":"\t\t<div data-elementor-type=\"wp-page\" data-elementor-id=\"6575\" class=\"elementor elementor-6575 elementor-5472\" data-elementor-post-type=\"page\">\n\t\t\t\t\t\t<section class=\"elementor-section elementor-top-section elementor-element elementor-element-131de27 ot-traditional elementor-section-boxed elementor-section-height-default elementor-section-height-default\" data-id=\"131de27\" data-element_type=\"section\" data-e-type=\"section\">\n\t\t\t\t\t\t<div class=\"elementor-container elementor-column-gap-default\">\n\t\t\t\t\t<div class=\"elementor-column elementor-col-100 elementor-top-column elementor-element elementor-element-7f5b499 ot-column-items-center ot-flex-column-vertical\" data-id=\"7f5b499\" data-element_type=\"column\" data-e-type=\"column\">\n\t\t\t<div class=\"elementor-widget-wrap elementor-element-populated\">\n\t\t\t\t\t\t<div class=\"elementor-element elementor-element-2ed25a8 elementor-widget elementor-widget-iheading\" data-id=\"2ed25a8\" data-element_type=\"widget\" data-e-type=\"widget\" data-widget_type=\"iheading.default\">\n\t\t\t\t<div class=\"elementor-widget-container\">\n\t\t\t\t\t\t\t<div class=\"ot-heading\">\n\t        <h2 class=\"main-heading\">Overview of School PBX Calling Features\n<\/h2>\t    <\/div>\n\t    \t\t\t\t<\/div>\n\t\t\t\t<\/div>\n\t\t\t\t<div class=\"elementor-element elementor-element-2bb0aaf elementor-widget elementor-widget-text-editor\" data-id=\"2bb0aaf\" data-element_type=\"widget\" data-e-type=\"widget\" data-widget_type=\"text-editor.default\">\n\t\t\t\t<div class=\"elementor-widget-container\">\n\t\t\t\t\t\t\t\t\t<p>La <a href=\"https:\/\/madinc.net\/school-pbx-solution\/\">solution School PBX<\/a>offre aux utilisateurs une gamme de fonctionnalit\u00e9s d&rsquo;appel PBX d&rsquo;entreprise professionnelles et faciles \u00e0 utiliser qui n&rsquo;\u00e9taient auparavant disponibles qu&rsquo;avec des syst\u00e8mes co\u00fbteux \u00e0 commutation de circuits. Les fonctions d&rsquo;appel PBX h\u00e9berg\u00e9es int\u00e9gr\u00e9es sont les suivantes:<\/p>\n\t\t\t\t\t\t\t\t<\/div>\n\t\t\t\t<\/div>\n\t\t\t\t\t<\/div>\n\t\t<\/div>\n\t\t\t\t\t<\/div>\n\t\t<\/section>\n\t\t\t\t<section class=\"elementor-section elementor-top-section elementor-element elementor-element-d5c328a ot-traditional elementor-section-boxed elementor-section-height-default elementor-section-height-default\" data-id=\"d5c328a\" data-element_type=\"section\" data-e-type=\"section\">\n\t\t\t\t\t\t<div class=\"elementor-container elementor-column-gap-default\">\n\t\t\t\t\t<div class=\"elementor-column elementor-col-33 elementor-top-column elementor-element elementor-element-15604ed ot-flex-column-vertical\" data-id=\"15604ed\" data-element_type=\"column\" data-e-type=\"column\">\n\t\t\t<div class=\"elementor-widget-wrap elementor-element-populated\">\n\t\t\t\t\t\t<div class=\"elementor-element elementor-element-95a81ea animated-fast elementor-invisible elementor-widget elementor-widget-icon-box\" data-id=\"95a81ea\" data-element_type=\"widget\" data-e-type=\"widget\" data-settings=\"{&quot;_animation&quot;:&quot;fadeIn&quot;}\" data-widget_type=\"icon-box.default\">\n\t\t\t\t<div class=\"elementor-widget-container\">\n\t\t\t\t\t\t\t<div class=\"elementor-icon-box-wrapper\">\n\n\t\t\t\n\t\t\t\t\t\t<div class=\"elementor-icon-box-content\">\n\n\t\t\t\t\t\t\t\t\t<h3 class=\"elementor-icon-box-title\">\n\t\t\t\t\t\t<span  >\n\t\t\t\t\t\t\tID de l'interlocuteur\t\t\t\t\t\t<\/span>\n\t\t\t\t\t<\/h3>\n\t\t\t\t\n\t\t\t\t\t\t\t\t\t<p class=\"elementor-icon-box-description\">\n\t\t\t\t\t\tAffiche le nom et le num\u00e9ro de l'interlocuteur.\t\t\t\t\t<\/p>\n\t\t\t\t\n\t\t\t<\/div>\n\t\t\t\n\t\t<\/div>\n\t\t\t\t\t\t<\/div>\n\t\t\t\t<\/div>\n\t\t\t\t<div class=\"elementor-element elementor-element-895a9e1 animated-fast elementor-invisible elementor-widget elementor-widget-icon-box\" data-id=\"895a9e1\" data-element_type=\"widget\" data-e-type=\"widget\" data-settings=\"{&quot;_animation&quot;:&quot;fadeIn&quot;}\" data-widget_type=\"icon-box.default\">\n\t\t\t\t<div class=\"elementor-widget-container\">\n\t\t\t\t\t\t\t<div class=\"elementor-icon-box-wrapper\">\n\n\t\t\t\n\t\t\t\t\t\t<div class=\"elementor-icon-box-content\">\n\n\t\t\t\t\t\t\t\t\t<h3 class=\"elementor-icon-box-title\">\n\t\t\t\t\t\t<span  >\n\t\t\t\t\t\t\tTransfert d'appel aveugle et supervis\u00e9\t\t\t\t\t\t<\/span>\n\t\t\t\t\t<\/h3>\n\t\t\t\t\n\t\t\t\t\t\t\t\t\t<p class=\"elementor-icon-box-description\">\n\t\t\t\t\t\tTransf\u00e9rez les appels entrants vers d'autres utilisateurs du syst\u00e8me.\t\t\t\t\t<\/p>\n\t\t\t\t\n\t\t\t<\/div>\n\t\t\t\n\t\t<\/div>\n\t\t\t\t\t\t<\/div>\n\t\t\t\t<\/div>\n\t\t\t\t<div class=\"elementor-element elementor-element-9f8ab30 animated-fast elementor-invisible elementor-widget elementor-widget-icon-box\" data-id=\"9f8ab30\" data-element_type=\"widget\" data-e-type=\"widget\" data-settings=\"{&quot;_animation&quot;:&quot;fadeIn&quot;}\" data-widget_type=\"icon-box.default\">\n\t\t\t\t<div class=\"elementor-widget-container\">\n\t\t\t\t\t\t\t<div class=\"elementor-icon-box-wrapper\">\n\n\t\t\t\n\t\t\t\t\t\t<div class=\"elementor-icon-box-content\">\n\n\t\t\t\t\t\t\t\t\t<h3 class=\"elementor-icon-box-title\">\n\t\t\t\t\t\t<span  >\n\t\t\t\t\t\t\tTrouvez-moi \/ suivez-moi\t\t\t\t\t\t<\/span>\n\t\t\t\t\t<\/h3>\n\t\t\t\t\n\t\t\t\t\t\t\t\t\t<p class=\"elementor-icon-box-description\">\n\t\t\t\t\t\tTransf\u00e9rer les appels entrants en fonction du pr\u00e9fixe de l'appelant et de l'\u00e9tat de disponibilit\u00e9 de l'utilisateur.\n\t\t\t\t\t<\/p>\n\t\t\t\t\n\t\t\t<\/div>\n\t\t\t\n\t\t<\/div>\n\t\t\t\t\t\t<\/div>\n\t\t\t\t<\/div>\n\t\t\t\t\t<\/div>\n\t\t<\/div>\n\t\t\t\t<div class=\"elementor-column elementor-col-33 elementor-top-column elementor-element elementor-element-abea957 ot-flex-column-vertical\" data-id=\"abea957\" data-element_type=\"column\" data-e-type=\"column\">\n\t\t\t<div class=\"elementor-widget-wrap elementor-element-populated\">\n\t\t\t\t\t\t<div class=\"elementor-element elementor-element-fe87799 animated-fast elementor-invisible elementor-widget elementor-widget-icon-box\" data-id=\"fe87799\" data-element_type=\"widget\" data-e-type=\"widget\" data-settings=\"{&quot;_animation&quot;:&quot;fadeIn&quot;}\" data-widget_type=\"icon-box.default\">\n\t\t\t\t<div class=\"elementor-widget-container\">\n\t\t\t\t\t\t\t<div class=\"elementor-icon-box-wrapper\">\n\n\t\t\t\n\t\t\t\t\t\t<div class=\"elementor-icon-box-content\">\n\n\t\t\t\t\t\t\t\t\t<h3 class=\"elementor-icon-box-title\">\n\t\t\t\t\t\t<span  >\n\t\t\t\t\t\t\tEnregistrement d'appel\t\t\t\t\t\t<\/span>\n\t\t\t\t\t<\/h3>\n\t\t\t\t\n\t\t\t\t\t\t\t\t\t<p class=\"elementor-icon-box-description\">\n\t\t\t\t\t\tLes administrateurs PBX de l'\u00e9cole peuvent enregistrer et stocker des appels d'utilisateurs, de groupe et de conf\u00e9rence.\t\t\t\t\t<\/p>\n\t\t\t\t\n\t\t\t<\/div>\n\t\t\t\n\t\t<\/div>\n\t\t\t\t\t\t<\/div>\n\t\t\t\t<\/div>\n\t\t\t\t<div class=\"elementor-element elementor-element-4992c63 animated-fast elementor-invisible elementor-widget elementor-widget-icon-box\" data-id=\"4992c63\" data-element_type=\"widget\" data-e-type=\"widget\" data-settings=\"{&quot;_animation&quot;:&quot;fadeIn&quot;}\" data-widget_type=\"icon-box.default\">\n\t\t\t\t<div class=\"elementor-widget-container\">\n\t\t\t\t\t\t\t<div class=\"elementor-icon-box-wrapper\">\n\n\t\t\t\n\t\t\t\t\t\t<div class=\"elementor-icon-box-content\">\n\n\t\t\t\t\t\t\t\t\t<h3 class=\"elementor-icon-box-title\">\n\t\t\t\t\t\t<a href=\"#\" >\n\t\t\t\t\t\t\tRenvoi d'appel et musique en attente\t\t\t\t\t\t<\/a>\n\t\t\t\t\t<\/h3>\n\t\t\t\t\n\t\t\t\t\t\t\t\t\t<p class=\"elementor-icon-box-description\">\n\t\t\t\t\t\tFaites transf\u00e9rer les appels entrants vers une autre extension, un num\u00e9ro de t\u00e9l\u00e9phone externe ou une messagerie vocale.\n\n\t\t\t\t\t<\/p>\n\t\t\t\t\n\t\t\t<\/div>\n\t\t\t\n\t\t<\/div>\n\t\t\t\t\t\t<\/div>\n\t\t\t\t<\/div>\n\t\t\t\t\t<\/div>\n\t\t<\/div>\n\t\t\t\t<div class=\"elementor-column elementor-col-33 elementor-top-column elementor-element elementor-element-8c49347 ot-flex-column-vertical\" data-id=\"8c49347\" data-element_type=\"column\" data-e-type=\"column\">\n\t\t\t<div class=\"elementor-widget-wrap elementor-element-populated\">\n\t\t\t\t\t\t<div class=\"elementor-element elementor-element-ff47067 animated-fast elementor-invisible elementor-widget elementor-widget-icon-box\" data-id=\"ff47067\" data-element_type=\"widget\" data-e-type=\"widget\" data-settings=\"{&quot;_animation&quot;:&quot;fadeIn&quot;}\" data-widget_type=\"icon-box.default\">\n\t\t\t\t<div class=\"elementor-widget-container\">\n\t\t\t\t\t\t\t<div class=\"elementor-icon-box-wrapper\">\n\n\t\t\t\n\t\t\t\t\t\t<div class=\"elementor-icon-box-content\">\n\n\t\t\t\t\t\t\t\t\t<h3 class=\"elementor-icon-box-title\">\n\t\t\t\t\t\t<span  >\n\t\t\t\t\t\t\tMettez vos appels dans une file d'attente ou un park d'appels\t\t\t\t\t\t<\/span>\n\t\t\t\t\t<\/h3>\n\t\t\t\t\n\t\t\t\t\t\t\t\t\t<p class=\"elementor-icon-box-description\">\n\t\t\t\t\t\tPlacez la conversation en attente \u00e0 l'extension d'un utilisateur et reprenez-la \u00e0 partir de l'extension d'un autre utilisateur.\t\t\t\t\t<\/p>\n\t\t\t\t\n\t\t\t<\/div>\n\t\t\t\n\t\t<\/div>\n\t\t\t\t\t\t<\/div>\n\t\t\t\t<\/div>\n\t\t\t\t<div class=\"elementor-element elementor-element-f838431 animated-fast elementor-invisible elementor-widget elementor-widget-icon-box\" data-id=\"f838431\" data-element_type=\"widget\" data-e-type=\"widget\" data-settings=\"{&quot;_animation&quot;:&quot;fadeIn&quot;}\" data-widget_type=\"icon-box.default\">\n\t\t\t\t<div class=\"elementor-widget-container\">\n\t\t\t\t\t\t\t<div class=\"elementor-icon-box-wrapper\">\n\n\t\t\t\n\t\t\t\t\t\t<div class=\"elementor-icon-box-content\">\n\n\t\t\t\t\t\t\t\t\t<h3 class=\"elementor-icon-box-title\">\n\t\t\t\t\t\t<span  >\n\t\t\t\t\t\t\tHunt groupe &amp; groupe paging\t\t\t\t\t\t<\/span>\n\t\t\t\t\t<\/h3>\n\t\t\t\t\n\t\t\t\t\t\t\t\t\t<p class=\"elementor-icon-box-description\">\n\t\t\t\t\t\tLes appels entrants vers un groupe Hunt se connectent aux extensions des membres en fonction de leurs poids prioritaires dans le groupe. Les appels entrants vers un groupe de paging sont automatiquement r\u00e9cup\u00e9r\u00e9s par les t\u00e9l\u00e9phones des membres.\n\n\t\t\t\t\t<\/p>\n\t\t\t\t\n\t\t\t<\/div>\n\t\t\t\n\t\t<\/div>\n\t\t\t\t\t\t<\/div>\n\t\t\t\t<\/div>\n\t\t\t\t\t<\/div>\n\t\t<\/div>\n\t\t\t\t\t<\/div>\n\t\t<\/section>\n\t\t\t\t<section class=\"elementor-section elementor-top-section elementor-element elementor-element-d9a9e02 ot-traditional elementor-section-boxed elementor-section-height-default elementor-section-height-default\" data-id=\"d9a9e02\" data-element_type=\"section\" data-e-type=\"section\">\n\t\t\t\t\t\t<div class=\"elementor-container elementor-column-gap-default\">\n\t\t\t\t\t<div class=\"elementor-column elementor-col-100 elementor-top-column elementor-element elementor-element-b2f7bcb ot-flex-column-vertical\" data-id=\"b2f7bcb\" data-element_type=\"column\" data-e-type=\"column\">\n\t\t\t<div class=\"elementor-widget-wrap elementor-element-populated\">\n\t\t\t\t\t\t<div class=\"elementor-element elementor-element-4468345 elementor-widget elementor-widget-spacer\" data-id=\"4468345\" data-element_type=\"widget\" data-e-type=\"widget\" data-widget_type=\"spacer.default\">\n\t\t\t\t<div class=\"elementor-widget-container\">\n\t\t\t\t\t\t\t<div class=\"elementor-spacer\">\n\t\t\t<div class=\"elementor-spacer-inner\"><\/div>\n\t\t<\/div>\n\t\t\t\t\t\t<\/div>\n\t\t\t\t<\/div>\n\t\t\t\t\t<\/div>\n\t\t<\/div>\n\t\t\t\t\t<\/div>\n\t\t<\/section>\n\t\t\t\t<section class=\"elementor-section elementor-top-section elementor-element elementor-element-2f7382d ot-traditional elementor-section-boxed elementor-section-height-default elementor-section-height-default\" data-id=\"2f7382d\" data-element_type=\"section\" data-e-type=\"section\" data-settings=\"{&quot;background_background&quot;:&quot;classic&quot;}\">\n\t\t\t\t\t\t<div class=\"elementor-container elementor-column-gap-default\">\n\t\t\t\t\t<div class=\"elementor-column elementor-col-100 elementor-top-column elementor-element elementor-element-44a53ed ot-flex-column-vertical\" data-id=\"44a53ed\" data-element_type=\"column\" data-e-type=\"column\">\n\t\t\t<div class=\"elementor-widget-wrap elementor-element-populated\">\n\t\t\t\t\t\t<div class=\"elementor-element elementor-element-849a6fd elementor-widget elementor-widget-text-editor\" data-id=\"849a6fd\" data-element_type=\"widget\" data-e-type=\"widget\" data-widget_type=\"text-editor.default\">\n\t\t\t\t<div class=\"elementor-widget-container\">\n\t\t\t\t\t\t\t\t\t<p>Pour plus d&rsquo;informations sur les fonctions d&rsquo;appel et les capacit\u00e9s de <a href=\"https:\/\/madinc.net\/school-pbx-solution\/management-features\/\">gestion<\/a> de la solution PBX de l&rsquo;\u00e9cole, consultez le menu de la barre lat\u00e9rale. Pour discuter de notre solution plus en d\u00e9tail ou pour r\u00e9server une d\u00e9monstration de produit gratuite, contactez aujourd&rsquo;hui un sp\u00e9cialiste des produits Dialexia.<\/p>\n\t\t\t\t\t\t\t\t<\/div>\n\t\t\t\t<\/div>\n\t\t\t\t\t<\/div>\n\t\t<\/div>\n\t\t\t\t\t<\/div>\n\t\t<\/section>\n\t\t\t\t<\/div>\n\t\t","protected":false},"excerpt":{"rendered":"<p>Overview of School PBX Calling Features La solution School PBXoffre aux utilisateurs une gamme de fonctionnalit\u00e9s d&rsquo;appel PBX d&rsquo;entreprise professionnelles et faciles \u00e0 utiliser qui n&rsquo;\u00e9taient auparavant disponibles qu&rsquo;avec des syst\u00e8mes co\u00fbteux \u00e0 commutation de circuits. Les fonctions d&rsquo;appel PBX h\u00e9berg\u00e9es int\u00e9gr\u00e9es sont les suivantes: ID de l&rsquo;interlocuteur Affiche le nom et le num\u00e9ro de [&hellip;]<\/p>\n","protected":false},"author":2,"featured_media":0,"parent":6577,"menu_order":0,"comment_status":"closed","ping_status":"closed","template":"","meta":{"footnotes":""},"class_list":["post-6575","page","type-page","status-publish","hentry"],"yoast_head":"<!-- This site is optimized with the Yoast SEO plugin v22.5 - https:\/\/yoast.com\/wordpress\/plugins\/seo\/ -->\n<title>Fonctionnalit\u00e9s d&#039;appel - Dialexia<\/title>\n<meta name=\"robots\" content=\"index, follow, max-snippet:-1, max-image-preview:large, max-video-preview:-1\" \/>\n<link rel=\"canonical\" href=\"https:\/\/dialexia.com\/fr\/school-pbx-solution\/calling-features\/\" \/>\n<meta property=\"og:locale\" content=\"fr_FR\" \/>\n<meta property=\"og:type\" content=\"article\" \/>\n<meta property=\"og:title\" content=\"Fonctionnalit\u00e9s d&#039;appel - Dialexia\" \/>\n<meta property=\"og:description\" content=\"Overview of School PBX Calling Features La solution School PBXoffre aux utilisateurs une gamme de fonctionnalit\u00e9s d&rsquo;appel PBX d&rsquo;entreprise professionnelles et faciles \u00e0 utiliser qui n&rsquo;\u00e9taient auparavant disponibles qu&rsquo;avec des syst\u00e8mes co\u00fbteux \u00e0 commutation de circuits. Les fonctions d&rsquo;appel PBX h\u00e9berg\u00e9es int\u00e9gr\u00e9es sont les suivantes: ID de l&rsquo;interlocuteur Affiche le nom et le num\u00e9ro de [&hellip;]\" \/>\n<meta property=\"og:url\" content=\"https:\/\/dialexia.com\/fr\/school-pbx-solution\/calling-features\/\" \/>\n<meta property=\"og:site_name\" content=\"Dialexia\" \/>\n<meta property=\"article:publisher\" content=\"https:\/\/www.facebook.com\/Dialexia.Communications\/\" \/>\n<meta property=\"article:modified_time\" content=\"2022-01-02T03:17:30+00:00\" \/>\n<meta name=\"twitter:card\" content=\"summary_large_image\" \/>\n<meta name=\"twitter:site\" content=\"@dialexia\" \/>\n<meta name=\"twitter:label1\" content=\"Dur\u00e9e de lecture estim\u00e9e\" \/>\n\t<meta name=\"twitter:data1\" content=\"1 minute\" \/>\n<script type=\"application\/ld+json\" class=\"yoast-schema-graph\">{\"@context\":\"https:\/\/schema.org\",\"@graph\":[{\"@type\":\"WebPage\",\"@id\":\"https:\/\/dialexia.com\/fr\/school-pbx-solution\/calling-features\/\",\"url\":\"https:\/\/dialexia.com\/fr\/school-pbx-solution\/calling-features\/\",\"name\":\"Fonctionnalit\u00e9s d'appel - Dialexia\",\"isPartOf\":{\"@id\":\"https:\/\/dialexia.com\/#website\"},\"datePublished\":\"2021-10-29T20:29:00+00:00\",\"dateModified\":\"2022-01-02T03:17:30+00:00\",\"breadcrumb\":{\"@id\":\"https:\/\/dialexia.com\/fr\/school-pbx-solution\/calling-features\/#breadcrumb\"},\"inLanguage\":\"fr-FR\",\"potentialAction\":[{\"@type\":\"ReadAction\",\"target\":[\"https:\/\/dialexia.com\/fr\/school-pbx-solution\/calling-features\/\"]}]},{\"@type\":\"BreadcrumbList\",\"@id\":\"https:\/\/dialexia.com\/fr\/school-pbx-solution\/calling-features\/#breadcrumb\",\"itemListElement\":[{\"@type\":\"ListItem\",\"position\":1,\"name\":\"Home\",\"item\":\"https:\/\/dialexia.com\/fr\/\"},{\"@type\":\"ListItem\",\"position\":2,\"name\":\"Solution PBX scolaire\",\"item\":\"https:\/\/dialexia.com\/fr\/school-pbx-solution\/\"},{\"@type\":\"ListItem\",\"position\":3,\"name\":\"Fonctionnalit\u00e9s d&rsquo;appel\"}]},{\"@type\":\"WebSite\",\"@id\":\"https:\/\/dialexia.com\/#website\",\"url\":\"https:\/\/dialexia.com\/\",\"name\":\"Dialexia - Breaking Communications Barrier\",\"description\":\"PBX solutions that break communications barriers\",\"publisher\":{\"@id\":\"https:\/\/dialexia.com\/#organization\"},\"potentialAction\":[{\"@type\":\"SearchAction\",\"target\":{\"@type\":\"EntryPoint\",\"urlTemplate\":\"https:\/\/dialexia.com\/?s={search_term_string}\"},\"query-input\":\"required name=search_term_string\"}],\"inLanguage\":\"fr-FR\"},{\"@type\":\"Organization\",\"@id\":\"https:\/\/dialexia.com\/#organization\",\"name\":\"Dialexia - Breaking Communications Barrier\",\"url\":\"https:\/\/dialexia.com\/\",\"logo\":{\"@type\":\"ImageObject\",\"inLanguage\":\"fr-FR\",\"@id\":\"https:\/\/dialexia.com\/#\/schema\/logo\/image\/\",\"url\":\"https:\/\/dialexia.com\/wp-content\/uploads\/2020\/09\/Dialexia_Logo.png\",\"contentUrl\":\"https:\/\/dialexia.com\/wp-content\/uploads\/2020\/09\/Dialexia_Logo.png\",\"width\":1408,\"height\":331,\"caption\":\"Dialexia - Breaking Communications Barrier\"},\"image\":{\"@id\":\"https:\/\/dialexia.com\/#\/schema\/logo\/image\/\"},\"sameAs\":[\"https:\/\/www.facebook.com\/Dialexia.Communications\/\",\"https:\/\/x.com\/dialexia\",\"https:\/\/www.linkedin.com\/company\/dialexia-communications\/\"]}]}<\/script>\n<!-- \/ Yoast SEO plugin. -->","yoast_head_json":{"title":"Fonctionnalit\u00e9s d'appel - Dialexia","robots":{"index":"index","follow":"follow","max-snippet":"max-snippet:-1","max-image-preview":"max-image-preview:large","max-video-preview":"max-video-preview:-1"},"canonical":"https:\/\/dialexia.com\/fr\/school-pbx-solution\/calling-features\/","og_locale":"fr_FR","og_type":"article","og_title":"Fonctionnalit\u00e9s d'appel - Dialexia","og_description":"Overview of School PBX Calling Features La solution School PBXoffre aux utilisateurs une gamme de fonctionnalit\u00e9s d&rsquo;appel PBX d&rsquo;entreprise professionnelles et faciles \u00e0 utiliser qui n&rsquo;\u00e9taient auparavant disponibles qu&rsquo;avec des syst\u00e8mes co\u00fbteux \u00e0 commutation de circuits. Les fonctions d&rsquo;appel PBX h\u00e9berg\u00e9es int\u00e9gr\u00e9es sont les suivantes: ID de l&rsquo;interlocuteur Affiche le nom et le num\u00e9ro de [&hellip;]","og_url":"https:\/\/dialexia.com\/fr\/school-pbx-solution\/calling-features\/","og_site_name":"Dialexia","article_publisher":"https:\/\/www.facebook.com\/Dialexia.Communications\/","article_modified_time":"2022-01-02T03:17:30+00:00","twitter_card":"summary_large_image","twitter_site":"@dialexia","twitter_misc":{"Dur\u00e9e de lecture estim\u00e9e":"1 minute"},"schema":{"@context":"https:\/\/schema.org","@graph":[{"@type":"WebPage","@id":"https:\/\/dialexia.com\/fr\/school-pbx-solution\/calling-features\/","url":"https:\/\/dialexia.com\/fr\/school-pbx-solution\/calling-features\/","name":"Fonctionnalit\u00e9s d'appel - Dialexia","isPartOf":{"@id":"https:\/\/dialexia.com\/#website"},"datePublished":"2021-10-29T20:29:00+00:00","dateModified":"2022-01-02T03:17:30+00:00","breadcrumb":{"@id":"https:\/\/dialexia.com\/fr\/school-pbx-solution\/calling-features\/#breadcrumb"},"inLanguage":"fr-FR","potentialAction":[{"@type":"ReadAction","target":["https:\/\/dialexia.com\/fr\/school-pbx-solution\/calling-features\/"]}]},{"@type":"BreadcrumbList","@id":"https:\/\/dialexia.com\/fr\/school-pbx-solution\/calling-features\/#breadcrumb","itemListElement":[{"@type":"ListItem","position":1,"name":"Home","item":"https:\/\/dialexia.com\/fr\/"},{"@type":"ListItem","position":2,"name":"Solution PBX scolaire","item":"https:\/\/dialexia.com\/fr\/school-pbx-solution\/"},{"@type":"ListItem","position":3,"name":"Fonctionnalit\u00e9s d&rsquo;appel"}]},{"@type":"WebSite","@id":"https:\/\/dialexia.com\/#website","url":"https:\/\/dialexia.com\/","name":"Dialexia - Breaking Communications Barrier","description":"PBX solutions that break communications barriers","publisher":{"@id":"https:\/\/dialexia.com\/#organization"},"potentialAction":[{"@type":"SearchAction","target":{"@type":"EntryPoint","urlTemplate":"https:\/\/dialexia.com\/?s={search_term_string}"},"query-input":"required name=search_term_string"}],"inLanguage":"fr-FR"},{"@type":"Organization","@id":"https:\/\/dialexia.com\/#organization","name":"Dialexia - Breaking Communications Barrier","url":"https:\/\/dialexia.com\/","logo":{"@type":"ImageObject","inLanguage":"fr-FR","@id":"https:\/\/dialexia.com\/#\/schema\/logo\/image\/","url":"https:\/\/dialexia.com\/wp-content\/uploads\/2020\/09\/Dialexia_Logo.png","contentUrl":"https:\/\/dialexia.com\/wp-content\/uploads\/2020\/09\/Dialexia_Logo.png","width":1408,"height":331,"caption":"Dialexia - Breaking Communications Barrier"},"image":{"@id":"https:\/\/dialexia.com\/#\/schema\/logo\/image\/"},"sameAs":["https:\/\/www.facebook.com\/Dialexia.Communications\/","https:\/\/x.com\/dialexia","https:\/\/www.linkedin.com\/company\/dialexia-communications\/"]}]}},"_links":{"self":[{"href":"https:\/\/dialexia.com\/fr\/wp-json\/wp\/v2\/pages\/6575","targetHints":{"allow":["GET"]}}],"collection":[{"href":"https:\/\/dialexia.com\/fr\/wp-json\/wp\/v2\/pages"}],"about":[{"href":"https:\/\/dialexia.com\/fr\/wp-json\/wp\/v2\/types\/page"}],"author":[{"embeddable":true,"href":"https:\/\/dialexia.com\/fr\/wp-json\/wp\/v2\/users\/2"}],"replies":[{"embeddable":true,"href":"https:\/\/dialexia.com\/fr\/wp-json\/wp\/v2\/comments?post=6575"}],"version-history":[{"count":5,"href":"https:\/\/dialexia.com\/fr\/wp-json\/wp\/v2\/pages\/6575\/revisions"}],"predecessor-version":[{"id":6638,"href":"https:\/\/dialexia.com\/fr\/wp-json\/wp\/v2\/pages\/6575\/revisions\/6638"}],"up":[{"embeddable":true,"href":"https:\/\/dialexia.com\/fr\/wp-json\/wp\/v2\/pages\/6577"}],"wp:attachment":[{"href":"https:\/\/dialexia.com\/fr\/wp-json\/wp\/v2\/media?parent=6575"}],"curies":[{"name":"wp","href":"https:\/\/api.w.org\/{rel}","templated":true}]}}