{"id":6584,"date":"2021-10-29T17:56:42","date_gmt":"2021-10-29T17:56:42","guid":{"rendered":"https:\/\/dialexia.com\/webinar\/"},"modified":"2022-01-02T04:41:46","modified_gmt":"2022-01-02T04:41:46","slug":"webinar","status":"publish","type":"page","link":"https:\/\/dialexia.com\/fr\/hospitality-pbx-solution\/webinar\/","title":{"rendered":"Webinaire"},"content":{"rendered":"\t\t<div data-elementor-type=\"wp-page\" data-elementor-id=\"6584\" class=\"elementor elementor-6584 elementor-5455\" data-elementor-post-type=\"page\">\n\t\t\t\t\t\t<section class=\"elementor-section elementor-top-section elementor-element elementor-element-884c7bd ot-traditional elementor-section-boxed elementor-section-height-default elementor-section-height-default\" data-id=\"884c7bd\" data-element_type=\"section\" data-e-type=\"section\" data-settings=\"{&quot;background_background&quot;:&quot;classic&quot;}\">\n\t\t\t\t\t\t<div class=\"elementor-container elementor-column-gap-default\">\n\t\t\t\t\t<div class=\"elementor-column elementor-col-100 elementor-top-column elementor-element elementor-element-f8155ca ot-flex-column-vertical\" data-id=\"f8155ca\" data-element_type=\"column\" data-e-type=\"column\">\n\t\t\t<div class=\"elementor-widget-wrap elementor-element-populated\">\n\t\t\t\t\t\t<div class=\"elementor-element elementor-element-56965a4 elementor-widget elementor-widget-iheading\" data-id=\"56965a4\" data-element_type=\"widget\" data-e-type=\"widget\" data-widget_type=\"iheading.default\">\n\t\t\t\t<div class=\"elementor-widget-container\">\n\t\t\t\t\t\t\t<div class=\"ot-heading\">\n\t        <h2 class=\"main-heading\">Take a Closer Look At Our Cloud-Based Hotel PBX Platform\n<\/h2>\t    <\/div>\n\t    \t\t\t\t<\/div>\n\t\t\t\t<\/div>\n\t\t\t\t<div class=\"elementor-element elementor-element-0a1af14 elementor-widget elementor-widget-text-editor\" data-id=\"0a1af14\" data-element_type=\"widget\" data-e-type=\"widget\" data-widget_type=\"text-editor.default\">\n\t\t\t\t<div class=\"elementor-widget-container\">\n\t\t\t\t\t\t\t\t\t<p>New Hospitality, partenaire technologique de Dialexia en Floride, a publi\u00e9 son dernier webinaire, intitul\u00e9 Introduction to Hotel PBX Systems, dans lequel il pr\u00e9sente un aper\u00e7u de notre nouveau produit innovant La plate-forme <a href=\"https:\/\/madinc.net\/hospitality-pbx-solution\/\">HERO Hospitality<\/a> Hotel PBX offre des fonctions d&rsquo;appel et de gestion, des co\u00fbts uniques et des avantages de gestion uniques aux propri\u00e9taires et op\u00e9rateurs d&rsquo;h\u00f4tel.<\/p>\n\t\t\t\t\t\t\t\t<\/div>\n\t\t\t\t<\/div>\n\t\t\t\t<div class=\"elementor-element elementor-element-0f47eea elementor-widget elementor-widget-text-editor\" data-id=\"0f47eea\" data-element_type=\"widget\" data-e-type=\"widget\" data-widget_type=\"text-editor.default\">\n\t\t\t\t<div class=\"elementor-widget-container\">\n\t\t\t\t\t\t\t\t\t<p>Le webinaire, qui peut \u00eatre consult\u00e9 ci-dessous, donne \u00e9galement un aper\u00e7u des types de syst\u00e8mes t\u00e9l\u00e9phoniques PBX couramment trouv\u00e9s dans les environnements d&rsquo;accueil, et discute des probl\u00e8mes et des points de douleur les plus fr\u00e9quemment cit\u00e9s par les exploitants d&rsquo;h\u00f4tel lorsqu&rsquo;il s&rsquo;agit de g\u00e9rer un syst\u00e8me de communication d&rsquo;accueil sur site.<\/p>\n\t\t\t\t\t\t\t\t<\/div>\n\t\t\t\t<\/div>\n\t\t\t\t<div class=\"elementor-element elementor-element-9228dab elementor-widget elementor-widget-spacer\" data-id=\"9228dab\" data-element_type=\"widget\" data-e-type=\"widget\" data-widget_type=\"spacer.default\">\n\t\t\t\t<div class=\"elementor-widget-container\">\n\t\t\t\t\t\t\t<div class=\"elementor-spacer\">\n\t\t\t<div class=\"elementor-spacer-inner\"><\/div>\n\t\t<\/div>\n\t\t\t\t\t\t<\/div>\n\t\t\t\t<\/div>\n\t\t\t\t<div class=\"elementor-element elementor-element-03d253b elementor-widget elementor-widget-video\" data-id=\"03d253b\" data-element_type=\"widget\" data-e-type=\"widget\" data-settings=\"{&quot;youtube_url&quot;:&quot;https:\\\/\\\/www.youtube.com\\\/watch?v=XHOmBV4js_E&quot;,&quot;video_type&quot;:&quot;youtube&quot;,&quot;controls&quot;:&quot;yes&quot;}\" data-widget_type=\"video.default\">\n\t\t\t\t<div class=\"elementor-widget-container\">\n\t\t\t\t\t\t\t<div class=\"elementor-wrapper elementor-open-inline\">\n\t\t\t<div class=\"elementor-video\"><\/div>\t\t<\/div>\n\t\t\t\t\t\t<\/div>\n\t\t\t\t<\/div>\n\t\t\t\t<div class=\"elementor-element elementor-element-bd22fb7 elementor-absolute elementor-widget__width-initial elementor-widget elementor-widget-image\" data-id=\"bd22fb7\" data-element_type=\"widget\" data-e-type=\"widget\" data-settings=\"{&quot;_position&quot;:&quot;absolute&quot;}\" data-widget_type=\"image.default\">\n\t\t\t\t<div class=\"elementor-widget-container\">\n\t\t\t\t\t\t\t\t\t\t\t\t\t\t\t<img decoding=\"async\" width=\"305\" height=\"102\" src=\"https:\/\/dialexia.com\/wp-content\/uploads\/2021\/10\/03-2.png\" class=\"attachment-large size-large wp-image-6393\" alt=\"\" srcset=\"https:\/\/dialexia.com\/wp-content\/uploads\/2021\/10\/03-2.png 305w, https:\/\/dialexia.com\/wp-content\/uploads\/2021\/10\/03-2-300x100.png 300w\" sizes=\"(max-width: 305px) 100vw, 305px\" \/>\t\t\t\t\t\t\t\t\t\t\t\t\t\t\t<\/div>\n\t\t\t\t<\/div>\n\t\t\t\t\t<\/div>\n\t\t<\/div>\n\t\t\t\t\t<\/div>\n\t\t<\/section>\n\t\t\t\t<\/div>\n\t\t","protected":false},"excerpt":{"rendered":"<p>Take a Closer Look At Our Cloud-Based Hotel PBX Platform New Hospitality, partenaire technologique de Dialexia en Floride, a publi\u00e9 son dernier webinaire, intitul\u00e9 Introduction to Hotel PBX Systems, dans lequel il pr\u00e9sente un aper\u00e7u de notre nouveau produit innovant La plate-forme HERO Hospitality Hotel PBX offre des fonctions d&rsquo;appel et de gestion, des co\u00fbts [&hellip;]<\/p>\n","protected":false},"author":2,"featured_media":0,"parent":6586,"menu_order":0,"comment_status":"closed","ping_status":"closed","template":"","meta":{"footnotes":""},"class_list":["post-6584","page","type-page","status-publish","hentry"],"yoast_head":"<!-- This site is optimized with the Yoast SEO plugin v22.5 - https:\/\/yoast.com\/wordpress\/plugins\/seo\/ -->\n<title>Webinaire - Dialexia<\/title>\n<meta name=\"robots\" content=\"index, follow, max-snippet:-1, max-image-preview:large, max-video-preview:-1\" \/>\n<link rel=\"canonical\" href=\"https:\/\/dialexia.com\/fr\/hospitality-pbx-solution\/webinar\/\" \/>\n<meta property=\"og:locale\" content=\"fr_FR\" \/>\n<meta property=\"og:type\" content=\"article\" \/>\n<meta property=\"og:title\" content=\"Webinaire - Dialexia\" \/>\n<meta property=\"og:description\" content=\"Take a Closer Look At Our Cloud-Based Hotel PBX Platform New Hospitality, partenaire technologique de Dialexia en Floride, a publi\u00e9 son dernier webinaire, intitul\u00e9 Introduction to Hotel PBX Systems, dans lequel il pr\u00e9sente un aper\u00e7u de notre nouveau produit innovant La plate-forme HERO Hospitality Hotel PBX offre des fonctions d&rsquo;appel et de gestion, des co\u00fbts [&hellip;]\" \/>\n<meta property=\"og:url\" content=\"https:\/\/dialexia.com\/fr\/hospitality-pbx-solution\/webinar\/\" \/>\n<meta property=\"og:site_name\" content=\"Dialexia\" \/>\n<meta property=\"article:publisher\" content=\"https:\/\/www.facebook.com\/Dialexia.Communications\/\" \/>\n<meta property=\"article:modified_time\" content=\"2022-01-02T04:41:46+00:00\" \/>\n<meta property=\"og:image\" content=\"https:\/\/dialexia.com\/wp-content\/uploads\/2021\/10\/03-2.png\" \/>\n<meta name=\"twitter:card\" content=\"summary_large_image\" \/>\n<meta name=\"twitter:site\" content=\"@dialexia\" \/>\n<meta name=\"twitter:label1\" content=\"Dur\u00e9e de lecture estim\u00e9e\" \/>\n\t<meta name=\"twitter:data1\" content=\"1 minute\" \/>\n<script type=\"application\/ld+json\" class=\"yoast-schema-graph\">{\"@context\":\"https:\/\/schema.org\",\"@graph\":[{\"@type\":\"WebPage\",\"@id\":\"https:\/\/dialexia.com\/fr\/hospitality-pbx-solution\/webinar\/\",\"url\":\"https:\/\/dialexia.com\/fr\/hospitality-pbx-solution\/webinar\/\",\"name\":\"Webinaire - Dialexia\",\"isPartOf\":{\"@id\":\"https:\/\/dialexia.com\/#website\"},\"primaryImageOfPage\":{\"@id\":\"https:\/\/dialexia.com\/fr\/hospitality-pbx-solution\/webinar\/#primaryimage\"},\"image\":{\"@id\":\"https:\/\/dialexia.com\/fr\/hospitality-pbx-solution\/webinar\/#primaryimage\"},\"thumbnailUrl\":\"https:\/\/dialexia.com\/wp-content\/uploads\/2021\/10\/03-2.png\",\"datePublished\":\"2021-10-29T17:56:42+00:00\",\"dateModified\":\"2022-01-02T04:41:46+00:00\",\"breadcrumb\":{\"@id\":\"https:\/\/dialexia.com\/fr\/hospitality-pbx-solution\/webinar\/#breadcrumb\"},\"inLanguage\":\"fr-FR\",\"potentialAction\":[{\"@type\":\"ReadAction\",\"target\":[\"https:\/\/dialexia.com\/fr\/hospitality-pbx-solution\/webinar\/\"]}]},{\"@type\":\"ImageObject\",\"inLanguage\":\"fr-FR\",\"@id\":\"https:\/\/dialexia.com\/fr\/hospitality-pbx-solution\/webinar\/#primaryimage\",\"url\":\"https:\/\/dialexia.com\/wp-content\/uploads\/2021\/10\/03-2.png\",\"contentUrl\":\"https:\/\/dialexia.com\/wp-content\/uploads\/2021\/10\/03-2.png\"},{\"@type\":\"BreadcrumbList\",\"@id\":\"https:\/\/dialexia.com\/fr\/hospitality-pbx-solution\/webinar\/#breadcrumb\",\"itemListElement\":[{\"@type\":\"ListItem\",\"position\":1,\"name\":\"Home\",\"item\":\"https:\/\/dialexia.com\/fr\/\"},{\"@type\":\"ListItem\",\"position\":2,\"name\":\"Solution PBX d&rsquo;Hospitalit\u00e9\",\"item\":\"https:\/\/dialexia.com\/fr\/hospitality-pbx-solution\/\"},{\"@type\":\"ListItem\",\"position\":3,\"name\":\"Webinaire\"}]},{\"@type\":\"WebSite\",\"@id\":\"https:\/\/dialexia.com\/#website\",\"url\":\"https:\/\/dialexia.com\/\",\"name\":\"Dialexia - Breaking Communications Barrier\",\"description\":\"PBX solutions that break communications barriers\",\"publisher\":{\"@id\":\"https:\/\/dialexia.com\/#organization\"},\"potentialAction\":[{\"@type\":\"SearchAction\",\"target\":{\"@type\":\"EntryPoint\",\"urlTemplate\":\"https:\/\/dialexia.com\/?s={search_term_string}\"},\"query-input\":\"required name=search_term_string\"}],\"inLanguage\":\"fr-FR\"},{\"@type\":\"Organization\",\"@id\":\"https:\/\/dialexia.com\/#organization\",\"name\":\"Dialexia - Breaking Communications Barrier\",\"url\":\"https:\/\/dialexia.com\/\",\"logo\":{\"@type\":\"ImageObject\",\"inLanguage\":\"fr-FR\",\"@id\":\"https:\/\/dialexia.com\/#\/schema\/logo\/image\/\",\"url\":\"https:\/\/dialexia.com\/wp-content\/uploads\/2020\/09\/Dialexia_Logo.png\",\"contentUrl\":\"https:\/\/dialexia.com\/wp-content\/uploads\/2020\/09\/Dialexia_Logo.png\",\"width\":1408,\"height\":331,\"caption\":\"Dialexia - Breaking Communications Barrier\"},\"image\":{\"@id\":\"https:\/\/dialexia.com\/#\/schema\/logo\/image\/\"},\"sameAs\":[\"https:\/\/www.facebook.com\/Dialexia.Communications\/\",\"https:\/\/x.com\/dialexia\",\"https:\/\/www.linkedin.com\/company\/dialexia-communications\/\"]}]}<\/script>\n<!-- \/ Yoast SEO plugin. -->","yoast_head_json":{"title":"Webinaire - Dialexia","robots":{"index":"index","follow":"follow","max-snippet":"max-snippet:-1","max-image-preview":"max-image-preview:large","max-video-preview":"max-video-preview:-1"},"canonical":"https:\/\/dialexia.com\/fr\/hospitality-pbx-solution\/webinar\/","og_locale":"fr_FR","og_type":"article","og_title":"Webinaire - Dialexia","og_description":"Take a Closer Look At Our Cloud-Based Hotel PBX Platform New Hospitality, partenaire technologique de Dialexia en Floride, a publi\u00e9 son dernier webinaire, intitul\u00e9 Introduction to Hotel PBX Systems, dans lequel il pr\u00e9sente un aper\u00e7u de notre nouveau produit innovant La plate-forme HERO Hospitality Hotel PBX offre des fonctions d&rsquo;appel et de gestion, des co\u00fbts [&hellip;]","og_url":"https:\/\/dialexia.com\/fr\/hospitality-pbx-solution\/webinar\/","og_site_name":"Dialexia","article_publisher":"https:\/\/www.facebook.com\/Dialexia.Communications\/","article_modified_time":"2022-01-02T04:41:46+00:00","og_image":[{"url":"https:\/\/dialexia.com\/wp-content\/uploads\/2021\/10\/03-2.png"}],"twitter_card":"summary_large_image","twitter_site":"@dialexia","twitter_misc":{"Dur\u00e9e de lecture estim\u00e9e":"1 minute"},"schema":{"@context":"https:\/\/schema.org","@graph":[{"@type":"WebPage","@id":"https:\/\/dialexia.com\/fr\/hospitality-pbx-solution\/webinar\/","url":"https:\/\/dialexia.com\/fr\/hospitality-pbx-solution\/webinar\/","name":"Webinaire - Dialexia","isPartOf":{"@id":"https:\/\/dialexia.com\/#website"},"primaryImageOfPage":{"@id":"https:\/\/dialexia.com\/fr\/hospitality-pbx-solution\/webinar\/#primaryimage"},"image":{"@id":"https:\/\/dialexia.com\/fr\/hospitality-pbx-solution\/webinar\/#primaryimage"},"thumbnailUrl":"https:\/\/dialexia.com\/wp-content\/uploads\/2021\/10\/03-2.png","datePublished":"2021-10-29T17:56:42+00:00","dateModified":"2022-01-02T04:41:46+00:00","breadcrumb":{"@id":"https:\/\/dialexia.com\/fr\/hospitality-pbx-solution\/webinar\/#breadcrumb"},"inLanguage":"fr-FR","potentialAction":[{"@type":"ReadAction","target":["https:\/\/dialexia.com\/fr\/hospitality-pbx-solution\/webinar\/"]}]},{"@type":"ImageObject","inLanguage":"fr-FR","@id":"https:\/\/dialexia.com\/fr\/hospitality-pbx-solution\/webinar\/#primaryimage","url":"https:\/\/dialexia.com\/wp-content\/uploads\/2021\/10\/03-2.png","contentUrl":"https:\/\/dialexia.com\/wp-content\/uploads\/2021\/10\/03-2.png"},{"@type":"BreadcrumbList","@id":"https:\/\/dialexia.com\/fr\/hospitality-pbx-solution\/webinar\/#breadcrumb","itemListElement":[{"@type":"ListItem","position":1,"name":"Home","item":"https:\/\/dialexia.com\/fr\/"},{"@type":"ListItem","position":2,"name":"Solution PBX d&rsquo;Hospitalit\u00e9","item":"https:\/\/dialexia.com\/fr\/hospitality-pbx-solution\/"},{"@type":"ListItem","position":3,"name":"Webinaire"}]},{"@type":"WebSite","@id":"https:\/\/dialexia.com\/#website","url":"https:\/\/dialexia.com\/","name":"Dialexia - Breaking Communications Barrier","description":"PBX solutions that break communications barriers","publisher":{"@id":"https:\/\/dialexia.com\/#organization"},"potentialAction":[{"@type":"SearchAction","target":{"@type":"EntryPoint","urlTemplate":"https:\/\/dialexia.com\/?s={search_term_string}"},"query-input":"required name=search_term_string"}],"inLanguage":"fr-FR"},{"@type":"Organization","@id":"https:\/\/dialexia.com\/#organization","name":"Dialexia - Breaking Communications Barrier","url":"https:\/\/dialexia.com\/","logo":{"@type":"ImageObject","inLanguage":"fr-FR","@id":"https:\/\/dialexia.com\/#\/schema\/logo\/image\/","url":"https:\/\/dialexia.com\/wp-content\/uploads\/2020\/09\/Dialexia_Logo.png","contentUrl":"https:\/\/dialexia.com\/wp-content\/uploads\/2020\/09\/Dialexia_Logo.png","width":1408,"height":331,"caption":"Dialexia - Breaking Communications Barrier"},"image":{"@id":"https:\/\/dialexia.com\/#\/schema\/logo\/image\/"},"sameAs":["https:\/\/www.facebook.com\/Dialexia.Communications\/","https:\/\/x.com\/dialexia","https:\/\/www.linkedin.com\/company\/dialexia-communications\/"]}]}},"_links":{"self":[{"href":"https:\/\/dialexia.com\/fr\/wp-json\/wp\/v2\/pages\/6584","targetHints":{"allow":["GET"]}}],"collection":[{"href":"https:\/\/dialexia.com\/fr\/wp-json\/wp\/v2\/pages"}],"about":[{"href":"https:\/\/dialexia.com\/fr\/wp-json\/wp\/v2\/types\/page"}],"author":[{"embeddable":true,"href":"https:\/\/dialexia.com\/fr\/wp-json\/wp\/v2\/users\/2"}],"replies":[{"embeddable":true,"href":"https:\/\/dialexia.com\/fr\/wp-json\/wp\/v2\/comments?post=6584"}],"version-history":[{"count":3,"href":"https:\/\/dialexia.com\/fr\/wp-json\/wp\/v2\/pages\/6584\/revisions"}],"predecessor-version":[{"id":6674,"href":"https:\/\/dialexia.com\/fr\/wp-json\/wp\/v2\/pages\/6584\/revisions\/6674"}],"up":[{"embeddable":true,"href":"https:\/\/dialexia.com\/fr\/wp-json\/wp\/v2\/pages\/6586"}],"wp:attachment":[{"href":"https:\/\/dialexia.com\/fr\/wp-json\/wp\/v2\/media?parent=6584"}],"curies":[{"name":"wp","href":"https:\/\/api.w.org\/{rel}","templated":true}]}}