{"id":6586,"date":"2021-10-29T17:50:00","date_gmt":"2021-10-29T17:50:00","guid":{"rendered":"https:\/\/dialexia.com\/hospitality-pbx-solution\/"},"modified":"2022-01-09T21:52:49","modified_gmt":"2022-01-09T21:52:49","slug":"hospitality-pbx-solution","status":"publish","type":"page","link":"https:\/\/dialexia.com\/fr\/hospitality-pbx-solution\/","title":{"rendered":"Solution PBX d&rsquo;Hospitalit\u00e9"},"content":{"rendered":"\t\t<div data-elementor-type=\"wp-page\" data-elementor-id=\"6586\" class=\"elementor elementor-6586 elementor-5449\" data-elementor-post-type=\"page\">\n\t\t\t\t\t\t<section class=\"elementor-section elementor-top-section elementor-element elementor-element-f987f50 ot-traditional elementor-section-boxed elementor-section-height-default elementor-section-height-default\" data-id=\"f987f50\" data-element_type=\"section\" data-e-type=\"section\" data-settings=\"{&quot;background_background&quot;:&quot;classic&quot;}\">\n\t\t\t\t\t\t<div class=\"elementor-container elementor-column-gap-default\">\n\t\t\t\t\t<div class=\"elementor-column elementor-col-100 elementor-top-column elementor-element elementor-element-0abcd19 ot-flex-column-vertical\" data-id=\"0abcd19\" data-element_type=\"column\" data-e-type=\"column\">\n\t\t\t<div class=\"elementor-widget-wrap elementor-element-populated\">\n\t\t\t\t\t\t<div class=\"elementor-element elementor-element-53a46f4 elementor-widget elementor-widget-iheading\" data-id=\"53a46f4\" data-element_type=\"widget\" data-e-type=\"widget\" data-widget_type=\"iheading.default\">\n\t\t\t\t<div class=\"elementor-widget-container\">\n\t\t\t\t\t\t\t<div class=\"ot-heading\">\n\t        <h2 class=\"main-heading\">Cloud-Based Hospitality PBX Solution for Hotels & Resorts\n<\/h2>\t    <\/div>\n\t    \t\t\t\t<\/div>\n\t\t\t\t<\/div>\n\t\t\t\t<div class=\"elementor-element elementor-element-f9fbdd4 elementor-widget elementor-widget-text-editor\" data-id=\"f9fbdd4\" data-element_type=\"widget\" data-e-type=\"widget\" data-widget_type=\"text-editor.default\">\n\t\t\t\t<div class=\"elementor-widget-container\">\n\t\t\t\t\t\t\t\t\t<p>Bas\u00e9 sur la plate-forme <a href=\"https:\/\/madinc.net\/hosted-pbx-solution\/\">PBX cloud<\/a> prim\u00e9e de Dialexia, HERO Hospitality est une solution PBX d&rsquo;accueil con\u00e7ue sp\u00e9cifiquement pour les h\u00f4tels, les complexes h\u00f4teliers et autres environnements d&rsquo;accueil, y compris les logements militaires et gouvernementaux. L&rsquo;application offre des capacit\u00e9s de gestion et de facturation de syst\u00e8mes t\u00e9l\u00e9phoniques de pointe, en plus de fournir aux exploitants d&rsquo;h\u00f4tels des outils de service client et de productivit\u00e9 utiles pour les aider \u00e0 r\u00e9duire les co\u00fbts et \u00e0 mieux servir leurs clients et leurs r\u00e9sidents.<\/p>\n\t\t\t\t\t\t\t\t<\/div>\n\t\t\t\t<\/div>\n\t\t\t\t<div class=\"elementor-element elementor-element-79f8e5a elementor-widget elementor-widget-text-editor\" data-id=\"79f8e5a\" data-element_type=\"widget\" data-e-type=\"widget\" data-widget_type=\"text-editor.default\">\n\t\t\t\t<div class=\"elementor-widget-container\">\n\t\t\t\t\t\t\t\t\t<p>Gr\u00e2ce \u00e0 son interface de gestion de r\u00e9ception facile \u00e0 utiliser, ses fonctionnalit\u00e9s d&rsquo;\u00e9conomie et son \u00e9volutivit\u00e9 sup\u00e9rieure, la solution HERO Hospitality PBX permet aux exploitants d&rsquo;h\u00f4tels et de logements d&rsquo;augmenter la productivit\u00e9 dans tous les domaines. De plus, \u00eatre enti\u00e8rement bas\u00e9 sur un logiciel signifie que HERO peut \u00eatre achet\u00e9 directement pour une fraction du co\u00fbt associ\u00e9 aux mises \u00e0 niveau PBX traditionnelles. En contribuant \u00e0 l&rsquo;administration syst\u00e9matique des affaires h\u00f4teli\u00e8res, HERO Hospitality peut aider les op\u00e9rateurs \u00e0 augmenter les niveaux de productivit\u00e9, \u00e0 limiter l&rsquo;impact des erreurs humaines et \u00e0 servir plus efficacement les clients dans leurs \u00e9tablissements.<\/p>\n\t\t\t\t\t\t\t\t<\/div>\n\t\t\t\t<\/div>\n\t\t\t\t<div class=\"elementor-element elementor-element-56e857a elementor-absolute elementor-widget__width-initial elementor-widget elementor-widget-image\" data-id=\"56e857a\" data-element_type=\"widget\" data-e-type=\"widget\" data-settings=\"{&quot;_position&quot;:&quot;absolute&quot;}\" data-widget_type=\"image.default\">\n\t\t\t\t<div class=\"elementor-widget-container\">\n\t\t\t\t\t\t\t\t\t\t\t\t\t\t\t<img decoding=\"async\" width=\"305\" height=\"102\" src=\"https:\/\/dialexia.com\/wp-content\/uploads\/2021\/10\/03-2.png\" class=\"attachment-large size-large wp-image-6393\" alt=\"\" srcset=\"https:\/\/dialexia.com\/wp-content\/uploads\/2021\/10\/03-2.png 305w, https:\/\/dialexia.com\/wp-content\/uploads\/2021\/10\/03-2-300x100.png 300w\" sizes=\"(max-width: 305px) 100vw, 305px\" \/>\t\t\t\t\t\t\t\t\t\t\t\t\t\t\t<\/div>\n\t\t\t\t<\/div>\n\t\t\t\t<section class=\"elementor-section elementor-inner-section elementor-element elementor-element-8136a75 elementor-section-full_width ot-traditional elementor-section-height-default elementor-section-height-default\" data-id=\"8136a75\" data-element_type=\"section\" data-e-type=\"section\">\n\t\t\t\t\t\t<div class=\"elementor-container elementor-column-gap-wide\">\n\t\t\t\t\t<div class=\"elementor-column elementor-col-100 elementor-inner-column elementor-element elementor-element-21caede ot-flex-column-vertical\" data-id=\"21caede\" data-element_type=\"column\" data-e-type=\"column\">\n\t\t\t<div class=\"elementor-widget-wrap elementor-element-populated\">\n\t\t\t\t\t\t<div class=\"elementor-element elementor-element-d29202e elementor-position-inline-start elementor-view-default elementor-mobile-position-block-start elementor-widget elementor-widget-icon-box\" data-id=\"d29202e\" data-element_type=\"widget\" data-e-type=\"widget\" data-widget_type=\"icon-box.default\">\n\t\t\t\t<div class=\"elementor-widget-container\">\n\t\t\t\t\t\t\t<div class=\"elementor-icon-box-wrapper\">\n\n\t\t\t\t\t\t<div class=\"elementor-icon-box-icon\">\n\t\t\t\t<span  class=\"elementor-icon\">\n\t\t\t\t<i aria-hidden=\"true\" class=\"fas fa-cloud\"><\/i>\t\t\t\t<\/span>\n\t\t\t<\/div>\n\t\t\t\n\t\t\t\t\t\t<div class=\"elementor-icon-box-content\">\n\n\t\t\t\t\t\t\t\t\t<h3 class=\"elementor-icon-box-title\">\n\t\t\t\t\t\t<span  >\n\t\t\t\t\t\t\tServices h\u00e9berg\u00e9s \t\t\t\t\t\t<\/span>\n\t\t\t\t\t<\/h3>\n\t\t\t\t\n\t\t\t\t\t\t\t\t\t<p class=\"elementor-icon-box-description\">\n\t\t\t\t\t\t\u00c9tant bas\u00e9e sur le cloud, la solution HERO Hospitality PBX \u00e9limine la maintenance, le support et les co\u00fbts en capital n\u00e9cessaires pour utiliser l'\u00e9quipement sur site. En outre, il propose des fonctionnalit\u00e9s avanc\u00e9es d'appel VoIP et des outils logiciels pour faciliter la gestion des PBX dans les h\u00f4tels.\t\t\t\t\t<\/p>\n\t\t\t\t\n\t\t\t<\/div>\n\t\t\t\n\t\t<\/div>\n\t\t\t\t\t\t<\/div>\n\t\t\t\t<\/div>\n\t\t\t\t\t<\/div>\n\t\t<\/div>\n\t\t\t\t\t<\/div>\n\t\t<\/section>\n\t\t\t\t<section class=\"elementor-section elementor-inner-section elementor-element elementor-element-ee409c3 elementor-section-full_width ot-traditional elementor-section-height-default elementor-section-height-default\" data-id=\"ee409c3\" data-element_type=\"section\" data-e-type=\"section\">\n\t\t\t\t\t\t<div class=\"elementor-container elementor-column-gap-wide\">\n\t\t\t\t\t<div class=\"elementor-column elementor-col-100 elementor-inner-column elementor-element elementor-element-7a91228 ot-flex-column-vertical\" data-id=\"7a91228\" data-element_type=\"column\" data-e-type=\"column\">\n\t\t\t<div class=\"elementor-widget-wrap elementor-element-populated\">\n\t\t\t\t\t\t<div class=\"elementor-element elementor-element-940a080 elementor-position-inline-start elementor-view-default elementor-mobile-position-block-start elementor-widget elementor-widget-icon-box\" data-id=\"940a080\" data-element_type=\"widget\" data-e-type=\"widget\" data-widget_type=\"icon-box.default\">\n\t\t\t\t<div class=\"elementor-widget-container\">\n\t\t\t\t\t\t\t<div class=\"elementor-icon-box-wrapper\">\n\n\t\t\t\t\t\t<div class=\"elementor-icon-box-icon\">\n\t\t\t\t<span  class=\"elementor-icon\">\n\t\t\t\t<i aria-hidden=\"true\" class=\"fas fa-cog\"><\/i>\t\t\t\t<\/span>\n\t\t\t<\/div>\n\t\t\t\n\t\t\t\t\t\t<div class=\"elementor-icon-box-content\">\n\n\t\t\t\t\t\t\t\t\t<h3 class=\"elementor-icon-box-title\">\n\t\t\t\t\t\t<span  >\n\t\t\t\t\t\t\tInt\u00e9gration transparente \t\t\t\t\t\t<\/span>\n\t\t\t\t\t<\/h3>\n\t\t\t\t\n\t\t\t\t\t\t\t\t\t<p class=\"elementor-icon-box-description\">\n\t\t\t\t\t\tHERO hospitality PBX est une solution flexible qui peut \u00eatre rapidement int\u00e9gr\u00e9e et d\u00e9ploy\u00e9e dans n'importe quel environnement h\u00f4telier. Notre plate-forme est compatible avec tous les principaux syst\u00e8mes PMS d'h\u00f4tel et une large gamme de t\u00e9l\u00e9phones analogiques et IP des principaux fabricants.\t\t\t\t\t<\/p>\n\t\t\t\t\n\t\t\t<\/div>\n\t\t\t\n\t\t<\/div>\n\t\t\t\t\t\t<\/div>\n\t\t\t\t<\/div>\n\t\t\t\t\t<\/div>\n\t\t<\/div>\n\t\t\t\t\t<\/div>\n\t\t<\/section>\n\t\t\t\t<section class=\"elementor-section elementor-inner-section elementor-element elementor-element-4f253b4 elementor-section-full_width ot-traditional elementor-section-height-default elementor-section-height-default\" data-id=\"4f253b4\" data-element_type=\"section\" data-e-type=\"section\">\n\t\t\t\t\t\t<div class=\"elementor-container elementor-column-gap-wide\">\n\t\t\t\t\t<div class=\"elementor-column elementor-col-100 elementor-inner-column elementor-element elementor-element-ea32526 ot-flex-column-vertical\" data-id=\"ea32526\" data-element_type=\"column\" data-e-type=\"column\">\n\t\t\t<div class=\"elementor-widget-wrap elementor-element-populated\">\n\t\t\t\t\t\t<div class=\"elementor-element elementor-element-40d5ffc elementor-position-inline-start elementor-view-default elementor-mobile-position-block-start elementor-widget elementor-widget-icon-box\" data-id=\"40d5ffc\" data-element_type=\"widget\" data-e-type=\"widget\" data-widget_type=\"icon-box.default\">\n\t\t\t\t<div class=\"elementor-widget-container\">\n\t\t\t\t\t\t\t<div class=\"elementor-icon-box-wrapper\">\n\n\t\t\t\t\t\t<div class=\"elementor-icon-box-icon\">\n\t\t\t\t<span  class=\"elementor-icon\">\n\t\t\t\t<i aria-hidden=\"true\" class=\"fas fa-dollar-sign\"><\/i>\t\t\t\t<\/span>\n\t\t\t<\/div>\n\t\t\t\n\t\t\t\t\t\t<div class=\"elementor-icon-box-content\">\n\n\t\t\t\t\t\t\t\t\t<h3 class=\"elementor-icon-box-title\">\n\t\t\t\t\t\t<span  >\n\t\t\t\t\t\t\tPlateforme de facturation \t\t\t\t\t\t<\/span>\n\t\t\t\t\t<\/h3>\n\t\t\t\t\n\t\t\t\t\t\t\t\t\t<p class=\"elementor-icon-box-description\">\n\t\t\t\t\t\tLa solution HERO Hospitality PBX est livr\u00e9e avec une plate-forme de facturation int\u00e9gr\u00e9e qui permet aux op\u00e9rateurs d'accueil et aux prestataires de services de g\u00e9rer facilement les comptes et les paiements des clients de l'h\u00f4tel. Le composant de facturation comprend la facturation automatis\u00e9e et plusieurs options de paiement, y compris pr\u00e9pay\u00e9es et postpay\u00e9es.\t\t\t\t\t<\/p>\n\t\t\t\t\n\t\t\t<\/div>\n\t\t\t\n\t\t<\/div>\n\t\t\t\t\t\t<\/div>\n\t\t\t\t<\/div>\n\t\t\t\t\t<\/div>\n\t\t<\/div>\n\t\t\t\t\t<\/div>\n\t\t<\/section>\n\t\t\t\t<section class=\"elementor-section elementor-inner-section elementor-element elementor-element-02173d5 elementor-section-full_width ot-traditional elementor-section-height-default elementor-section-height-default\" data-id=\"02173d5\" data-element_type=\"section\" data-e-type=\"section\">\n\t\t\t\t\t\t<div class=\"elementor-container elementor-column-gap-wide\">\n\t\t\t\t\t<div class=\"elementor-column elementor-col-100 elementor-inner-column elementor-element elementor-element-f8307b7 ot-flex-column-vertical\" data-id=\"f8307b7\" data-element_type=\"column\" data-e-type=\"column\">\n\t\t\t<div class=\"elementor-widget-wrap elementor-element-populated\">\n\t\t\t\t\t\t<div class=\"elementor-element elementor-element-71e6eb1 elementor-position-inline-start elementor-view-default elementor-mobile-position-block-start elementor-widget elementor-widget-icon-box\" data-id=\"71e6eb1\" data-element_type=\"widget\" data-e-type=\"widget\" data-widget_type=\"icon-box.default\">\n\t\t\t\t<div class=\"elementor-widget-container\">\n\t\t\t\t\t\t\t<div class=\"elementor-icon-box-wrapper\">\n\n\t\t\t\t\t\t<div class=\"elementor-icon-box-icon\">\n\t\t\t\t<a href=\"#\" class=\"elementor-icon\" tabindex=\"-1\" aria-label=\"Am\u00e9liorations des t\u00e9l\u00e9phone des clients \">\n\t\t\t\t<i aria-hidden=\"true\" class=\"fas fa-phone-volume\"><\/i>\t\t\t\t<\/a>\n\t\t\t<\/div>\n\t\t\t\n\t\t\t\t\t\t<div class=\"elementor-icon-box-content\">\n\n\t\t\t\t\t\t\t\t\t<h3 class=\"elementor-icon-box-title\">\n\t\t\t\t\t\t<a href=\"#\" >\n\t\t\t\t\t\t\tAm\u00e9liorations des t\u00e9l\u00e9phone des clients \t\t\t\t\t\t<\/a>\n\t\t\t\t\t<\/h3>\n\t\t\t\t\n\t\t\t\t\t\t\t\t\t<p class=\"elementor-icon-box-description\">\n\t\t\t\t\t\tLa solution HERO Hospitality PBX permet aux exploitants d'h\u00f4tels de pr\u00e9server les investissements existants en conservant leurs t\u00e9l\u00e9phones de chambre existants. Les services t\u00e9l\u00e9phoniques bas\u00e9s sur les logiciels de HERO peuvent \u00eatre ajout\u00e9s aux t\u00e9l\u00e9phones existants pour fournir les derni\u00e8res fonctionnalit\u00e9s dont les clients ont envie.\t\t\t\t\t<\/p>\n\t\t\t\t\n\t\t\t<\/div>\n\t\t\t\n\t\t<\/div>\n\t\t\t\t\t\t<\/div>\n\t\t\t\t<\/div>\n\t\t\t\t\t<\/div>\n\t\t<\/div>\n\t\t\t\t\t<\/div>\n\t\t<\/section>\n\t\t\t\t\t<\/div>\n\t\t<\/div>\n\t\t\t\t\t<\/div>\n\t\t<\/section>\n\t\t\t\t<\/div>\n\t\t","protected":false},"excerpt":{"rendered":"<p>Cloud-Based Hospitality PBX Solution for Hotels &amp; Resorts Bas\u00e9 sur la plate-forme PBX cloud prim\u00e9e de Dialexia, HERO Hospitality est une solution PBX d&rsquo;accueil con\u00e7ue sp\u00e9cifiquement pour les h\u00f4tels, les complexes h\u00f4teliers et autres environnements d&rsquo;accueil, y compris les logements militaires et gouvernementaux. L&rsquo;application offre des capacit\u00e9s de gestion et de facturation de syst\u00e8mes t\u00e9l\u00e9phoniques [&hellip;]<\/p>\n","protected":false},"author":2,"featured_media":0,"parent":0,"menu_order":0,"comment_status":"closed","ping_status":"closed","template":"","meta":{"footnotes":""},"class_list":["post-6586","page","type-page","status-publish","hentry"],"yoast_head":"<!-- This site is optimized with the Yoast SEO plugin v22.5 - https:\/\/yoast.com\/wordpress\/plugins\/seo\/ -->\n<title>Solution PBX d&#039;Hospitalit\u00e9 - Dialexia<\/title>\n<meta name=\"robots\" content=\"index, follow, max-snippet:-1, max-image-preview:large, max-video-preview:-1\" \/>\n<link rel=\"canonical\" href=\"https:\/\/dialexia.com\/fr\/hospitality-pbx-solution\/\" \/>\n<meta property=\"og:locale\" content=\"fr_FR\" \/>\n<meta property=\"og:type\" content=\"article\" \/>\n<meta property=\"og:title\" content=\"Solution PBX d&#039;Hospitalit\u00e9 - Dialexia\" \/>\n<meta property=\"og:description\" content=\"Cloud-Based Hospitality PBX Solution for Hotels &amp; Resorts Bas\u00e9 sur la plate-forme PBX cloud prim\u00e9e de Dialexia, HERO Hospitality est une solution PBX d&rsquo;accueil con\u00e7ue sp\u00e9cifiquement pour les h\u00f4tels, les complexes h\u00f4teliers et autres environnements d&rsquo;accueil, y compris les logements militaires et gouvernementaux. L&rsquo;application offre des capacit\u00e9s de gestion et de facturation de syst\u00e8mes t\u00e9l\u00e9phoniques [&hellip;]\" \/>\n<meta property=\"og:url\" content=\"https:\/\/dialexia.com\/fr\/hospitality-pbx-solution\/\" \/>\n<meta property=\"og:site_name\" content=\"Dialexia\" \/>\n<meta property=\"article:publisher\" content=\"https:\/\/www.facebook.com\/Dialexia.Communications\/\" \/>\n<meta property=\"article:modified_time\" content=\"2022-01-09T21:52:49+00:00\" \/>\n<meta property=\"og:image\" content=\"https:\/\/dialexia.com\/wp-content\/uploads\/2021\/10\/03-2.png\" \/>\n<meta name=\"twitter:card\" content=\"summary_large_image\" \/>\n<meta name=\"twitter:site\" content=\"@dialexia\" \/>\n<meta name=\"twitter:label1\" content=\"Dur\u00e9e de lecture estim\u00e9e\" \/>\n\t<meta name=\"twitter:data1\" content=\"2 minutes\" \/>\n<script type=\"application\/ld+json\" class=\"yoast-schema-graph\">{\"@context\":\"https:\/\/schema.org\",\"@graph\":[{\"@type\":\"WebPage\",\"@id\":\"https:\/\/dialexia.com\/fr\/hospitality-pbx-solution\/\",\"url\":\"https:\/\/dialexia.com\/fr\/hospitality-pbx-solution\/\",\"name\":\"Solution PBX d'Hospitalit\u00e9 - Dialexia\",\"isPartOf\":{\"@id\":\"https:\/\/dialexia.com\/#website\"},\"primaryImageOfPage\":{\"@id\":\"https:\/\/dialexia.com\/fr\/hospitality-pbx-solution\/#primaryimage\"},\"image\":{\"@id\":\"https:\/\/dialexia.com\/fr\/hospitality-pbx-solution\/#primaryimage\"},\"thumbnailUrl\":\"https:\/\/dialexia.com\/wp-content\/uploads\/2021\/10\/03-2.png\",\"datePublished\":\"2021-10-29T17:50:00+00:00\",\"dateModified\":\"2022-01-09T21:52:49+00:00\",\"breadcrumb\":{\"@id\":\"https:\/\/dialexia.com\/fr\/hospitality-pbx-solution\/#breadcrumb\"},\"inLanguage\":\"fr-FR\",\"potentialAction\":[{\"@type\":\"ReadAction\",\"target\":[\"https:\/\/dialexia.com\/fr\/hospitality-pbx-solution\/\"]}]},{\"@type\":\"ImageObject\",\"inLanguage\":\"fr-FR\",\"@id\":\"https:\/\/dialexia.com\/fr\/hospitality-pbx-solution\/#primaryimage\",\"url\":\"https:\/\/dialexia.com\/wp-content\/uploads\/2021\/10\/03-2.png\",\"contentUrl\":\"https:\/\/dialexia.com\/wp-content\/uploads\/2021\/10\/03-2.png\"},{\"@type\":\"BreadcrumbList\",\"@id\":\"https:\/\/dialexia.com\/fr\/hospitality-pbx-solution\/#breadcrumb\",\"itemListElement\":[{\"@type\":\"ListItem\",\"position\":1,\"name\":\"Home\",\"item\":\"https:\/\/dialexia.com\/fr\/\"},{\"@type\":\"ListItem\",\"position\":2,\"name\":\"Solution PBX d&rsquo;Hospitalit\u00e9\"}]},{\"@type\":\"WebSite\",\"@id\":\"https:\/\/dialexia.com\/#website\",\"url\":\"https:\/\/dialexia.com\/\",\"name\":\"Dialexia - Breaking Communications Barrier\",\"description\":\"PBX solutions that break communications barriers\",\"publisher\":{\"@id\":\"https:\/\/dialexia.com\/#organization\"},\"potentialAction\":[{\"@type\":\"SearchAction\",\"target\":{\"@type\":\"EntryPoint\",\"urlTemplate\":\"https:\/\/dialexia.com\/?s={search_term_string}\"},\"query-input\":\"required name=search_term_string\"}],\"inLanguage\":\"fr-FR\"},{\"@type\":\"Organization\",\"@id\":\"https:\/\/dialexia.com\/#organization\",\"name\":\"Dialexia - Breaking Communications Barrier\",\"url\":\"https:\/\/dialexia.com\/\",\"logo\":{\"@type\":\"ImageObject\",\"inLanguage\":\"fr-FR\",\"@id\":\"https:\/\/dialexia.com\/#\/schema\/logo\/image\/\",\"url\":\"https:\/\/dialexia.com\/wp-content\/uploads\/2020\/09\/Dialexia_Logo.png\",\"contentUrl\":\"https:\/\/dialexia.com\/wp-content\/uploads\/2020\/09\/Dialexia_Logo.png\",\"width\":1408,\"height\":331,\"caption\":\"Dialexia - Breaking Communications Barrier\"},\"image\":{\"@id\":\"https:\/\/dialexia.com\/#\/schema\/logo\/image\/\"},\"sameAs\":[\"https:\/\/www.facebook.com\/Dialexia.Communications\/\",\"https:\/\/x.com\/dialexia\",\"https:\/\/www.linkedin.com\/company\/dialexia-communications\/\"]}]}<\/script>\n<!-- \/ Yoast SEO plugin. -->","yoast_head_json":{"title":"Solution PBX d'Hospitalit\u00e9 - Dialexia","robots":{"index":"index","follow":"follow","max-snippet":"max-snippet:-1","max-image-preview":"max-image-preview:large","max-video-preview":"max-video-preview:-1"},"canonical":"https:\/\/dialexia.com\/fr\/hospitality-pbx-solution\/","og_locale":"fr_FR","og_type":"article","og_title":"Solution PBX d'Hospitalit\u00e9 - Dialexia","og_description":"Cloud-Based Hospitality PBX Solution for Hotels &amp; Resorts Bas\u00e9 sur la plate-forme PBX cloud prim\u00e9e de Dialexia, HERO Hospitality est une solution PBX d&rsquo;accueil con\u00e7ue sp\u00e9cifiquement pour les h\u00f4tels, les complexes h\u00f4teliers et autres environnements d&rsquo;accueil, y compris les logements militaires et gouvernementaux. L&rsquo;application offre des capacit\u00e9s de gestion et de facturation de syst\u00e8mes t\u00e9l\u00e9phoniques [&hellip;]","og_url":"https:\/\/dialexia.com\/fr\/hospitality-pbx-solution\/","og_site_name":"Dialexia","article_publisher":"https:\/\/www.facebook.com\/Dialexia.Communications\/","article_modified_time":"2022-01-09T21:52:49+00:00","og_image":[{"url":"https:\/\/dialexia.com\/wp-content\/uploads\/2021\/10\/03-2.png"}],"twitter_card":"summary_large_image","twitter_site":"@dialexia","twitter_misc":{"Dur\u00e9e de lecture estim\u00e9e":"2 minutes"},"schema":{"@context":"https:\/\/schema.org","@graph":[{"@type":"WebPage","@id":"https:\/\/dialexia.com\/fr\/hospitality-pbx-solution\/","url":"https:\/\/dialexia.com\/fr\/hospitality-pbx-solution\/","name":"Solution PBX d'Hospitalit\u00e9 - Dialexia","isPartOf":{"@id":"https:\/\/dialexia.com\/#website"},"primaryImageOfPage":{"@id":"https:\/\/dialexia.com\/fr\/hospitality-pbx-solution\/#primaryimage"},"image":{"@id":"https:\/\/dialexia.com\/fr\/hospitality-pbx-solution\/#primaryimage"},"thumbnailUrl":"https:\/\/dialexia.com\/wp-content\/uploads\/2021\/10\/03-2.png","datePublished":"2021-10-29T17:50:00+00:00","dateModified":"2022-01-09T21:52:49+00:00","breadcrumb":{"@id":"https:\/\/dialexia.com\/fr\/hospitality-pbx-solution\/#breadcrumb"},"inLanguage":"fr-FR","potentialAction":[{"@type":"ReadAction","target":["https:\/\/dialexia.com\/fr\/hospitality-pbx-solution\/"]}]},{"@type":"ImageObject","inLanguage":"fr-FR","@id":"https:\/\/dialexia.com\/fr\/hospitality-pbx-solution\/#primaryimage","url":"https:\/\/dialexia.com\/wp-content\/uploads\/2021\/10\/03-2.png","contentUrl":"https:\/\/dialexia.com\/wp-content\/uploads\/2021\/10\/03-2.png"},{"@type":"BreadcrumbList","@id":"https:\/\/dialexia.com\/fr\/hospitality-pbx-solution\/#breadcrumb","itemListElement":[{"@type":"ListItem","position":1,"name":"Home","item":"https:\/\/dialexia.com\/fr\/"},{"@type":"ListItem","position":2,"name":"Solution PBX d&rsquo;Hospitalit\u00e9"}]},{"@type":"WebSite","@id":"https:\/\/dialexia.com\/#website","url":"https:\/\/dialexia.com\/","name":"Dialexia - Breaking Communications Barrier","description":"PBX solutions that break communications barriers","publisher":{"@id":"https:\/\/dialexia.com\/#organization"},"potentialAction":[{"@type":"SearchAction","target":{"@type":"EntryPoint","urlTemplate":"https:\/\/dialexia.com\/?s={search_term_string}"},"query-input":"required name=search_term_string"}],"inLanguage":"fr-FR"},{"@type":"Organization","@id":"https:\/\/dialexia.com\/#organization","name":"Dialexia - Breaking Communications Barrier","url":"https:\/\/dialexia.com\/","logo":{"@type":"ImageObject","inLanguage":"fr-FR","@id":"https:\/\/dialexia.com\/#\/schema\/logo\/image\/","url":"https:\/\/dialexia.com\/wp-content\/uploads\/2020\/09\/Dialexia_Logo.png","contentUrl":"https:\/\/dialexia.com\/wp-content\/uploads\/2020\/09\/Dialexia_Logo.png","width":1408,"height":331,"caption":"Dialexia - Breaking Communications Barrier"},"image":{"@id":"https:\/\/dialexia.com\/#\/schema\/logo\/image\/"},"sameAs":["https:\/\/www.facebook.com\/Dialexia.Communications\/","https:\/\/x.com\/dialexia","https:\/\/www.linkedin.com\/company\/dialexia-communications\/"]}]}},"_links":{"self":[{"href":"https:\/\/dialexia.com\/fr\/wp-json\/wp\/v2\/pages\/6586","targetHints":{"allow":["GET"]}}],"collection":[{"href":"https:\/\/dialexia.com\/fr\/wp-json\/wp\/v2\/pages"}],"about":[{"href":"https:\/\/dialexia.com\/fr\/wp-json\/wp\/v2\/types\/page"}],"author":[{"embeddable":true,"href":"https:\/\/dialexia.com\/fr\/wp-json\/wp\/v2\/users\/2"}],"replies":[{"embeddable":true,"href":"https:\/\/dialexia.com\/fr\/wp-json\/wp\/v2\/comments?post=6586"}],"version-history":[{"count":8,"href":"https:\/\/dialexia.com\/fr\/wp-json\/wp\/v2\/pages\/6586\/revisions"}],"predecessor-version":[{"id":6686,"href":"https:\/\/dialexia.com\/fr\/wp-json\/wp\/v2\/pages\/6586\/revisions\/6686"}],"wp:attachment":[{"href":"https:\/\/dialexia.com\/fr\/wp-json\/wp\/v2\/media?parent=6586"}],"curies":[{"name":"wp","href":"https:\/\/api.w.org\/{rel}","templated":true}]}}